{"id":3036,"date":"2020-05-27T10:32:49","date_gmt":"2020-05-27T08:32:49","guid":{"rendered":"https:\/\/komma.ostfalia.de\/?page_id=3036"},"modified":"2021-03-26T18:24:19","modified_gmt":"2021-03-26T17:24:19","slug":"ergebnisse","status":"publish","type":"page","link":"https:\/\/komma.ostfalia.de\/index.php\/verflechtungsstrukturen\/ergebnisse\/","title":{"rendered":"Senderbezogene Ergebnisse"},"content":{"rendered":"\t\t<div data-elementor-type=\"wp-page\" data-elementor-id=\"3036\" class=\"elementor elementor-3036\">\n\t\t\t\t\t\t<section class=\"elementor-section elementor-top-section elementor-element elementor-element-3c47972 elementor-section-height-min-height elementor-section-full_width elementor-section-height-default elementor-section-items-middle\" data-id=\"3c47972\" data-element_type=\"section\" data-settings=\"{&quot;background_background&quot;:&quot;classic&quot;}\">\n\t\t\t\t\t\t<div class=\"elementor-container elementor-column-gap-default\">\n\t\t\t\t\t<div class=\"elementor-column elementor-col-100 elementor-top-column elementor-element elementor-element-6124bf61 raven-column-flex-horizontal\" data-id=\"6124bf61\" data-element_type=\"column\">\n\t\t\t<div class=\"elementor-widget-wrap elementor-element-populated\">\n\t\t\t\t\t\t<div class=\"elementor-element elementor-element-4f41d020 elementor-widget elementor-widget-raven-image\" data-id=\"4f41d020\" data-element_type=\"widget\" data-widget_type=\"raven-image.default\">\n\t\t\t\t<div class=\"elementor-widget-container\">\n\t\t\t\t\t<div class=\"raven-image\">\n\t\t\n\t\t\n\t\t<img decoding=\"async\" src=\"https:\/\/komma.ostfalia.de\/wp-content\/uploads\/2020\/05\/verflechtungsstrukturen-logo-inverted.svg\" title=\"\" alt=\"\" loading=\"lazy\" \/>\t\t<\/div>\n\t\t\t\t<\/div>\n\t\t\t\t<\/div>\n\t\t\t\t<div class=\"elementor-element elementor-element-63e5a7a2 elementor-widget elementor-widget-raven-image\" data-id=\"63e5a7a2\" data-element_type=\"widget\" data-widget_type=\"raven-image.default\">\n\t\t\t\t<div class=\"elementor-widget-container\">\n\t\t\t\t\t<div class=\"raven-image\">\n\t\t\n\t\t\n\t\t<img decoding=\"async\" src=\"https:\/\/komma.ostfalia.de\/wp-content\/uploads\/2020\/05\/verflechtungsstrukturen-logo-inverted.svg\" title=\"\" alt=\"\" loading=\"lazy\" \/>\t\t<\/div>\n\t\t\t\t<\/div>\n\t\t\t\t<\/div>\n\t\t\t\t<div class=\"elementor-element elementor-element-4e5b9bd elementor-widget elementor-widget-raven-image\" data-id=\"4e5b9bd\" data-element_type=\"widget\" data-widget_type=\"raven-image.default\">\n\t\t\t\t<div class=\"elementor-widget-container\">\n\t\t\t\t\t<div class=\"raven-image\">\n\t\t\n\t\t\t\t\t\t<a href=\"https:\/\/komma.ostfalia.de\/verflechtungsstrukturen\/\" class=\"elementor-clickable\" data-elementor-open-lightbox=\"\">\n\t\t\n\t\t<img decoding=\"async\" width=\"354\" height=\"50\" src=\"https:\/\/komma.ostfalia.de\/wp-content\/uploads\/2020\/05\/verflechtungsstrukturen-logo-inverted.svg\" class=\"attachment-full size-full wp-image-3019\" alt=\"\" \/>\t\t\t<\/a>\n\t\t\t\t\t<\/div>\n\t\t\t\t<\/div>\n\t\t\t\t<\/div>\n\t\t\t\t<div class=\"elementor-element elementor-element-e14f6ba elementor-widget elementor-widget-raven-flex-spacer\" data-id=\"e14f6ba\" data-element_type=\"widget\" data-widget_type=\"raven-flex-spacer.default\">\n\t\t\t\t<div class=\"elementor-widget-container\">\n\t\t\t\t\t\t<div class=\"raven-spacer\">&nbsp;<\/div>\n\t\t\t\t<\/div>\n\t\t\t\t<\/div>\n\t\t\t\t<div class=\"elementor-element elementor-element-4dc907a6 elementor-widget elementor-widget-raven-image\" data-id=\"4dc907a6\" data-element_type=\"widget\" data-widget_type=\"raven-image.default\">\n\t\t\t\t<div class=\"elementor-widget-container\">\n\t\t\t\t\t<div class=\"raven-image\">\n\t\t\n\t\t\n\t\t<img decoding=\"async\" src=\"https:\/\/komma.ostfalia.de\/wp-content\/uploads\/2020\/05\/verflechtungsstrukturen-logo-inverted.png\" title=\"\" alt=\"\" loading=\"lazy\" \/>\t\t<\/div>\n\t\t\t\t<\/div>\n\t\t\t\t<\/div>\n\t\t\t\t<div class=\"elementor-element elementor-element-2105ab2a raven-breakpoint-tablet raven-nav-menu-align-center raven-tablet-nav-menu-align-center raven-mobile-nav-menu-align-left elementor-widget elementor-widget-raven-nav-menu\" data-id=\"2105ab2a\" data-element_type=\"widget\" data-settings=\"{&quot;mobile_layout&quot;:&quot;full-screen&quot;,&quot;submenu_icon&quot;:&quot;&lt;svg 0=\\&quot;fas fa-chevron-down\\&quot; class=\\&quot;e-font-icon-svg e-fas-chevron-down\\&quot;&gt;\\n\\t\\t\\t\\t\\t&lt;use xlink:href=\\&quot;#fas-chevron-down\\&quot;&gt;\\n\\t\\t\\t\\t\\t\\t&lt;symbol id=\\&quot;fas-chevron-down\\&quot; viewBox=\\&quot;0 0 448 512\\&quot;&gt;\\n\\t\\t\\t\\t\\t\\t\\t&lt;path d=\\&quot;M207.029 381.476L12.686 187.132c-9.373-9.373-9.373-24.569 0-33.941l22.667-22.667c9.357-9.357 24.522-9.375 33.901-.04L224 284.505l154.745-154.021c9.379-9.335 24.544-9.317 33.901.04l22.667 22.667c9.373 9.373 9.373 24.569 0 33.941L240.971 381.476c-9.373 9.372-24.569 9.372-33.942 0z\\&quot;&gt;&lt;\\\/path&gt;\\n\\t\\t\\t\\t\\t\\t&lt;\\\/symbol&gt;\\n\\t\\t\\t\\t\\t&lt;\\\/use&gt;\\n\\t\\t\\t\\t&lt;\\\/svg&gt;&quot;,&quot;submenu_space_between&quot;:{&quot;unit&quot;:&quot;px&quot;,&quot;size&quot;:&quot;&quot;,&quot;sizes&quot;:[]},&quot;submenu_opening_position&quot;:&quot;bottom&quot;,&quot;mobile_menu_item_full_width&quot;:&quot;no&quot;}\" data-widget_type=\"raven-nav-menu.default\">\n\t\t\t\t<div class=\"elementor-widget-container\">\n\t\t\t\t\t<nav class=\"raven-nav-menu-main raven-nav-menu-horizontal raven-nav-menu-tablet-horizontal raven-nav-menu-mobile-horizontal raven-nav-icons-hidden-desktop raven-nav-icons-hidden-tablet raven-nav-icons-hidden-mobile\">\n\t\t\t<ul id=\"menu-2105ab2a\" class=\"raven-nav-menu\"><li class=\"menu-item menu-item-type-post_type menu-item-object-page menu-item-4887\"><a href=\"https:\/\/komma.ostfalia.de\/index.php\/verflechtungsstrukturen\/\" class=\"raven-menu-item raven-link-item \">Netzwerk<\/a><\/li>\n<li class=\"menu-item menu-item-type-post_type menu-item-object-page menu-item-5259\"><a href=\"https:\/\/komma.ostfalia.de\/index.php\/verflechtungsstrukturen\/methode\/\" class=\"raven-menu-item raven-link-item \">Methode<\/a><\/li>\n<li class=\"menu-item menu-item-type-post_type menu-item-object-page menu-item-3044\"><a href=\"https:\/\/komma.ostfalia.de\/index.php\/verflechtungsstrukturen\/ergebnisse\/\" class=\"raven-menu-item raven-link-item \">Ergebnisse<\/a><\/li>\n<li class=\"menu-item menu-item-type-custom menu-item-object-custom menu-item-has-children menu-item-5485\"><a href=\"#\" class=\"raven-menu-item raven-link-item \">Impressum<\/a>\n<ul class=\"0 sub-menu raven-submenu\">\n\t<li class=\"menu-item menu-item-type-post_type menu-item-object-page menu-item-5482\"><a href=\"https:\/\/komma.ostfalia.de\/index.php\/verflechtungsstrukturen\/impressum\/\" class=\"raven-submenu-item raven-link-item \">Impressum<\/a><\/li>\n\t<li class=\"menu-item menu-item-type-post_type menu-item-object-page menu-item-5484\"><a href=\"https:\/\/komma.ostfalia.de\/index.php\/verflechtungsstrukturen\/ansprechpartner\/\" class=\"raven-submenu-item raven-link-item \">Ansprechpartner<\/a><\/li>\n\t<li class=\"menu-item menu-item-type-post_type menu-item-object-page menu-item-5483\"><a href=\"https:\/\/komma.ostfalia.de\/index.php\/verflechtungsstrukturen\/datenschutzerlaerung\/\" class=\"raven-submenu-item raven-link-item \">Datenschutzerl\u00e4rung<\/a><\/li>\n\t<li class=\"menu-item menu-item-type-post_type menu-item-object-page menu-item-5427\"><a href=\"https:\/\/komma.ostfalia.de\/index.php\/verflechtungsstrukturen\/veroeffentlichungen-presse\/\" class=\"raven-submenu-item raven-link-item \">Ver\u00f6ffentlichungen &#038; Presse<\/a><\/li>\n<\/ul>\n<\/li>\n<\/ul>\t\t<\/nav>\n\n\t\t<div class=\"raven-nav-menu-toggle\">\n\n\t\t\t\t\t\t<div class=\"raven-nav-menu-toggle-button \">\n\t\t\t\t\n\t\t\t\t<div class=\"hamburger hamburger--vortex\">\n\t\t\t\t\t<div class=\"hamburger-box\">\n\t\t\t\t\t\t<div class=\"hamburger-inner\"><\/div>\n\t\t\t\t\t<\/div>\n\t\t\t\t<\/div>\n\t\t\t\t\t\t\t\t<\/div>\n\n\t\t<\/div>\n\t\t<nav class=\"raven-nav-icons-hidden-desktop raven-nav-icons-hidden-tablet raven-nav-icons-hidden-mobile raven-nav-menu-mobile raven-nav-menu-full-screen\">\n\t\t\t\t\t\t\t\t\t\t<div class=\"raven-nav-menu-close-button\">\n\t\t\t\t\t<span class=\"raven-nav-menu-close-icon\">&times;<\/span>\n\t\t\t\t<\/div>\n\t\t\t\t\t\t<div class=\"raven-container\">\n\t\t\t\t<ul id=\"menu-mobile-2105ab2a\" class=\"raven-nav-menu\"><li class=\"menu-item menu-item-type-post_type menu-item-object-page menu-item-4887\"><a href=\"https:\/\/komma.ostfalia.de\/index.php\/verflechtungsstrukturen\/\" class=\"raven-menu-item raven-link-item \">Netzwerk<\/a><\/li>\n<li class=\"menu-item menu-item-type-post_type menu-item-object-page menu-item-5259\"><a href=\"https:\/\/komma.ostfalia.de\/index.php\/verflechtungsstrukturen\/methode\/\" class=\"raven-menu-item raven-link-item \">Methode<\/a><\/li>\n<li class=\"menu-item menu-item-type-post_type menu-item-object-page menu-item-3044\"><a href=\"https:\/\/komma.ostfalia.de\/index.php\/verflechtungsstrukturen\/ergebnisse\/\" class=\"raven-menu-item raven-link-item \">Ergebnisse<\/a><\/li>\n<li class=\"menu-item menu-item-type-custom menu-item-object-custom menu-item-has-children menu-item-5485\"><a href=\"#\" class=\"raven-menu-item raven-link-item \">Impressum<\/a>\n<ul class=\"0 sub-menu raven-submenu\">\n\t<li class=\"menu-item menu-item-type-post_type menu-item-object-page menu-item-5482\"><a href=\"https:\/\/komma.ostfalia.de\/index.php\/verflechtungsstrukturen\/impressum\/\" class=\"raven-submenu-item raven-link-item \">Impressum<\/a><\/li>\n\t<li class=\"menu-item menu-item-type-post_type menu-item-object-page menu-item-5484\"><a href=\"https:\/\/komma.ostfalia.de\/index.php\/verflechtungsstrukturen\/ansprechpartner\/\" class=\"raven-submenu-item raven-link-item \">Ansprechpartner<\/a><\/li>\n\t<li class=\"menu-item menu-item-type-post_type menu-item-object-page menu-item-5483\"><a href=\"https:\/\/komma.ostfalia.de\/index.php\/verflechtungsstrukturen\/datenschutzerlaerung\/\" class=\"raven-submenu-item raven-link-item \">Datenschutzerl\u00e4rung<\/a><\/li>\n\t<li class=\"menu-item menu-item-type-post_type menu-item-object-page menu-item-5427\"><a href=\"https:\/\/komma.ostfalia.de\/index.php\/verflechtungsstrukturen\/veroeffentlichungen-presse\/\" class=\"raven-submenu-item raven-link-item \">Ver\u00f6ffentlichungen &#038; Presse<\/a><\/li>\n<\/ul>\n<\/li>\n<\/ul>\t\t\t<\/div>\n\t\t<\/nav>\n\t\t\t\t<\/div>\n\t\t\t\t<\/div>\n\t\t\t\t\t<\/div>\n\t\t<\/div>\n\t\t\t\t\t<\/div>\n\t\t<\/section>\n\t\t\t\t<section class=\"elementor-section elementor-top-section elementor-element elementor-element-0656edf elementor-section-full_width elementor-section-height-default elementor-section-height-default\" data-id=\"0656edf\" data-element_type=\"section\">\n\t\t\t\t\t\t<div class=\"elementor-container elementor-column-gap-default\">\n\t\t\t\t\t<div class=\"elementor-column elementor-col-100 elementor-top-column elementor-element elementor-element-c7f3855\" data-id=\"c7f3855\" data-element_type=\"column\">\n\t\t\t<div class=\"elementor-widget-wrap\">\n\t\t\t\t\t\t\t<\/div>\n\t\t<\/div>\n\t\t\t\t\t<\/div>\n\t\t<\/section>\n\t\t\t\t<\/div>\n\t\t","protected":false},"excerpt":{"rendered":"<p>&nbsp; Netzwerk Methode Ergebnisse Impressum Impressum Team Datenschutzerl\u00e4rung Ver\u00f6ffentlichungen &#038; Presse &times; Netzwerk Methode Ergebnisse Impressum Impressum Team Datenschutzerl\u00e4rung Ver\u00f6ffentlichungen &#038; Presse<\/p>\n","protected":false},"author":9,"featured_media":0,"parent":2445,"menu_order":0,"comment_status":"closed","ping_status":"closed","template":"elementor_canvas","meta":{"_acf_changed":false,"footnotes":""},"acf":[],"yoast_head":"<title>Senderbezogene Ergebnisse - KomMa<\/title>\n<meta name=\"robots\" content=\"index, follow, max-snippet:-1, max-image-preview:large, max-video-preview:-1\" \/>\n<link rel=\"canonical\" href=\"https:\/\/komma.ostfalia.de\/index.php\/verflechtungsstrukturen\/ergebnisse\/\" \/>\n<meta property=\"og:locale\" content=\"de_DE\" \/>\n<meta property=\"og:type\" content=\"article\" \/>\n<meta property=\"og:title\" content=\"Senderbezogene Ergebnisse - KomMa\" \/>\n<meta property=\"og:description\" content=\"&nbsp; Netzwerk Methode Ergebnisse Impressum Impressum Team Datenschutzerl\u00e4rung Ver\u00f6ffentlichungen &#038; Presse &times; Netzwerk Methode Ergebnisse Impressum Impressum Team Datenschutzerl\u00e4rung Ver\u00f6ffentlichungen &#038; Presse\" \/>\n<meta property=\"og:url\" content=\"https:\/\/komma.ostfalia.de\/index.php\/verflechtungsstrukturen\/ergebnisse\/\" \/>\n<meta property=\"og:site_name\" content=\"KomMa\" \/>\n<meta property=\"article:modified_time\" content=\"2021-03-26T17:24:19+00:00\" \/>\n<meta property=\"og:image\" content=\"https:\/\/komma.ostfalia.de\/wp-content\/uploads\/2020\/05\/verflechtungsstrukturen-logo-inverted.svg\" \/>\n<meta name=\"twitter:card\" content=\"summary_large_image\" \/>\n<meta name=\"twitter:site\" content=\"@komma_ostfalia\" \/>\n<script type=\"application\/ld+json\" class=\"yoast-schema-graph\">{\"@context\":\"https:\/\/schema.org\",\"@graph\":[{\"@type\":\"WebPage\",\"@id\":\"https:\/\/komma.ostfalia.de\/index.php\/verflechtungsstrukturen\/ergebnisse\/\",\"url\":\"https:\/\/komma.ostfalia.de\/index.php\/verflechtungsstrukturen\/ergebnisse\/\",\"name\":\"Senderbezogene Ergebnisse - KomMa\",\"isPartOf\":{\"@id\":\"https:\/\/komma.ostfalia.de\/#website\"},\"primaryImageOfPage\":{\"@id\":\"https:\/\/komma.ostfalia.de\/index.php\/verflechtungsstrukturen\/ergebnisse\/#primaryimage\"},\"image\":{\"@id\":\"https:\/\/komma.ostfalia.de\/index.php\/verflechtungsstrukturen\/ergebnisse\/#primaryimage\"},\"thumbnailUrl\":\"https:\/\/komma.ostfalia.de\/wp-content\/uploads\/2020\/05\/verflechtungsstrukturen-logo-inverted.svg\",\"datePublished\":\"2020-05-27T08:32:49+00:00\",\"dateModified\":\"2021-03-26T17:24:19+00:00\",\"breadcrumb\":{\"@id\":\"https:\/\/komma.ostfalia.de\/index.php\/verflechtungsstrukturen\/ergebnisse\/#breadcrumb\"},\"inLanguage\":\"de\",\"potentialAction\":[{\"@type\":\"ReadAction\",\"target\":[\"https:\/\/komma.ostfalia.de\/index.php\/verflechtungsstrukturen\/ergebnisse\/\"]}]},{\"@type\":\"ImageObject\",\"inLanguage\":\"de\",\"@id\":\"https:\/\/komma.ostfalia.de\/index.php\/verflechtungsstrukturen\/ergebnisse\/#primaryimage\",\"url\":\"https:\/\/komma.ostfalia.de\/wp-content\/uploads\/2020\/05\/verflechtungsstrukturen-logo-inverted.svg\",\"contentUrl\":\"https:\/\/komma.ostfalia.de\/wp-content\/uploads\/2020\/05\/verflechtungsstrukturen-logo-inverted.svg\",\"width\":353.8,\"height\":50},{\"@type\":\"BreadcrumbList\",\"@id\":\"https:\/\/komma.ostfalia.de\/index.php\/verflechtungsstrukturen\/ergebnisse\/#breadcrumb\",\"itemListElement\":[{\"@type\":\"ListItem\",\"position\":1,\"name\":\"Startseite\",\"item\":\"https:\/\/komma.ostfalia.de\/\"},{\"@type\":\"ListItem\",\"position\":2,\"name\":\"Verflechtungsstrukturen\",\"item\":\"https:\/\/komma.ostfalia.de\/index.php\/verflechtungsstrukturen\/\"},{\"@type\":\"ListItem\",\"position\":3,\"name\":\"Senderbezogene Ergebnisse\"}]},{\"@type\":\"WebSite\",\"@id\":\"https:\/\/komma.ostfalia.de\/#website\",\"url\":\"https:\/\/komma.ostfalia.de\/\",\"name\":\"KomMa\",\"description\":\"Professur f\u00fcr Kommunikationsmanagement\",\"publisher\":{\"@id\":\"https:\/\/komma.ostfalia.de\/#organization\"},\"potentialAction\":[{\"@type\":\"SearchAction\",\"target\":{\"@type\":\"EntryPoint\",\"urlTemplate\":\"https:\/\/komma.ostfalia.de\/?s={search_term_string}\"},\"query-input\":\"required name=search_term_string\"}],\"inLanguage\":\"de\"},{\"@type\":\"Organization\",\"@id\":\"https:\/\/komma.ostfalia.de\/#organization\",\"name\":\"KomMa - Professur f\u00fcr Kommunikationsmanagement\",\"url\":\"https:\/\/komma.ostfalia.de\/\",\"logo\":{\"@type\":\"ImageObject\",\"inLanguage\":\"de\",\"@id\":\"https:\/\/komma.ostfalia.de\/#\/schema\/logo\/image\/\",\"url\":\"https:\/\/komma.ostfalia.de\/wp-content\/uploads\/2020\/05\/komma-signet.png\",\"contentUrl\":\"https:\/\/komma.ostfalia.de\/wp-content\/uploads\/2020\/05\/komma-signet.png\",\"width\":512,\"height\":512,\"caption\":\"KomMa - Professur f\u00fcr Kommunikationsmanagement\"},\"image\":{\"@id\":\"https:\/\/komma.ostfalia.de\/#\/schema\/logo\/image\/\"},\"sameAs\":[\"https:\/\/twitter.com\/komma_ostfalia\"]}]}<\/script>","yoast_head_json":{"title":"Senderbezogene Ergebnisse - KomMa","robots":{"index":"index","follow":"follow","max-snippet":"max-snippet:-1","max-image-preview":"max-image-preview:large","max-video-preview":"max-video-preview:-1"},"canonical":"https:\/\/komma.ostfalia.de\/index.php\/verflechtungsstrukturen\/ergebnisse\/","og_locale":"de_DE","og_type":"article","og_title":"Senderbezogene Ergebnisse - KomMa","og_description":"&nbsp; Netzwerk Methode Ergebnisse Impressum Impressum Team Datenschutzerl\u00e4rung Ver\u00f6ffentlichungen &#038; Presse &times; Netzwerk Methode Ergebnisse Impressum Impressum Team Datenschutzerl\u00e4rung Ver\u00f6ffentlichungen &#038; Presse","og_url":"https:\/\/komma.ostfalia.de\/index.php\/verflechtungsstrukturen\/ergebnisse\/","og_site_name":"KomMa","article_modified_time":"2021-03-26T17:24:19+00:00","og_image":[{"url":"https:\/\/komma.ostfalia.de\/wp-content\/uploads\/2020\/05\/verflechtungsstrukturen-logo-inverted.svg"}],"twitter_card":"summary_large_image","twitter_site":"@komma_ostfalia","schema":{"@context":"https:\/\/schema.org","@graph":[{"@type":"WebPage","@id":"https:\/\/komma.ostfalia.de\/index.php\/verflechtungsstrukturen\/ergebnisse\/","url":"https:\/\/komma.ostfalia.de\/index.php\/verflechtungsstrukturen\/ergebnisse\/","name":"Senderbezogene Ergebnisse - KomMa","isPartOf":{"@id":"https:\/\/komma.ostfalia.de\/#website"},"primaryImageOfPage":{"@id":"https:\/\/komma.ostfalia.de\/index.php\/verflechtungsstrukturen\/ergebnisse\/#primaryimage"},"image":{"@id":"https:\/\/komma.ostfalia.de\/index.php\/verflechtungsstrukturen\/ergebnisse\/#primaryimage"},"thumbnailUrl":"https:\/\/komma.ostfalia.de\/wp-content\/uploads\/2020\/05\/verflechtungsstrukturen-logo-inverted.svg","datePublished":"2020-05-27T08:32:49+00:00","dateModified":"2021-03-26T17:24:19+00:00","breadcrumb":{"@id":"https:\/\/komma.ostfalia.de\/index.php\/verflechtungsstrukturen\/ergebnisse\/#breadcrumb"},"inLanguage":"de","potentialAction":[{"@type":"ReadAction","target":["https:\/\/komma.ostfalia.de\/index.php\/verflechtungsstrukturen\/ergebnisse\/"]}]},{"@type":"ImageObject","inLanguage":"de","@id":"https:\/\/komma.ostfalia.de\/index.php\/verflechtungsstrukturen\/ergebnisse\/#primaryimage","url":"https:\/\/komma.ostfalia.de\/wp-content\/uploads\/2020\/05\/verflechtungsstrukturen-logo-inverted.svg","contentUrl":"https:\/\/komma.ostfalia.de\/wp-content\/uploads\/2020\/05\/verflechtungsstrukturen-logo-inverted.svg","width":353.8,"height":50},{"@type":"BreadcrumbList","@id":"https:\/\/komma.ostfalia.de\/index.php\/verflechtungsstrukturen\/ergebnisse\/#breadcrumb","itemListElement":[{"@type":"ListItem","position":1,"name":"Startseite","item":"https:\/\/komma.ostfalia.de\/"},{"@type":"ListItem","position":2,"name":"Verflechtungsstrukturen","item":"https:\/\/komma.ostfalia.de\/index.php\/verflechtungsstrukturen\/"},{"@type":"ListItem","position":3,"name":"Senderbezogene Ergebnisse"}]},{"@type":"WebSite","@id":"https:\/\/komma.ostfalia.de\/#website","url":"https:\/\/komma.ostfalia.de\/","name":"KomMa","description":"Professur f\u00fcr Kommunikationsmanagement","publisher":{"@id":"https:\/\/komma.ostfalia.de\/#organization"},"potentialAction":[{"@type":"SearchAction","target":{"@type":"EntryPoint","urlTemplate":"https:\/\/komma.ostfalia.de\/?s={search_term_string}"},"query-input":"required name=search_term_string"}],"inLanguage":"de"},{"@type":"Organization","@id":"https:\/\/komma.ostfalia.de\/#organization","name":"KomMa - Professur f\u00fcr Kommunikationsmanagement","url":"https:\/\/komma.ostfalia.de\/","logo":{"@type":"ImageObject","inLanguage":"de","@id":"https:\/\/komma.ostfalia.de\/#\/schema\/logo\/image\/","url":"https:\/\/komma.ostfalia.de\/wp-content\/uploads\/2020\/05\/komma-signet.png","contentUrl":"https:\/\/komma.ostfalia.de\/wp-content\/uploads\/2020\/05\/komma-signet.png","width":512,"height":512,"caption":"KomMa - Professur f\u00fcr Kommunikationsmanagement"},"image":{"@id":"https:\/\/komma.ostfalia.de\/#\/schema\/logo\/image\/"},"sameAs":["https:\/\/twitter.com\/komma_ostfalia"]}]}},"_links":{"self":[{"href":"https:\/\/komma.ostfalia.de\/index.php\/wp-json\/wp\/v2\/pages\/3036"}],"collection":[{"href":"https:\/\/komma.ostfalia.de\/index.php\/wp-json\/wp\/v2\/pages"}],"about":[{"href":"https:\/\/komma.ostfalia.de\/index.php\/wp-json\/wp\/v2\/types\/page"}],"author":[{"embeddable":true,"href":"https:\/\/komma.ostfalia.de\/index.php\/wp-json\/wp\/v2\/users\/9"}],"replies":[{"embeddable":true,"href":"https:\/\/komma.ostfalia.de\/index.php\/wp-json\/wp\/v2\/comments?post=3036"}],"version-history":[{"count":0,"href":"https:\/\/komma.ostfalia.de\/index.php\/wp-json\/wp\/v2\/pages\/3036\/revisions"}],"up":[{"embeddable":true,"href":"https:\/\/komma.ostfalia.de\/index.php\/wp-json\/wp\/v2\/pages\/2445"}],"wp:attachment":[{"href":"https:\/\/komma.ostfalia.de\/index.php\/wp-json\/wp\/v2\/media?parent=3036"}],"curies":[{"name":"wp","href":"https:\/\/api.w.org\/{rel}","templated":true}]}}