{"id":3034,"date":"2020-05-27T10:32:12","date_gmt":"2020-05-27T08:32:12","guid":{"rendered":"https:\/\/komma.ostfalia.de\/?page_id=3034"},"modified":"2021-03-29T14:24:23","modified_gmt":"2021-03-29T12:24:23","slug":"methode","status":"publish","type":"page","link":"https:\/\/komma.ostfalia.de\/index.php\/verflechtungsstrukturen\/methode\/","title":{"rendered":"Methode"},"content":{"rendered":"\t\t<div data-elementor-type=\"wp-page\" data-elementor-id=\"3034\" class=\"elementor elementor-3034\">\n\t\t\t\t\t\t<section class=\"elementor-section elementor-top-section elementor-element elementor-element-7627197 elementor-section-height-min-height elementor-section-full_width elementor-section-height-default elementor-section-items-middle\" data-id=\"7627197\" data-element_type=\"section\" data-settings=\"{&quot;background_background&quot;:&quot;classic&quot;}\">\n\t\t\t\t\t\t<div class=\"elementor-container elementor-column-gap-default\">\n\t\t\t\t\t<div class=\"elementor-column elementor-col-100 elementor-top-column elementor-element elementor-element-8ec4abf raven-column-flex-horizontal\" data-id=\"8ec4abf\" data-element_type=\"column\">\n\t\t\t<div class=\"elementor-widget-wrap elementor-element-populated\">\n\t\t\t\t\t\t<div class=\"elementor-element elementor-element-5a567796 elementor-widget elementor-widget-raven-image\" data-id=\"5a567796\" data-element_type=\"widget\" data-widget_type=\"raven-image.default\">\n\t\t\t\t<div class=\"elementor-widget-container\">\n\t\t\t\t\t<div class=\"raven-image\">\n\t\t\n\t\t\n\t\t<img decoding=\"async\" src=\"https:\/\/komma.ostfalia.de\/wp-content\/uploads\/2020\/05\/verflechtungsstrukturen-logo-inverted.svg\" title=\"\" alt=\"\" loading=\"lazy\" \/>\t\t<\/div>\n\t\t\t\t<\/div>\n\t\t\t\t<\/div>\n\t\t\t\t<div class=\"elementor-element elementor-element-2bc7cf6b elementor-widget elementor-widget-raven-image\" data-id=\"2bc7cf6b\" data-element_type=\"widget\" data-widget_type=\"raven-image.default\">\n\t\t\t\t<div class=\"elementor-widget-container\">\n\t\t\t\t\t<div class=\"raven-image\">\n\t\t\n\t\t\n\t\t<img decoding=\"async\" src=\"https:\/\/komma.ostfalia.de\/wp-content\/uploads\/2020\/05\/verflechtungsstrukturen-logo-inverted.svg\" title=\"\" alt=\"\" loading=\"lazy\" \/>\t\t<\/div>\n\t\t\t\t<\/div>\n\t\t\t\t<\/div>\n\t\t\t\t<div class=\"elementor-element elementor-element-5caac16d elementor-widget elementor-widget-raven-image\" data-id=\"5caac16d\" data-element_type=\"widget\" data-widget_type=\"raven-image.default\">\n\t\t\t\t<div class=\"elementor-widget-container\">\n\t\t\t\t\t<div class=\"raven-image\">\n\t\t\n\t\t\t\t\t\t<a href=\"https:\/\/komma.ostfalia.de\/verflechtungsstrukturen\/\" class=\"elementor-clickable\" data-elementor-open-lightbox=\"\">\n\t\t\n\t\t<img decoding=\"async\" width=\"354\" height=\"50\" src=\"https:\/\/komma.ostfalia.de\/wp-content\/uploads\/2020\/05\/verflechtungsstrukturen-logo-inverted.svg\" class=\"attachment-full size-full wp-image-3019\" alt=\"\" \/>\t\t\t<\/a>\n\t\t\t\t\t<\/div>\n\t\t\t\t<\/div>\n\t\t\t\t<\/div>\n\t\t\t\t<div class=\"elementor-element elementor-element-4fc751eb elementor-widget elementor-widget-raven-flex-spacer\" data-id=\"4fc751eb\" data-element_type=\"widget\" data-widget_type=\"raven-flex-spacer.default\">\n\t\t\t\t<div class=\"elementor-widget-container\">\n\t\t\t\t\t\t<div class=\"raven-spacer\">&nbsp;<\/div>\n\t\t\t\t<\/div>\n\t\t\t\t<\/div>\n\t\t\t\t<div class=\"elementor-element elementor-element-311f222 elementor-widget elementor-widget-raven-image\" data-id=\"311f222\" data-element_type=\"widget\" data-widget_type=\"raven-image.default\">\n\t\t\t\t<div class=\"elementor-widget-container\">\n\t\t\t\t\t<div class=\"raven-image\">\n\t\t\n\t\t\n\t\t<img decoding=\"async\" src=\"https:\/\/komma.ostfalia.de\/wp-content\/uploads\/2020\/05\/verflechtungsstrukturen-logo-inverted.png\" title=\"\" alt=\"\" loading=\"lazy\" \/>\t\t<\/div>\n\t\t\t\t<\/div>\n\t\t\t\t<\/div>\n\t\t\t\t<div class=\"elementor-element elementor-element-5e6a6a1e raven-breakpoint-tablet raven-nav-menu-align-center raven-tablet-nav-menu-align-center raven-mobile-nav-menu-align-left elementor-widget elementor-widget-raven-nav-menu\" data-id=\"5e6a6a1e\" data-element_type=\"widget\" data-settings=\"{&quot;mobile_layout&quot;:&quot;full-screen&quot;,&quot;submenu_icon&quot;:&quot;&lt;svg 0=\\&quot;fas fa-chevron-down\\&quot; class=\\&quot;e-font-icon-svg e-fas-chevron-down\\&quot;&gt;\\n\\t\\t\\t\\t\\t&lt;use xlink:href=\\&quot;#fas-chevron-down\\&quot;&gt;\\n\\t\\t\\t\\t\\t\\t&lt;symbol id=\\&quot;fas-chevron-down\\&quot; viewBox=\\&quot;0 0 448 512\\&quot;&gt;\\n\\t\\t\\t\\t\\t\\t\\t&lt;path d=\\&quot;M207.029 381.476L12.686 187.132c-9.373-9.373-9.373-24.569 0-33.941l22.667-22.667c9.357-9.357 24.522-9.375 33.901-.04L224 284.505l154.745-154.021c9.379-9.335 24.544-9.317 33.901.04l22.667 22.667c9.373 9.373 9.373 24.569 0 33.941L240.971 381.476c-9.373 9.372-24.569 9.372-33.942 0z\\&quot;&gt;&lt;\\\/path&gt;\\n\\t\\t\\t\\t\\t\\t&lt;\\\/symbol&gt;\\n\\t\\t\\t\\t\\t&lt;\\\/use&gt;\\n\\t\\t\\t\\t&lt;\\\/svg&gt;&quot;,&quot;submenu_space_between&quot;:{&quot;unit&quot;:&quot;px&quot;,&quot;size&quot;:&quot;&quot;,&quot;sizes&quot;:[]},&quot;submenu_opening_position&quot;:&quot;bottom&quot;,&quot;mobile_menu_item_full_width&quot;:&quot;no&quot;}\" data-widget_type=\"raven-nav-menu.default\">\n\t\t\t\t<div class=\"elementor-widget-container\">\n\t\t\t\t\t<nav class=\"raven-nav-menu-main raven-nav-menu-horizontal raven-nav-menu-tablet-horizontal raven-nav-menu-mobile-horizontal raven-nav-icons-hidden-desktop raven-nav-icons-hidden-tablet raven-nav-icons-hidden-mobile\">\n\t\t\t<ul id=\"menu-5e6a6a1e\" class=\"raven-nav-menu\"><li class=\"menu-item menu-item-type-post_type menu-item-object-page menu-item-4887\"><a href=\"https:\/\/komma.ostfalia.de\/index.php\/verflechtungsstrukturen\/\" class=\"raven-menu-item raven-link-item \">Netzwerk<\/a><\/li>\n<li class=\"menu-item menu-item-type-post_type menu-item-object-page menu-item-5259\"><a href=\"https:\/\/komma.ostfalia.de\/index.php\/verflechtungsstrukturen\/methode\/\" class=\"raven-menu-item raven-link-item \">Methode<\/a><\/li>\n<li class=\"menu-item menu-item-type-post_type menu-item-object-page menu-item-3044\"><a href=\"https:\/\/komma.ostfalia.de\/index.php\/verflechtungsstrukturen\/ergebnisse\/\" class=\"raven-menu-item raven-link-item \">Ergebnisse<\/a><\/li>\n<li class=\"menu-item menu-item-type-custom menu-item-object-custom menu-item-has-children menu-item-5485\"><a href=\"#\" class=\"raven-menu-item raven-link-item \">Impressum<\/a>\n<ul class=\"0 sub-menu raven-submenu\">\n\t<li class=\"menu-item menu-item-type-post_type menu-item-object-page menu-item-5482\"><a href=\"https:\/\/komma.ostfalia.de\/index.php\/verflechtungsstrukturen\/impressum\/\" class=\"raven-submenu-item raven-link-item \">Impressum<\/a><\/li>\n\t<li class=\"menu-item menu-item-type-post_type menu-item-object-page menu-item-5484\"><a href=\"https:\/\/komma.ostfalia.de\/index.php\/verflechtungsstrukturen\/ansprechpartner\/\" class=\"raven-submenu-item raven-link-item \">Ansprechpartner<\/a><\/li>\n\t<li class=\"menu-item menu-item-type-post_type menu-item-object-page menu-item-5483\"><a href=\"https:\/\/komma.ostfalia.de\/index.php\/verflechtungsstrukturen\/datenschutzerlaerung\/\" class=\"raven-submenu-item raven-link-item \">Datenschutzerl\u00e4rung<\/a><\/li>\n\t<li class=\"menu-item menu-item-type-post_type menu-item-object-page menu-item-5427\"><a href=\"https:\/\/komma.ostfalia.de\/index.php\/verflechtungsstrukturen\/veroeffentlichungen-presse\/\" class=\"raven-submenu-item raven-link-item \">Ver\u00f6ffentlichungen &#038; Presse<\/a><\/li>\n<\/ul>\n<\/li>\n<\/ul>\t\t<\/nav>\n\n\t\t<div class=\"raven-nav-menu-toggle\">\n\n\t\t\t\t\t\t<div class=\"raven-nav-menu-toggle-button \">\n\t\t\t\t\n\t\t\t\t<div class=\"hamburger hamburger--vortex\">\n\t\t\t\t\t<div class=\"hamburger-box\">\n\t\t\t\t\t\t<div class=\"hamburger-inner\"><\/div>\n\t\t\t\t\t<\/div>\n\t\t\t\t<\/div>\n\t\t\t\t\t\t\t\t<\/div>\n\n\t\t<\/div>\n\t\t<nav class=\"raven-nav-icons-hidden-desktop raven-nav-icons-hidden-tablet raven-nav-icons-hidden-mobile raven-nav-menu-mobile raven-nav-menu-full-screen\">\n\t\t\t\t\t\t\t\t\t\t<div class=\"raven-nav-menu-close-button\">\n\t\t\t\t\t<span class=\"raven-nav-menu-close-icon\">&times;<\/span>\n\t\t\t\t<\/div>\n\t\t\t\t\t\t<div class=\"raven-container\">\n\t\t\t\t<ul id=\"menu-mobile-5e6a6a1e\" class=\"raven-nav-menu\"><li class=\"menu-item menu-item-type-post_type menu-item-object-page menu-item-4887\"><a href=\"https:\/\/komma.ostfalia.de\/index.php\/verflechtungsstrukturen\/\" class=\"raven-menu-item raven-link-item \">Netzwerk<\/a><\/li>\n<li class=\"menu-item menu-item-type-post_type menu-item-object-page menu-item-5259\"><a href=\"https:\/\/komma.ostfalia.de\/index.php\/verflechtungsstrukturen\/methode\/\" class=\"raven-menu-item raven-link-item \">Methode<\/a><\/li>\n<li class=\"menu-item menu-item-type-post_type menu-item-object-page menu-item-3044\"><a href=\"https:\/\/komma.ostfalia.de\/index.php\/verflechtungsstrukturen\/ergebnisse\/\" class=\"raven-menu-item raven-link-item \">Ergebnisse<\/a><\/li>\n<li class=\"menu-item menu-item-type-custom menu-item-object-custom menu-item-has-children menu-item-5485\"><a href=\"#\" class=\"raven-menu-item raven-link-item \">Impressum<\/a>\n<ul class=\"0 sub-menu raven-submenu\">\n\t<li class=\"menu-item menu-item-type-post_type menu-item-object-page menu-item-5482\"><a href=\"https:\/\/komma.ostfalia.de\/index.php\/verflechtungsstrukturen\/impressum\/\" class=\"raven-submenu-item raven-link-item \">Impressum<\/a><\/li>\n\t<li class=\"menu-item menu-item-type-post_type menu-item-object-page menu-item-5484\"><a href=\"https:\/\/komma.ostfalia.de\/index.php\/verflechtungsstrukturen\/ansprechpartner\/\" class=\"raven-submenu-item raven-link-item \">Ansprechpartner<\/a><\/li>\n\t<li class=\"menu-item menu-item-type-post_type menu-item-object-page menu-item-5483\"><a href=\"https:\/\/komma.ostfalia.de\/index.php\/verflechtungsstrukturen\/datenschutzerlaerung\/\" class=\"raven-submenu-item raven-link-item \">Datenschutzerl\u00e4rung<\/a><\/li>\n\t<li class=\"menu-item menu-item-type-post_type menu-item-object-page menu-item-5427\"><a href=\"https:\/\/komma.ostfalia.de\/index.php\/verflechtungsstrukturen\/veroeffentlichungen-presse\/\" class=\"raven-submenu-item raven-link-item \">Ver\u00f6ffentlichungen &#038; Presse<\/a><\/li>\n<\/ul>\n<\/li>\n<\/ul>\t\t\t<\/div>\n\t\t<\/nav>\n\t\t\t\t<\/div>\n\t\t\t\t<\/div>\n\t\t\t\t\t<\/div>\n\t\t<\/div>\n\t\t\t\t\t<\/div>\n\t\t<\/section>\n\t\t\t\t<section class=\"elementor-section elementor-top-section elementor-element elementor-element-224bf69 elementor-section-boxed elementor-section-height-default elementor-section-height-default\" data-id=\"224bf69\" data-element_type=\"section\">\n\t\t\t\t\t\t<div class=\"elementor-container elementor-column-gap-default\">\n\t\t\t\t\t<div class=\"elementor-column elementor-col-100 elementor-top-column elementor-element elementor-element-155e4b1\" data-id=\"155e4b1\" data-element_type=\"column\">\n\t\t\t<div class=\"elementor-widget-wrap elementor-element-populated\">\n\t\t\t\t\t\t<div class=\"elementor-element elementor-element-605df796 elementor-widget elementor-widget-heading\" data-id=\"605df796\" data-element_type=\"widget\" data-widget_type=\"heading.default\">\n\t\t\t\t<div class=\"elementor-widget-container\">\n\t\t\t<h2 class=\"elementor-heading-title elementor-size-default\">Methode<\/h2>\t\t<\/div>\n\t\t\t\t<\/div>\n\t\t\t\t\t<\/div>\n\t\t<\/div>\n\t\t\t\t\t<\/div>\n\t\t<\/section>\n\t\t\t\t<section class=\"elementor-section elementor-top-section elementor-element elementor-element-3f7e9ea elementor-section-boxed elementor-section-height-default elementor-section-height-default\" data-id=\"3f7e9ea\" data-element_type=\"section\">\n\t\t\t\t\t\t<div class=\"elementor-container elementor-column-gap-default\">\n\t\t\t\t\t<div class=\"elementor-column elementor-col-100 elementor-top-column elementor-element elementor-element-69a3287\" data-id=\"69a3287\" data-element_type=\"column\">\n\t\t\t<div class=\"elementor-widget-wrap elementor-element-populated\">\n\t\t\t\t\t\t<div class=\"elementor-element elementor-element-4572dc4 elementor-widget elementor-widget-text-editor\" data-id=\"4572dc4\" data-element_type=\"widget\" data-widget_type=\"text-editor.default\">\n\t\t\t\t<div class=\"elementor-widget-container\">\n\t\t\t\t\t\t\t<p><b>Systematische Exploration<\/b><br \/>Zur Ermittlung der Verflechtungen deutscher TV-Sender wurden die Beteiligungsverh\u00e4ltnisse im \u00f6ffentlich-rechtlichen und privaten deutschen Fernsehen mithilfe einer explorative Recherche systematisch untersucht. Informationen aus unterschiedlichen Quellen mussten so verdichtet werden, dass sich die Darstellung auf die Beteiligungsstrukturen reduzieren l\u00e4sst, wobei das jeweilige Medium wie eine wissenschaftliche Quelle verwendet wurde.<br \/><span style=\"font-size: 1em;\"><br \/><b>Erhebungsquellen<\/b><br \/>Als Prim\u00e4r- und Sekund\u00e4rquellen wurden Gesch\u00e4ftsberichte aus deutschem Unternehmensregister bzw. Bundesanzeiger, KEF-Berichte (Kommission zur Ermittlung des Finanzbedarfs der Rundfunkanstalten), die Datenbank der KEK (Kommission zur Ermittlung der Konzentration im Medienbereich), Unternehmenswebseiten sowie aktuelle Pressemitteilungen und Online-Artikel verwendet. Im Fokus lagen zun\u00e4chst die f\u00fcnf gr\u00f6\u00dften TV-Sender: WDR, ZDF, RTL, NDR, SWR. Diese wurden im August 2015 noch um die Sender ProSieben und Sat.1 sowie um den Mitteldeutschen Rundfunk erweitert. Aufgrund der Dynamik in diesem Feld musste eine flexible und redaktionelle Methode gew\u00e4hlt werden.<\/span><\/p><p><span style=\"font-size: 1em;\"><b>Datenerhebung und -erfassung<br \/><\/b><\/span><span style=\"font-size: 1em;\">Neben dem Verflechtungsatlas sind senderbezogene Erkenntnisse in einem Organigramm und in Tabellenform erfasst. Die auf dieser Website dargestellten Daten beziehen sich auf das Gesch\u00e4ftsjahr 2019. Die letzte Datenerhebung wurde am 26.03.2020 durchgef\u00fchrt.<\/span><\/p><p><span style=\"font-weight: bold;\">Inhaltsanalyse zur Kategorisierung<\/span><br \/>Analog zur Methodik einer sozialwissenschaftlichen Inhaltsanalyse wurde ein Kategoriensystem zur Einordnung der Unternehmen nach T\u00e4tigkeitsfeld etabliert.\u00a0<\/p><p><b>Netzwerkanalytische Vorgehensweise<\/b><br \/>Aufgrund des hohen Aufwandes bei der manuellen Recherche und Visualisierung der Daten, wurde die explorative Methodik seit 2020 um eine netzwerkanalytische Vorgehensweise erg\u00e4nzt. Die netzwerkanalytische Vorgehensweise umfasst die Aufbereitung der Daten in Knoten (Unternehmen) und Kanten (Beteiligungsh\u00f6he), sowie die interaktive Visualisierung des ermittelten Graphen.<\/p>\t\t\t\t\t\t<\/div>\n\t\t\t\t<\/div>\n\t\t\t\t\t<\/div>\n\t\t<\/div>\n\t\t\t\t\t<\/div>\n\t\t<\/section>\n\t\t\t\t<\/div>\n\t\t","protected":false},"excerpt":{"rendered":"<p>&nbsp; Netzwerk Methode Ergebnisse Impressum Impressum Ansprechpartner Datenschutzerl\u00e4rung Ver\u00f6ffentlichungen &#038; Presse &times; Netzwerk Methode Ergebnisse Impressum Impressum Ansprechpartner Datenschutzerl\u00e4rung Ver\u00f6ffentlichungen &#038; Presse Methode Systematische ExplorationZur Ermittlung der Verflechtungen deutscher TV-Sender wurden die Beteiligungsverh\u00e4ltnisse im \u00f6ffentlich-rechtlichen und privaten deutschen Fernsehen mithilfe einer explorative Recherche systematisch untersucht. Informationen aus unterschiedlichen Quellen mussten so verdichtet werden, dass sich [&hellip;]<\/p>\n","protected":false},"author":1,"featured_media":0,"parent":2445,"menu_order":0,"comment_status":"closed","ping_status":"closed","template":"elementor_canvas","meta":{"_acf_changed":false,"footnotes":""},"acf":[],"yoast_head":"<title>Methode - KomMa<\/title>\n<meta name=\"robots\" content=\"index, follow, max-snippet:-1, max-image-preview:large, max-video-preview:-1\" \/>\n<link rel=\"canonical\" href=\"https:\/\/komma.ostfalia.de\/index.php\/verflechtungsstrukturen\/methode\/\" \/>\n<meta property=\"og:locale\" content=\"de_DE\" \/>\n<meta property=\"og:type\" content=\"article\" \/>\n<meta property=\"og:title\" content=\"Methode - KomMa\" \/>\n<meta property=\"og:description\" content=\"&nbsp; Netzwerk Methode Ergebnisse Impressum Impressum Ansprechpartner Datenschutzerl\u00e4rung Ver\u00f6ffentlichungen &#038; Presse &times; Netzwerk Methode Ergebnisse Impressum Impressum Ansprechpartner Datenschutzerl\u00e4rung Ver\u00f6ffentlichungen &#038; Presse Methode Systematische ExplorationZur Ermittlung der Verflechtungen deutscher TV-Sender wurden die Beteiligungsverh\u00e4ltnisse im \u00f6ffentlich-rechtlichen und privaten deutschen Fernsehen mithilfe einer explorative Recherche systematisch untersucht. Informationen aus unterschiedlichen Quellen mussten so verdichtet werden, dass sich [&hellip;]\" \/>\n<meta property=\"og:url\" content=\"https:\/\/komma.ostfalia.de\/index.php\/verflechtungsstrukturen\/methode\/\" \/>\n<meta property=\"og:site_name\" content=\"KomMa\" \/>\n<meta property=\"article:modified_time\" content=\"2021-03-29T12:24:23+00:00\" \/>\n<meta property=\"og:image\" content=\"https:\/\/komma.ostfalia.de\/wp-content\/uploads\/2020\/05\/verflechtungsstrukturen-logo-inverted.svg\" \/>\n<meta name=\"twitter:card\" content=\"summary_large_image\" \/>\n<meta name=\"twitter:site\" content=\"@komma_ostfalia\" \/>\n<meta name=\"twitter:label1\" content=\"Gesch\u00e4tzte Lesezeit\" \/>\n\t<meta name=\"twitter:data1\" content=\"1\u00a0Minute\" \/>\n<script type=\"application\/ld+json\" class=\"yoast-schema-graph\">{\"@context\":\"https:\/\/schema.org\",\"@graph\":[{\"@type\":\"WebPage\",\"@id\":\"https:\/\/komma.ostfalia.de\/index.php\/verflechtungsstrukturen\/methode\/\",\"url\":\"https:\/\/komma.ostfalia.de\/index.php\/verflechtungsstrukturen\/methode\/\",\"name\":\"Methode - KomMa\",\"isPartOf\":{\"@id\":\"https:\/\/komma.ostfalia.de\/#website\"},\"primaryImageOfPage\":{\"@id\":\"https:\/\/komma.ostfalia.de\/index.php\/verflechtungsstrukturen\/methode\/#primaryimage\"},\"image\":{\"@id\":\"https:\/\/komma.ostfalia.de\/index.php\/verflechtungsstrukturen\/methode\/#primaryimage\"},\"thumbnailUrl\":\"https:\/\/komma.ostfalia.de\/wp-content\/uploads\/2020\/05\/verflechtungsstrukturen-logo-inverted.svg\",\"datePublished\":\"2020-05-27T08:32:12+00:00\",\"dateModified\":\"2021-03-29T12:24:23+00:00\",\"breadcrumb\":{\"@id\":\"https:\/\/komma.ostfalia.de\/index.php\/verflechtungsstrukturen\/methode\/#breadcrumb\"},\"inLanguage\":\"de\",\"potentialAction\":[{\"@type\":\"ReadAction\",\"target\":[\"https:\/\/komma.ostfalia.de\/index.php\/verflechtungsstrukturen\/methode\/\"]}]},{\"@type\":\"ImageObject\",\"inLanguage\":\"de\",\"@id\":\"https:\/\/komma.ostfalia.de\/index.php\/verflechtungsstrukturen\/methode\/#primaryimage\",\"url\":\"https:\/\/komma.ostfalia.de\/wp-content\/uploads\/2020\/05\/verflechtungsstrukturen-logo-inverted.svg\",\"contentUrl\":\"https:\/\/komma.ostfalia.de\/wp-content\/uploads\/2020\/05\/verflechtungsstrukturen-logo-inverted.svg\",\"width\":353.8,\"height\":50},{\"@type\":\"BreadcrumbList\",\"@id\":\"https:\/\/komma.ostfalia.de\/index.php\/verflechtungsstrukturen\/methode\/#breadcrumb\",\"itemListElement\":[{\"@type\":\"ListItem\",\"position\":1,\"name\":\"Startseite\",\"item\":\"https:\/\/komma.ostfalia.de\/\"},{\"@type\":\"ListItem\",\"position\":2,\"name\":\"Verflechtungsstrukturen\",\"item\":\"https:\/\/komma.ostfalia.de\/index.php\/verflechtungsstrukturen\/\"},{\"@type\":\"ListItem\",\"position\":3,\"name\":\"Methode\"}]},{\"@type\":\"WebSite\",\"@id\":\"https:\/\/komma.ostfalia.de\/#website\",\"url\":\"https:\/\/komma.ostfalia.de\/\",\"name\":\"KomMa\",\"description\":\"Professur f\u00fcr Kommunikationsmanagement\",\"publisher\":{\"@id\":\"https:\/\/komma.ostfalia.de\/#organization\"},\"potentialAction\":[{\"@type\":\"SearchAction\",\"target\":{\"@type\":\"EntryPoint\",\"urlTemplate\":\"https:\/\/komma.ostfalia.de\/?s={search_term_string}\"},\"query-input\":\"required name=search_term_string\"}],\"inLanguage\":\"de\"},{\"@type\":\"Organization\",\"@id\":\"https:\/\/komma.ostfalia.de\/#organization\",\"name\":\"KomMa - Professur f\u00fcr Kommunikationsmanagement\",\"url\":\"https:\/\/komma.ostfalia.de\/\",\"logo\":{\"@type\":\"ImageObject\",\"inLanguage\":\"de\",\"@id\":\"https:\/\/komma.ostfalia.de\/#\/schema\/logo\/image\/\",\"url\":\"https:\/\/komma.ostfalia.de\/wp-content\/uploads\/2020\/05\/komma-signet.png\",\"contentUrl\":\"https:\/\/komma.ostfalia.de\/wp-content\/uploads\/2020\/05\/komma-signet.png\",\"width\":512,\"height\":512,\"caption\":\"KomMa - Professur f\u00fcr Kommunikationsmanagement\"},\"image\":{\"@id\":\"https:\/\/komma.ostfalia.de\/#\/schema\/logo\/image\/\"},\"sameAs\":[\"https:\/\/twitter.com\/komma_ostfalia\"]}]}<\/script>","yoast_head_json":{"title":"Methode - KomMa","robots":{"index":"index","follow":"follow","max-snippet":"max-snippet:-1","max-image-preview":"max-image-preview:large","max-video-preview":"max-video-preview:-1"},"canonical":"https:\/\/komma.ostfalia.de\/index.php\/verflechtungsstrukturen\/methode\/","og_locale":"de_DE","og_type":"article","og_title":"Methode - KomMa","og_description":"&nbsp; Netzwerk Methode Ergebnisse Impressum Impressum Ansprechpartner Datenschutzerl\u00e4rung Ver\u00f6ffentlichungen &#038; Presse &times; Netzwerk Methode Ergebnisse Impressum Impressum Ansprechpartner Datenschutzerl\u00e4rung Ver\u00f6ffentlichungen &#038; Presse Methode Systematische ExplorationZur Ermittlung der Verflechtungen deutscher TV-Sender wurden die Beteiligungsverh\u00e4ltnisse im \u00f6ffentlich-rechtlichen und privaten deutschen Fernsehen mithilfe einer explorative Recherche systematisch untersucht. Informationen aus unterschiedlichen Quellen mussten so verdichtet werden, dass sich [&hellip;]","og_url":"https:\/\/komma.ostfalia.de\/index.php\/verflechtungsstrukturen\/methode\/","og_site_name":"KomMa","article_modified_time":"2021-03-29T12:24:23+00:00","og_image":[{"url":"https:\/\/komma.ostfalia.de\/wp-content\/uploads\/2020\/05\/verflechtungsstrukturen-logo-inverted.svg"}],"twitter_card":"summary_large_image","twitter_site":"@komma_ostfalia","twitter_misc":{"Gesch\u00e4tzte Lesezeit":"1\u00a0Minute"},"schema":{"@context":"https:\/\/schema.org","@graph":[{"@type":"WebPage","@id":"https:\/\/komma.ostfalia.de\/index.php\/verflechtungsstrukturen\/methode\/","url":"https:\/\/komma.ostfalia.de\/index.php\/verflechtungsstrukturen\/methode\/","name":"Methode - KomMa","isPartOf":{"@id":"https:\/\/komma.ostfalia.de\/#website"},"primaryImageOfPage":{"@id":"https:\/\/komma.ostfalia.de\/index.php\/verflechtungsstrukturen\/methode\/#primaryimage"},"image":{"@id":"https:\/\/komma.ostfalia.de\/index.php\/verflechtungsstrukturen\/methode\/#primaryimage"},"thumbnailUrl":"https:\/\/komma.ostfalia.de\/wp-content\/uploads\/2020\/05\/verflechtungsstrukturen-logo-inverted.svg","datePublished":"2020-05-27T08:32:12+00:00","dateModified":"2021-03-29T12:24:23+00:00","breadcrumb":{"@id":"https:\/\/komma.ostfalia.de\/index.php\/verflechtungsstrukturen\/methode\/#breadcrumb"},"inLanguage":"de","potentialAction":[{"@type":"ReadAction","target":["https:\/\/komma.ostfalia.de\/index.php\/verflechtungsstrukturen\/methode\/"]}]},{"@type":"ImageObject","inLanguage":"de","@id":"https:\/\/komma.ostfalia.de\/index.php\/verflechtungsstrukturen\/methode\/#primaryimage","url":"https:\/\/komma.ostfalia.de\/wp-content\/uploads\/2020\/05\/verflechtungsstrukturen-logo-inverted.svg","contentUrl":"https:\/\/komma.ostfalia.de\/wp-content\/uploads\/2020\/05\/verflechtungsstrukturen-logo-inverted.svg","width":353.8,"height":50},{"@type":"BreadcrumbList","@id":"https:\/\/komma.ostfalia.de\/index.php\/verflechtungsstrukturen\/methode\/#breadcrumb","itemListElement":[{"@type":"ListItem","position":1,"name":"Startseite","item":"https:\/\/komma.ostfalia.de\/"},{"@type":"ListItem","position":2,"name":"Verflechtungsstrukturen","item":"https:\/\/komma.ostfalia.de\/index.php\/verflechtungsstrukturen\/"},{"@type":"ListItem","position":3,"name":"Methode"}]},{"@type":"WebSite","@id":"https:\/\/komma.ostfalia.de\/#website","url":"https:\/\/komma.ostfalia.de\/","name":"KomMa","description":"Professur f\u00fcr Kommunikationsmanagement","publisher":{"@id":"https:\/\/komma.ostfalia.de\/#organization"},"potentialAction":[{"@type":"SearchAction","target":{"@type":"EntryPoint","urlTemplate":"https:\/\/komma.ostfalia.de\/?s={search_term_string}"},"query-input":"required name=search_term_string"}],"inLanguage":"de"},{"@type":"Organization","@id":"https:\/\/komma.ostfalia.de\/#organization","name":"KomMa - Professur f\u00fcr Kommunikationsmanagement","url":"https:\/\/komma.ostfalia.de\/","logo":{"@type":"ImageObject","inLanguage":"de","@id":"https:\/\/komma.ostfalia.de\/#\/schema\/logo\/image\/","url":"https:\/\/komma.ostfalia.de\/wp-content\/uploads\/2020\/05\/komma-signet.png","contentUrl":"https:\/\/komma.ostfalia.de\/wp-content\/uploads\/2020\/05\/komma-signet.png","width":512,"height":512,"caption":"KomMa - Professur f\u00fcr Kommunikationsmanagement"},"image":{"@id":"https:\/\/komma.ostfalia.de\/#\/schema\/logo\/image\/"},"sameAs":["https:\/\/twitter.com\/komma_ostfalia"]}]}},"_links":{"self":[{"href":"https:\/\/komma.ostfalia.de\/index.php\/wp-json\/wp\/v2\/pages\/3034"}],"collection":[{"href":"https:\/\/komma.ostfalia.de\/index.php\/wp-json\/wp\/v2\/pages"}],"about":[{"href":"https:\/\/komma.ostfalia.de\/index.php\/wp-json\/wp\/v2\/types\/page"}],"author":[{"embeddable":true,"href":"https:\/\/komma.ostfalia.de\/index.php\/wp-json\/wp\/v2\/users\/1"}],"replies":[{"embeddable":true,"href":"https:\/\/komma.ostfalia.de\/index.php\/wp-json\/wp\/v2\/comments?post=3034"}],"version-history":[{"count":0,"href":"https:\/\/komma.ostfalia.de\/index.php\/wp-json\/wp\/v2\/pages\/3034\/revisions"}],"up":[{"embeddable":true,"href":"https:\/\/komma.ostfalia.de\/index.php\/wp-json\/wp\/v2\/pages\/2445"}],"wp:attachment":[{"href":"https:\/\/komma.ostfalia.de\/index.php\/wp-json\/wp\/v2\/media?parent=3034"}],"curies":[{"name":"wp","href":"https:\/\/api.w.org\/{rel}","templated":true}]}}