{"id":11052,"date":"2022-05-23T12:53:11","date_gmt":"2022-05-23T10:53:11","guid":{"rendered":"https:\/\/komma.ostfalia.de\/?page_id=11052"},"modified":"2022-05-23T12:58:05","modified_gmt":"2022-05-23T10:58:05","slug":"unterwegsdidaktik","status":"publish","type":"page","link":"https:\/\/komma.ostfalia.de\/index.php\/unterwegsdidaktik\/","title":{"rendered":"Unterwegsdidaktik"},"content":{"rendered":"\t\t<div data-elementor-type=\"wp-page\" data-elementor-id=\"11052\" class=\"elementor elementor-11052\">\n\t\t\t\t\t\t<section class=\"elementor-section elementor-top-section elementor-element elementor-element-86324fe elementor-section-boxed elementor-section-height-default elementor-section-height-default\" data-id=\"86324fe\" data-element_type=\"section\">\n\t\t\t\t\t\t<div class=\"elementor-container elementor-column-gap-default\">\n\t\t\t\t\t<div class=\"elementor-column elementor-col-50 elementor-top-column elementor-element elementor-element-3448c11\" data-id=\"3448c11\" data-element_type=\"column\">\n\t\t\t<div class=\"elementor-widget-wrap elementor-element-populated\">\n\t\t\t\t\t\t<div class=\"elementor-element elementor-element-8b26a38 elementor-widget elementor-widget-text-editor\" data-id=\"8b26a38\" data-element_type=\"widget\" data-widget_type=\"text-editor.default\">\n\t\t\t\t<div class=\"elementor-widget-container\">\n\t\t\t\t\t\t\t<p><strong>Projektleitung:\u00a0<\/strong><\/p><p>Prof. Dr. Harald Rau<\/p><p><strong>Projektlaufzeit:\u00a0<\/strong><\/p><p>2014<\/p>\t\t\t\t\t\t<\/div>\n\t\t\t\t<\/div>\n\t\t\t\t\t<\/div>\n\t\t<\/div>\n\t\t\t\t<div class=\"elementor-column elementor-col-50 elementor-top-column elementor-element elementor-element-c7f464e\" data-id=\"c7f464e\" data-element_type=\"column\">\n\t\t\t<div class=\"elementor-widget-wrap elementor-element-populated\">\n\t\t\t\t\t\t<div class=\"elementor-element elementor-element-a403aa5 elementor-widget elementor-widget-text-editor\" data-id=\"a403aa5\" data-element_type=\"widget\" data-widget_type=\"text-editor.default\">\n\t\t\t\t<div class=\"elementor-widget-container\">\n\t\t\t\t\t\t\t<p>Hochschullehrer sind regelm\u00e4\u00dfig an die direkte Lehre im H\u00f6rsaal gew\u00f6hnt, sie sind jedoch keine Bewegtbild-Profis: Dies gilt f\u00fcr den Auftritt vor der Kamera, f\u00fcr Diktion und didaktischer Umsetzung der Lehrinhalte. Die Erkenntnis, die jedes der Experimente zutage f\u00f6rdert: Die Arbeit vor der Kamera sowie \u201eStoryboarding\u201c, Konzeption, Bildkomposition und Nachbearbeitung erfordern hohes Know-how \u2013 und die Rolle des Hochschullehrers unterscheidet sich in dieser Situation diametral vom Auftritt im H\u00f6rsaal.<\/p><p>Vor diesem Hintergrund soll versucht werden, statt<br \/>audiovisueller, reine Audioangebote zu unterbreiten. Der zus\u00e4tzliche Vorteil,<br \/>der sich auf diese Weise bietet: Didaktik kann zur Podcast- und damit zur<br \/>Unterwegsdidaktik werden, in Autoradios oder \u00fcber den mp3-Player im<br \/>\u00d6ffentlichen Personen-Nahverkehr genutzt werden. Ziel des Projektes ist es, die<br \/>M\u00f6glichkeiten von H\u00f6rangeboten auszuloten. Nun stellen gute Audioangebote<br \/>ebenfalls vor Herausforderungen \u2013 der Antragsteller jedoch geht davon aus, dass<br \/>diese von deutlich geringerem Umfang sind, als dies im Rahmen von<br \/>\u201eBewegtbildlehre\u201c der Fall ist.<\/p><p>Eine bis zwei ausgew\u00e4hlte Lehrveranstaltungen sollen als Audio umgesetzt. Hierbei gibt es drei Ebenen:<\/p><p>\u00a0<\/p><p style=\"margin-left: 36.0pt; text-indent: -18.0pt; mso-list: l0 level1 lfo1; tab-stops: 35.45pt;\"><!-- [if !supportLists]-->1.)<span style=\"font-variant-numeric: normal; font-variant-east-asian: normal; font-stretch: normal; font-size: 7pt; line-height: normal; font-family: 'Times New Roman';\">\u00a0 <\/span><!--[endif]-->Audioproduktion als Vorlesungsinhalt, dazu Experteninterviews, die den Podcast-Charakter unterstreichen und die Lehrinhalte kolorieren. Die Interviews \u2013 mit ausgew\u00e4hlten Praktikern des Faches \u2013 geben zus\u00e4tzlich die Chance, die Inhalte der Lehrveranstaltungen direkt praxisgerecht zu verschr\u00e4nken.<\/p><p style=\"margin-left: 36.0pt; text-indent: -18.0pt; mso-list: l0 level1 lfo1; tab-stops: 35.45pt;\"><!-- [if !supportLists]-->2.)<span style=\"font-variant-numeric: normal; font-variant-east-asian: normal; font-stretch: normal; font-size: 7pt; line-height: normal; font-family: 'Times New Roman';\">\u00a0 <\/span><!--[endif]-->Skript in Form von Powerpoint- oder Keynote-Folien \u2013 alternative k\u00f6nnten hier auch die zus\u00e4tzlichen M\u00f6glichkeiten von Prezi-Pr\u00e4sentationen zus\u00e4tzlich ausgelotet werden. Das Audio wird solit\u00e4r und direkt per Softwarefunktion unter die Folien gelegt eingesetzt.<\/p><p style=\"margin-left: 36.0pt; text-indent: -18.0pt; mso-list: l0 level1 lfo1; tab-stops: 35.45pt;\"><!-- [if !supportLists]-->3.)<span style=\"font-variant-numeric: normal; font-variant-east-asian: normal; font-stretch: normal; font-size: 7pt; line-height: normal; font-family: 'Times New Roman';\">\u00a0 <\/span><!--[endif]-->Face-to-Face-Lehre im H\u00f6rsaal als begleitendes Angebot. Hier werden unterst\u00fctzende Inhalte angeboten \u2013 mit Aufgaben, Diskurs und eventuell Clicker-Abfragen.<\/p><p><strong>Ziele:\u00a0<\/strong><\/p><ul><li>Prototyperstellung f\u00fcr ein bis zwei ausgew\u00e4hlte Lehrveranstaltungen \u2013 als m\u00f6gliche Basisreferenz f\u00fcr weitere Projekte im Kollegenkreis.<\/li><li>Zusammenstellung von mobilem Equipment f\u00fcr die Audioproduktion mit Anschlussm\u00f6glichkeit an verf\u00fcgbare Systeme der Ostfalia.<\/li><li>Tutorengest\u00fctzte Konzeption von Audio, Skript und H\u00f6rsaal-Inhalten unter Beteiligung von Studierenden.<\/li><\/ul>\t\t\t\t\t\t<\/div>\n\t\t\t\t<\/div>\n\t\t\t\t\t<\/div>\n\t\t<\/div>\n\t\t\t\t\t<\/div>\n\t\t<\/section>\n\t\t\t\t<\/div>\n\t\t","protected":false},"excerpt":{"rendered":"<p>Projektleitung:\u00a0 Prof. Dr. Harald Rau Projektlaufzeit:\u00a0 2014 Hochschullehrer sind regelm\u00e4\u00dfig an die direkte Lehre im H\u00f6rsaal gew\u00f6hnt, sie sind jedoch keine Bewegtbild-Profis: Dies gilt f\u00fcr den Auftritt vor der Kamera, f\u00fcr Diktion und didaktischer Umsetzung der Lehrinhalte. Die Erkenntnis, die jedes der Experimente zutage f\u00f6rdert: Die Arbeit vor der Kamera sowie \u201eStoryboarding\u201c, Konzeption, Bildkomposition und [&hellip;]<\/p>\n","protected":false},"author":17,"featured_media":0,"parent":0,"menu_order":0,"comment_status":"closed","ping_status":"closed","template":"","meta":{"_acf_changed":false,"footnotes":""},"acf":[],"yoast_head":"<title>Unterwegsdidaktik - KomMa<\/title>\n<meta name=\"robots\" content=\"index, follow, max-snippet:-1, max-image-preview:large, max-video-preview:-1\" \/>\n<link rel=\"canonical\" href=\"https:\/\/komma.ostfalia.de\/index.php\/unterwegsdidaktik\/\" \/>\n<meta property=\"og:locale\" content=\"de_DE\" \/>\n<meta property=\"og:type\" content=\"article\" \/>\n<meta property=\"og:title\" content=\"Unterwegsdidaktik - KomMa\" \/>\n<meta property=\"og:description\" content=\"Projektleitung:\u00a0 Prof. Dr. Harald Rau Projektlaufzeit:\u00a0 2014 Hochschullehrer sind regelm\u00e4\u00dfig an die direkte Lehre im H\u00f6rsaal gew\u00f6hnt, sie sind jedoch keine Bewegtbild-Profis: Dies gilt f\u00fcr den Auftritt vor der Kamera, f\u00fcr Diktion und didaktischer Umsetzung der Lehrinhalte. Die Erkenntnis, die jedes der Experimente zutage f\u00f6rdert: Die Arbeit vor der Kamera sowie \u201eStoryboarding\u201c, Konzeption, Bildkomposition und [&hellip;]\" \/>\n<meta property=\"og:url\" content=\"https:\/\/komma.ostfalia.de\/index.php\/unterwegsdidaktik\/\" \/>\n<meta property=\"og:site_name\" content=\"KomMa\" \/>\n<meta property=\"article:modified_time\" content=\"2022-05-23T10:58:05+00:00\" \/>\n<meta name=\"twitter:card\" content=\"summary_large_image\" \/>\n<meta name=\"twitter:site\" content=\"@komma_ostfalia\" \/>\n<meta name=\"twitter:label1\" content=\"Gesch\u00e4tzte Lesezeit\" \/>\n\t<meta name=\"twitter:data1\" content=\"2\u00a0Minuten\" \/>\n<script type=\"application\/ld+json\" class=\"yoast-schema-graph\">{\"@context\":\"https:\/\/schema.org\",\"@graph\":[{\"@type\":\"WebPage\",\"@id\":\"https:\/\/komma.ostfalia.de\/index.php\/unterwegsdidaktik\/\",\"url\":\"https:\/\/komma.ostfalia.de\/index.php\/unterwegsdidaktik\/\",\"name\":\"Unterwegsdidaktik - KomMa\",\"isPartOf\":{\"@id\":\"https:\/\/komma.ostfalia.de\/#website\"},\"datePublished\":\"2022-05-23T10:53:11+00:00\",\"dateModified\":\"2022-05-23T10:58:05+00:00\",\"breadcrumb\":{\"@id\":\"https:\/\/komma.ostfalia.de\/index.php\/unterwegsdidaktik\/#breadcrumb\"},\"inLanguage\":\"de\",\"potentialAction\":[{\"@type\":\"ReadAction\",\"target\":[\"https:\/\/komma.ostfalia.de\/index.php\/unterwegsdidaktik\/\"]}]},{\"@type\":\"BreadcrumbList\",\"@id\":\"https:\/\/komma.ostfalia.de\/index.php\/unterwegsdidaktik\/#breadcrumb\",\"itemListElement\":[{\"@type\":\"ListItem\",\"position\":1,\"name\":\"Startseite\",\"item\":\"https:\/\/komma.ostfalia.de\/\"},{\"@type\":\"ListItem\",\"position\":2,\"name\":\"Unterwegsdidaktik\"}]},{\"@type\":\"WebSite\",\"@id\":\"https:\/\/komma.ostfalia.de\/#website\",\"url\":\"https:\/\/komma.ostfalia.de\/\",\"name\":\"KomMa\",\"description\":\"Professur f\u00fcr Kommunikationsmanagement\",\"publisher\":{\"@id\":\"https:\/\/komma.ostfalia.de\/#organization\"},\"potentialAction\":[{\"@type\":\"SearchAction\",\"target\":{\"@type\":\"EntryPoint\",\"urlTemplate\":\"https:\/\/komma.ostfalia.de\/?s={search_term_string}\"},\"query-input\":\"required name=search_term_string\"}],\"inLanguage\":\"de\"},{\"@type\":\"Organization\",\"@id\":\"https:\/\/komma.ostfalia.de\/#organization\",\"name\":\"KomMa - Professur f\u00fcr Kommunikationsmanagement\",\"url\":\"https:\/\/komma.ostfalia.de\/\",\"logo\":{\"@type\":\"ImageObject\",\"inLanguage\":\"de\",\"@id\":\"https:\/\/komma.ostfalia.de\/#\/schema\/logo\/image\/\",\"url\":\"https:\/\/komma.ostfalia.de\/wp-content\/uploads\/2020\/05\/komma-signet.png\",\"contentUrl\":\"https:\/\/komma.ostfalia.de\/wp-content\/uploads\/2020\/05\/komma-signet.png\",\"width\":512,\"height\":512,\"caption\":\"KomMa - Professur f\u00fcr Kommunikationsmanagement\"},\"image\":{\"@id\":\"https:\/\/komma.ostfalia.de\/#\/schema\/logo\/image\/\"},\"sameAs\":[\"https:\/\/twitter.com\/komma_ostfalia\"]}]}<\/script>","yoast_head_json":{"title":"Unterwegsdidaktik - KomMa","robots":{"index":"index","follow":"follow","max-snippet":"max-snippet:-1","max-image-preview":"max-image-preview:large","max-video-preview":"max-video-preview:-1"},"canonical":"https:\/\/komma.ostfalia.de\/index.php\/unterwegsdidaktik\/","og_locale":"de_DE","og_type":"article","og_title":"Unterwegsdidaktik - KomMa","og_description":"Projektleitung:\u00a0 Prof. Dr. Harald Rau Projektlaufzeit:\u00a0 2014 Hochschullehrer sind regelm\u00e4\u00dfig an die direkte Lehre im H\u00f6rsaal gew\u00f6hnt, sie sind jedoch keine Bewegtbild-Profis: Dies gilt f\u00fcr den Auftritt vor der Kamera, f\u00fcr Diktion und didaktischer Umsetzung der Lehrinhalte. Die Erkenntnis, die jedes der Experimente zutage f\u00f6rdert: Die Arbeit vor der Kamera sowie \u201eStoryboarding\u201c, Konzeption, Bildkomposition und [&hellip;]","og_url":"https:\/\/komma.ostfalia.de\/index.php\/unterwegsdidaktik\/","og_site_name":"KomMa","article_modified_time":"2022-05-23T10:58:05+00:00","twitter_card":"summary_large_image","twitter_site":"@komma_ostfalia","twitter_misc":{"Gesch\u00e4tzte Lesezeit":"2\u00a0Minuten"},"schema":{"@context":"https:\/\/schema.org","@graph":[{"@type":"WebPage","@id":"https:\/\/komma.ostfalia.de\/index.php\/unterwegsdidaktik\/","url":"https:\/\/komma.ostfalia.de\/index.php\/unterwegsdidaktik\/","name":"Unterwegsdidaktik - KomMa","isPartOf":{"@id":"https:\/\/komma.ostfalia.de\/#website"},"datePublished":"2022-05-23T10:53:11+00:00","dateModified":"2022-05-23T10:58:05+00:00","breadcrumb":{"@id":"https:\/\/komma.ostfalia.de\/index.php\/unterwegsdidaktik\/#breadcrumb"},"inLanguage":"de","potentialAction":[{"@type":"ReadAction","target":["https:\/\/komma.ostfalia.de\/index.php\/unterwegsdidaktik\/"]}]},{"@type":"BreadcrumbList","@id":"https:\/\/komma.ostfalia.de\/index.php\/unterwegsdidaktik\/#breadcrumb","itemListElement":[{"@type":"ListItem","position":1,"name":"Startseite","item":"https:\/\/komma.ostfalia.de\/"},{"@type":"ListItem","position":2,"name":"Unterwegsdidaktik"}]},{"@type":"WebSite","@id":"https:\/\/komma.ostfalia.de\/#website","url":"https:\/\/komma.ostfalia.de\/","name":"KomMa","description":"Professur f\u00fcr Kommunikationsmanagement","publisher":{"@id":"https:\/\/komma.ostfalia.de\/#organization"},"potentialAction":[{"@type":"SearchAction","target":{"@type":"EntryPoint","urlTemplate":"https:\/\/komma.ostfalia.de\/?s={search_term_string}"},"query-input":"required name=search_term_string"}],"inLanguage":"de"},{"@type":"Organization","@id":"https:\/\/komma.ostfalia.de\/#organization","name":"KomMa - Professur f\u00fcr Kommunikationsmanagement","url":"https:\/\/komma.ostfalia.de\/","logo":{"@type":"ImageObject","inLanguage":"de","@id":"https:\/\/komma.ostfalia.de\/#\/schema\/logo\/image\/","url":"https:\/\/komma.ostfalia.de\/wp-content\/uploads\/2020\/05\/komma-signet.png","contentUrl":"https:\/\/komma.ostfalia.de\/wp-content\/uploads\/2020\/05\/komma-signet.png","width":512,"height":512,"caption":"KomMa - Professur f\u00fcr Kommunikationsmanagement"},"image":{"@id":"https:\/\/komma.ostfalia.de\/#\/schema\/logo\/image\/"},"sameAs":["https:\/\/twitter.com\/komma_ostfalia"]}]}},"_links":{"self":[{"href":"https:\/\/komma.ostfalia.de\/index.php\/wp-json\/wp\/v2\/pages\/11052"}],"collection":[{"href":"https:\/\/komma.ostfalia.de\/index.php\/wp-json\/wp\/v2\/pages"}],"about":[{"href":"https:\/\/komma.ostfalia.de\/index.php\/wp-json\/wp\/v2\/types\/page"}],"author":[{"embeddable":true,"href":"https:\/\/komma.ostfalia.de\/index.php\/wp-json\/wp\/v2\/users\/17"}],"replies":[{"embeddable":true,"href":"https:\/\/komma.ostfalia.de\/index.php\/wp-json\/wp\/v2\/comments?post=11052"}],"version-history":[{"count":0,"href":"https:\/\/komma.ostfalia.de\/index.php\/wp-json\/wp\/v2\/pages\/11052\/revisions"}],"wp:attachment":[{"href":"https:\/\/komma.ostfalia.de\/index.php\/wp-json\/wp\/v2\/media?parent=11052"}],"curies":[{"name":"wp","href":"https:\/\/api.w.org\/{rel}","templated":true}]}}