{"id":11012,"date":"2022-05-23T12:25:40","date_gmt":"2022-05-23T10:25:40","guid":{"rendered":"https:\/\/komma.ostfalia.de\/?page_id=11012"},"modified":"2022-05-23T12:50:12","modified_gmt":"2022-05-23T10:50:12","slug":"innovative-lehr-und-lernkonzepte-innovation-plus-2","status":"publish","type":"page","link":"https:\/\/komma.ostfalia.de\/index.php\/innovative-lehr-und-lernkonzepte-innovation-plus-2\/","title":{"rendered":"Innovative Lehr- und Lernkonzepte: Innovation plus"},"content":{"rendered":"\t\t<div data-elementor-type=\"wp-page\" data-elementor-id=\"11012\" class=\"elementor elementor-11012\">\n\t\t\t\t\t\t<section class=\"elementor-section elementor-top-section elementor-element elementor-element-2c9ec0c elementor-section-boxed elementor-section-height-default elementor-section-height-default\" data-id=\"2c9ec0c\" data-element_type=\"section\">\n\t\t\t\t\t\t<div class=\"elementor-container elementor-column-gap-default\">\n\t\t\t\t\t<div class=\"elementor-column elementor-col-50 elementor-top-column elementor-element elementor-element-16643dd\" data-id=\"16643dd\" data-element_type=\"column\">\n\t\t\t<div class=\"elementor-widget-wrap elementor-element-populated\">\n\t\t\t\t\t\t<div class=\"elementor-element elementor-element-dd61418 elementor-widget elementor-widget-text-editor\" data-id=\"dd61418\" data-element_type=\"widget\" data-widget_type=\"text-editor.default\">\n\t\t\t\t<div class=\"elementor-widget-container\">\n\t\t\t\t\t\t\t<p><strong>Projektleitung:<\/strong><\/p><p>Prof. Dr. habil. Harald Rau (Fakult\u00e4t K),<\/p><p>Kai Hillebrecht (WTT)<\/p>\t\t\t\t\t\t<\/div>\n\t\t\t\t<\/div>\n\t\t\t\t\t<\/div>\n\t\t<\/div>\n\t\t\t\t<div class=\"elementor-column elementor-col-50 elementor-top-column elementor-element elementor-element-5cf506c\" data-id=\"5cf506c\" data-element_type=\"column\">\n\t\t\t<div class=\"elementor-widget-wrap elementor-element-populated\">\n\t\t\t\t\t\t<div class=\"elementor-element elementor-element-71b9fdb elementor-widget elementor-widget-text-editor\" data-id=\"71b9fdb\" data-element_type=\"widget\" data-widget_type=\"text-editor.default\">\n\t\t\t\t<div class=\"elementor-widget-container\">\n\t\t\t\t\t\t\t<p>Das Projekt hat das Konzept LdL (Lernen durch Lehren) erstmalig auf ein Lernangebot f\u00fcr Lehrende an Hochschulen angewandt.<a href=\"#_ftn1\">[1]<\/a> Studierende entwickeln in zwei zusammengeh\u00f6rigen Modulen (Vertiefungsrichtung und Projekt)<a href=\"#_ftn2\">[2]<\/a> einen Moodle-Kurs f\u00fcr Forscher:innen der Ostfalia. Dieser f\u00fchrt praxisnah in die Wissenschaftskommunikation ein. Der im Ostfalia-System verf\u00fcgbare Online-Kurs wird dann durch zwei Workshops im Februar 2022 erg\u00e4nzt, den ebenfalls Studierende (angeleitet durch eine(n) im Feld erfahrene wissenschaftliche(n) Mitarbeiter:in) vorbereiten und durchf\u00fchren. In diesen Workshops werden insbesondere mediengerechte Darstellungsformen (massen- und sozialmediales Paradigma) einge\u00fcbt.<\/p>\n<p>Bewusst werden hier unterschiedliche Fachtraditionen und Schwerpunkte in den Projektrahmen integriert: Wissenschaftskommunikation ist ein solch weites Feld, dass das LdL-Lehrkonzept mit Bezug zum Thema und zur Ostfalia auch in den Folgejahren erneut angeboten werden kann.&nbsp;<\/p>\n<p>Nach dem allgemein und \u00fcbergreifend gehaltenen Pilotkurs k\u00f6nnen k\u00fcnftige Studierenden-Gruppen einzelne Fachtraditionen beleuchten und systematisch Wissenschaftskommunikation f\u00fcr einzelne Fakult\u00e4ten entwickeln. KomMa bereitet das Konzept vor, strukturiert und begleitet alle Lehrveranstaltungen, die Tandembildung durchf\u00fchren sowie die Tandems in regelm\u00e4\u00dfigen Konsultationen betreuen. Dabei geht es auch um die Abbildung aller Inhalte in Moodle, was eine entsprechende Umsetzung mit H5P-Werkzeugen einschlie\u00dft. KomMa entwickelt das Lehrangebot, begleitet die Studierenden durch regelm\u00e4\u00dfige Konsultationen und direkten Austausch in Pr\u00e4senz- und Onlinelehrveranstaltungen.<\/p>\n<p><span style=\"font-weight: bolder;\">Gesamtziel:<\/span>&nbsp;Ver\u00e4nderung der Perspektive im Lehr-Lern-Prozess. Beide Statusgruppen, Lehrende auf der einen und Studierende auf der anderen Seite, erleben sich in einer neuen, \u201eauf den Kopf gestellten\u201c Beziehung. Im Idealfall wird auf beiden Seiten ein hohes Ma\u00df an Reflexion erreicht. Studierende erfahren direkt die Wirksamkeit der Kenntnisse, die sich aneignen m\u00fcssen, um alle Aspekte der Wissenschaftskommunikation abzudecken, indem sie (anspruchsvolle) Lernende daf\u00fcr begeistern m\u00fcssen. Idealerweise wird das Verh\u00e4ltnis zwischen Lehrenden und Lernenden neu definiert (vgl. dazu auch Ans\u00e4tze des \u201eReverse Coaching\u201c in Unternehmen und Organisationen).<\/p>\n<p><\/p>\n<p><br><\/p>\n<p><\/p>\n<p><a style=\"background-color: #ffffff;\" href=\"#_ftnref1\">[1]<\/a><span style=\"font-size: 10pt;\"> Quellenverweise auf das zwischenzeitlich recht gut erforschte LdL-Konzept k\u00f6nnen auf Anfrage zus\u00e4tzlich eingereicht werden, ebenso wie Quellen zur Medialisierung der Wissenschaft und zu Fragen der Disintermediation.<\/span><\/p>\n<p><span style=\"font-size: 10pt;\"><a href=\"#_ftnref2\">[2]<\/a> Vgl. hierzu Studienverlaufsplan, Studiengang Kommunikationsmanagement M.A<\/span><\/p>\t\t\t\t\t\t<\/div>\n\t\t\t\t<\/div>\n\t\t\t\t\t<\/div>\n\t\t<\/div>\n\t\t\t\t\t<\/div>\n\t\t<\/section>\n\t\t\t\t<section class=\"elementor-section elementor-top-section elementor-element elementor-element-a98ab42 elementor-section-boxed elementor-section-height-default elementor-section-height-default\" data-id=\"a98ab42\" data-element_type=\"section\">\n\t\t\t\t\t\t<div class=\"elementor-container elementor-column-gap-default\">\n\t\t\t\t\t<div class=\"elementor-column elementor-col-25 elementor-top-column elementor-element elementor-element-cc3dac1\" data-id=\"cc3dac1\" data-element_type=\"column\">\n\t\t\t<div class=\"elementor-widget-wrap\">\n\t\t\t\t\t\t\t<\/div>\n\t\t<\/div>\n\t\t\t\t<div class=\"elementor-column elementor-col-25 elementor-top-column elementor-element elementor-element-a08f318\" data-id=\"a08f318\" data-element_type=\"column\">\n\t\t\t<div class=\"elementor-widget-wrap elementor-element-populated\">\n\t\t\t\t\t\t<div class=\"elementor-element elementor-element-17c7847 elementor-widget elementor-widget-image\" data-id=\"17c7847\" data-element_type=\"widget\" data-widget_type=\"image.default\">\n\t\t\t\t<div class=\"elementor-widget-container\">\n\t\t\t\t\t\t\t\t\t\t\t\t\t<img fetchpriority=\"high\" decoding=\"async\" width=\"1024\" height=\"576\" src=\"https:\/\/komma.ostfalia.de\/wp-content\/uploads\/2021\/05\/lehrprojekt-wissenschaftskommunikation-1024x576.png\" class=\"attachment-large size-large wp-image-5716\" alt=\"\" srcset=\"https:\/\/komma.ostfalia.de\/wp-content\/uploads\/2021\/05\/lehrprojekt-wissenschaftskommunikation-1024x576.png 1024w, https:\/\/komma.ostfalia.de\/wp-content\/uploads\/2021\/05\/lehrprojekt-wissenschaftskommunikation-300x169.png 300w, https:\/\/komma.ostfalia.de\/wp-content\/uploads\/2021\/05\/lehrprojekt-wissenschaftskommunikation-768x432.png 768w, https:\/\/komma.ostfalia.de\/wp-content\/uploads\/2021\/05\/lehrprojekt-wissenschaftskommunikation.png 1120w\" sizes=\"(max-width: 1024px) 100vw, 1024px\" \/>\t\t\t\t\t\t\t\t\t\t\t\t\t<\/div>\n\t\t\t\t<\/div>\n\t\t\t\t<div class=\"elementor-element elementor-element-2a53330 elementor-widget elementor-widget-heading\" data-id=\"2a53330\" data-element_type=\"widget\" data-widget_type=\"heading.default\">\n\t\t\t\t<div class=\"elementor-widget-container\">\n\t\t\t<h2 class=\"elementor-heading-title elementor-size-default\"><a href=\"https:\/\/komma.ostfalia.de\/lernen-durch-lehren-lehrprojekt-zur-wissenschaftskommunikation\/\">Lernen durch Lehren \u2013 Lehrprojekt zur Wissenschaftskommunikation<\/a><\/h2>\t\t<\/div>\n\t\t\t\t<\/div>\n\t\t\t\t\t<\/div>\n\t\t<\/div>\n\t\t\t\t<div class=\"elementor-column elementor-col-25 elementor-top-column elementor-element elementor-element-b156f9b\" data-id=\"b156f9b\" data-element_type=\"column\">\n\t\t\t<div class=\"elementor-widget-wrap\">\n\t\t\t\t\t\t\t<\/div>\n\t\t<\/div>\n\t\t\t\t<div class=\"elementor-column elementor-col-25 elementor-top-column elementor-element elementor-element-518c6a8\" data-id=\"518c6a8\" data-element_type=\"column\">\n\t\t\t<div class=\"elementor-widget-wrap\">\n\t\t\t\t\t\t\t<\/div>\n\t\t<\/div>\n\t\t\t\t\t<\/div>\n\t\t<\/section>\n\t\t\t\t<\/div>\n\t\t","protected":false},"excerpt":{"rendered":"<p>Projektleitung: Prof. Dr. habil. Harald Rau (Fakult\u00e4t K), Kai Hillebrecht (WTT) Das Projekt hat das Konzept LdL (Lernen durch Lehren) erstmalig auf ein Lernangebot f\u00fcr Lehrende an Hochschulen angewandt.[1] Studierende entwickeln in zwei zusammengeh\u00f6rigen Modulen (Vertiefungsrichtung und Projekt)[2] einen Moodle-Kurs f\u00fcr Forscher:innen der Ostfalia. Dieser f\u00fchrt praxisnah in die Wissenschaftskommunikation ein. Der im Ostfalia-System verf\u00fcgbare [&hellip;]<\/p>\n","protected":false},"author":17,"featured_media":0,"parent":0,"menu_order":0,"comment_status":"closed","ping_status":"closed","template":"","meta":{"_acf_changed":false,"footnotes":""},"acf":[],"yoast_head":"<title>Innovative Lehr- und Lernkonzepte: Innovation plus - KomMa<\/title>\n<meta name=\"robots\" content=\"index, follow, max-snippet:-1, max-image-preview:large, max-video-preview:-1\" \/>\n<link rel=\"canonical\" href=\"https:\/\/komma.ostfalia.de\/index.php\/innovative-lehr-und-lernkonzepte-innovation-plus-2\/\" \/>\n<meta property=\"og:locale\" content=\"de_DE\" \/>\n<meta property=\"og:type\" content=\"article\" \/>\n<meta property=\"og:title\" content=\"Innovative Lehr- und Lernkonzepte: Innovation plus - KomMa\" \/>\n<meta property=\"og:description\" content=\"Projektleitung: Prof. Dr. habil. Harald Rau (Fakult\u00e4t K), Kai Hillebrecht (WTT) Das Projekt hat das Konzept LdL (Lernen durch Lehren) erstmalig auf ein Lernangebot f\u00fcr Lehrende an Hochschulen angewandt.[1] Studierende entwickeln in zwei zusammengeh\u00f6rigen Modulen (Vertiefungsrichtung und Projekt)[2] einen Moodle-Kurs f\u00fcr Forscher:innen der Ostfalia. Dieser f\u00fchrt praxisnah in die Wissenschaftskommunikation ein. Der im Ostfalia-System verf\u00fcgbare [&hellip;]\" \/>\n<meta property=\"og:url\" content=\"https:\/\/komma.ostfalia.de\/index.php\/innovative-lehr-und-lernkonzepte-innovation-plus-2\/\" \/>\n<meta property=\"og:site_name\" content=\"KomMa\" \/>\n<meta property=\"article:modified_time\" content=\"2022-05-23T10:50:12+00:00\" \/>\n<meta property=\"og:image\" content=\"https:\/\/komma.ostfalia.de\/wp-content\/uploads\/2021\/05\/lehrprojekt-wissenschaftskommunikation-1024x576.png\" \/>\n<meta name=\"twitter:card\" content=\"summary_large_image\" \/>\n<meta name=\"twitter:site\" content=\"@komma_ostfalia\" \/>\n<meta name=\"twitter:label1\" content=\"Gesch\u00e4tzte Lesezeit\" \/>\n\t<meta name=\"twitter:data1\" content=\"3\u00a0Minuten\" \/>\n<script type=\"application\/ld+json\" class=\"yoast-schema-graph\">{\"@context\":\"https:\/\/schema.org\",\"@graph\":[{\"@type\":\"WebPage\",\"@id\":\"https:\/\/komma.ostfalia.de\/index.php\/innovative-lehr-und-lernkonzepte-innovation-plus-2\/\",\"url\":\"https:\/\/komma.ostfalia.de\/index.php\/innovative-lehr-und-lernkonzepte-innovation-plus-2\/\",\"name\":\"Innovative Lehr- und Lernkonzepte: Innovation plus - KomMa\",\"isPartOf\":{\"@id\":\"https:\/\/komma.ostfalia.de\/#website\"},\"primaryImageOfPage\":{\"@id\":\"https:\/\/komma.ostfalia.de\/index.php\/innovative-lehr-und-lernkonzepte-innovation-plus-2\/#primaryimage\"},\"image\":{\"@id\":\"https:\/\/komma.ostfalia.de\/index.php\/innovative-lehr-und-lernkonzepte-innovation-plus-2\/#primaryimage\"},\"thumbnailUrl\":\"https:\/\/komma.ostfalia.de\/wp-content\/uploads\/2021\/05\/lehrprojekt-wissenschaftskommunikation-1024x576.png\",\"datePublished\":\"2022-05-23T10:25:40+00:00\",\"dateModified\":\"2022-05-23T10:50:12+00:00\",\"breadcrumb\":{\"@id\":\"https:\/\/komma.ostfalia.de\/index.php\/innovative-lehr-und-lernkonzepte-innovation-plus-2\/#breadcrumb\"},\"inLanguage\":\"de\",\"potentialAction\":[{\"@type\":\"ReadAction\",\"target\":[\"https:\/\/komma.ostfalia.de\/index.php\/innovative-lehr-und-lernkonzepte-innovation-plus-2\/\"]}]},{\"@type\":\"ImageObject\",\"inLanguage\":\"de\",\"@id\":\"https:\/\/komma.ostfalia.de\/index.php\/innovative-lehr-und-lernkonzepte-innovation-plus-2\/#primaryimage\",\"url\":\"https:\/\/komma.ostfalia.de\/wp-content\/uploads\/2021\/05\/lehrprojekt-wissenschaftskommunikation.png\",\"contentUrl\":\"https:\/\/komma.ostfalia.de\/wp-content\/uploads\/2021\/05\/lehrprojekt-wissenschaftskommunikation.png\",\"width\":1120,\"height\":630},{\"@type\":\"BreadcrumbList\",\"@id\":\"https:\/\/komma.ostfalia.de\/index.php\/innovative-lehr-und-lernkonzepte-innovation-plus-2\/#breadcrumb\",\"itemListElement\":[{\"@type\":\"ListItem\",\"position\":1,\"name\":\"Startseite\",\"item\":\"https:\/\/komma.ostfalia.de\/\"},{\"@type\":\"ListItem\",\"position\":2,\"name\":\"Innovative Lehr- und Lernkonzepte: Innovation plus\"}]},{\"@type\":\"WebSite\",\"@id\":\"https:\/\/komma.ostfalia.de\/#website\",\"url\":\"https:\/\/komma.ostfalia.de\/\",\"name\":\"KomMa\",\"description\":\"Professur f\u00fcr Kommunikationsmanagement\",\"publisher\":{\"@id\":\"https:\/\/komma.ostfalia.de\/#organization\"},\"potentialAction\":[{\"@type\":\"SearchAction\",\"target\":{\"@type\":\"EntryPoint\",\"urlTemplate\":\"https:\/\/komma.ostfalia.de\/?s={search_term_string}\"},\"query-input\":\"required name=search_term_string\"}],\"inLanguage\":\"de\"},{\"@type\":\"Organization\",\"@id\":\"https:\/\/komma.ostfalia.de\/#organization\",\"name\":\"KomMa - Professur f\u00fcr Kommunikationsmanagement\",\"url\":\"https:\/\/komma.ostfalia.de\/\",\"logo\":{\"@type\":\"ImageObject\",\"inLanguage\":\"de\",\"@id\":\"https:\/\/komma.ostfalia.de\/#\/schema\/logo\/image\/\",\"url\":\"https:\/\/komma.ostfalia.de\/wp-content\/uploads\/2020\/05\/komma-signet.png\",\"contentUrl\":\"https:\/\/komma.ostfalia.de\/wp-content\/uploads\/2020\/05\/komma-signet.png\",\"width\":512,\"height\":512,\"caption\":\"KomMa - Professur f\u00fcr Kommunikationsmanagement\"},\"image\":{\"@id\":\"https:\/\/komma.ostfalia.de\/#\/schema\/logo\/image\/\"},\"sameAs\":[\"https:\/\/twitter.com\/komma_ostfalia\"]}]}<\/script>","yoast_head_json":{"title":"Innovative Lehr- und Lernkonzepte: Innovation plus - KomMa","robots":{"index":"index","follow":"follow","max-snippet":"max-snippet:-1","max-image-preview":"max-image-preview:large","max-video-preview":"max-video-preview:-1"},"canonical":"https:\/\/komma.ostfalia.de\/index.php\/innovative-lehr-und-lernkonzepte-innovation-plus-2\/","og_locale":"de_DE","og_type":"article","og_title":"Innovative Lehr- und Lernkonzepte: Innovation plus - KomMa","og_description":"Projektleitung: Prof. Dr. habil. Harald Rau (Fakult\u00e4t K), Kai Hillebrecht (WTT) Das Projekt hat das Konzept LdL (Lernen durch Lehren) erstmalig auf ein Lernangebot f\u00fcr Lehrende an Hochschulen angewandt.[1] Studierende entwickeln in zwei zusammengeh\u00f6rigen Modulen (Vertiefungsrichtung und Projekt)[2] einen Moodle-Kurs f\u00fcr Forscher:innen der Ostfalia. Dieser f\u00fchrt praxisnah in die Wissenschaftskommunikation ein. Der im Ostfalia-System verf\u00fcgbare [&hellip;]","og_url":"https:\/\/komma.ostfalia.de\/index.php\/innovative-lehr-und-lernkonzepte-innovation-plus-2\/","og_site_name":"KomMa","article_modified_time":"2022-05-23T10:50:12+00:00","og_image":[{"url":"https:\/\/komma.ostfalia.de\/wp-content\/uploads\/2021\/05\/lehrprojekt-wissenschaftskommunikation-1024x576.png"}],"twitter_card":"summary_large_image","twitter_site":"@komma_ostfalia","twitter_misc":{"Gesch\u00e4tzte Lesezeit":"3\u00a0Minuten"},"schema":{"@context":"https:\/\/schema.org","@graph":[{"@type":"WebPage","@id":"https:\/\/komma.ostfalia.de\/index.php\/innovative-lehr-und-lernkonzepte-innovation-plus-2\/","url":"https:\/\/komma.ostfalia.de\/index.php\/innovative-lehr-und-lernkonzepte-innovation-plus-2\/","name":"Innovative Lehr- und Lernkonzepte: Innovation plus - KomMa","isPartOf":{"@id":"https:\/\/komma.ostfalia.de\/#website"},"primaryImageOfPage":{"@id":"https:\/\/komma.ostfalia.de\/index.php\/innovative-lehr-und-lernkonzepte-innovation-plus-2\/#primaryimage"},"image":{"@id":"https:\/\/komma.ostfalia.de\/index.php\/innovative-lehr-und-lernkonzepte-innovation-plus-2\/#primaryimage"},"thumbnailUrl":"https:\/\/komma.ostfalia.de\/wp-content\/uploads\/2021\/05\/lehrprojekt-wissenschaftskommunikation-1024x576.png","datePublished":"2022-05-23T10:25:40+00:00","dateModified":"2022-05-23T10:50:12+00:00","breadcrumb":{"@id":"https:\/\/komma.ostfalia.de\/index.php\/innovative-lehr-und-lernkonzepte-innovation-plus-2\/#breadcrumb"},"inLanguage":"de","potentialAction":[{"@type":"ReadAction","target":["https:\/\/komma.ostfalia.de\/index.php\/innovative-lehr-und-lernkonzepte-innovation-plus-2\/"]}]},{"@type":"ImageObject","inLanguage":"de","@id":"https:\/\/komma.ostfalia.de\/index.php\/innovative-lehr-und-lernkonzepte-innovation-plus-2\/#primaryimage","url":"https:\/\/komma.ostfalia.de\/wp-content\/uploads\/2021\/05\/lehrprojekt-wissenschaftskommunikation.png","contentUrl":"https:\/\/komma.ostfalia.de\/wp-content\/uploads\/2021\/05\/lehrprojekt-wissenschaftskommunikation.png","width":1120,"height":630},{"@type":"BreadcrumbList","@id":"https:\/\/komma.ostfalia.de\/index.php\/innovative-lehr-und-lernkonzepte-innovation-plus-2\/#breadcrumb","itemListElement":[{"@type":"ListItem","position":1,"name":"Startseite","item":"https:\/\/komma.ostfalia.de\/"},{"@type":"ListItem","position":2,"name":"Innovative Lehr- und Lernkonzepte: Innovation plus"}]},{"@type":"WebSite","@id":"https:\/\/komma.ostfalia.de\/#website","url":"https:\/\/komma.ostfalia.de\/","name":"KomMa","description":"Professur f\u00fcr Kommunikationsmanagement","publisher":{"@id":"https:\/\/komma.ostfalia.de\/#organization"},"potentialAction":[{"@type":"SearchAction","target":{"@type":"EntryPoint","urlTemplate":"https:\/\/komma.ostfalia.de\/?s={search_term_string}"},"query-input":"required name=search_term_string"}],"inLanguage":"de"},{"@type":"Organization","@id":"https:\/\/komma.ostfalia.de\/#organization","name":"KomMa - Professur f\u00fcr Kommunikationsmanagement","url":"https:\/\/komma.ostfalia.de\/","logo":{"@type":"ImageObject","inLanguage":"de","@id":"https:\/\/komma.ostfalia.de\/#\/schema\/logo\/image\/","url":"https:\/\/komma.ostfalia.de\/wp-content\/uploads\/2020\/05\/komma-signet.png","contentUrl":"https:\/\/komma.ostfalia.de\/wp-content\/uploads\/2020\/05\/komma-signet.png","width":512,"height":512,"caption":"KomMa - Professur f\u00fcr Kommunikationsmanagement"},"image":{"@id":"https:\/\/komma.ostfalia.de\/#\/schema\/logo\/image\/"},"sameAs":["https:\/\/twitter.com\/komma_ostfalia"]}]}},"_links":{"self":[{"href":"https:\/\/komma.ostfalia.de\/index.php\/wp-json\/wp\/v2\/pages\/11012"}],"collection":[{"href":"https:\/\/komma.ostfalia.de\/index.php\/wp-json\/wp\/v2\/pages"}],"about":[{"href":"https:\/\/komma.ostfalia.de\/index.php\/wp-json\/wp\/v2\/types\/page"}],"author":[{"embeddable":true,"href":"https:\/\/komma.ostfalia.de\/index.php\/wp-json\/wp\/v2\/users\/17"}],"replies":[{"embeddable":true,"href":"https:\/\/komma.ostfalia.de\/index.php\/wp-json\/wp\/v2\/comments?post=11012"}],"version-history":[{"count":0,"href":"https:\/\/komma.ostfalia.de\/index.php\/wp-json\/wp\/v2\/pages\/11012\/revisions"}],"wp:attachment":[{"href":"https:\/\/komma.ostfalia.de\/index.php\/wp-json\/wp\/v2\/media?parent=11012"}],"curies":[{"name":"wp","href":"https:\/\/api.w.org\/{rel}","templated":true}]}}