{"id":10922,"date":"2022-05-23T09:43:29","date_gmt":"2022-05-23T07:43:29","guid":{"rendered":"https:\/\/komma.ostfalia.de\/?page_id=10922"},"modified":"2022-11-01T16:18:29","modified_gmt":"2022-11-01T15:18:29","slug":"politikervertrauen","status":"publish","type":"page","link":"https:\/\/komma.ostfalia.de\/index.php\/politikervertrauen\/","title":{"rendered":"Politikervertrauen"},"content":{"rendered":"\t\t<div data-elementor-type=\"wp-page\" data-elementor-id=\"10922\" class=\"elementor elementor-10922\">\n\t\t\t\t\t\t<section class=\"elementor-section elementor-top-section elementor-element elementor-element-e700b65 elementor-section-boxed elementor-section-height-default elementor-section-height-default\" data-id=\"e700b65\" data-element_type=\"section\">\n\t\t\t\t\t\t<div class=\"elementor-container elementor-column-gap-default\">\n\t\t\t\t\t<div class=\"elementor-column elementor-col-50 elementor-top-column elementor-element elementor-element-9bda35e\" data-id=\"9bda35e\" data-element_type=\"column\">\n\t\t\t<div class=\"elementor-widget-wrap elementor-element-populated\">\n\t\t\t\t\t\t<div class=\"elementor-element elementor-element-2e7a98b elementor-widget elementor-widget-text-editor\" data-id=\"2e7a98b\" data-element_type=\"widget\" data-widget_type=\"text-editor.default\">\n\t\t\t\t<div class=\"elementor-widget-container\">\n\t\t\t\t\t\t\t<p><strong>Ansprechpartner<br \/><\/strong>Roland G\u00f6bbel, M.A. (Dissertationsprojekt, Befragungsstudie im MA Kommunikationsmanagement)<br \/>Per Ole Uphaus, M.A. (Befragungsstudie im MA Kommunikationsmanagement)<\/p><p><strong>Forschungsfeld<br \/><\/strong>Vertrauensforschung im Kontext von politischer Kommunikation, politischer Sozialisation Jugendlicher und Kultivierungsforschung<\/p><p><strong>Methoden<br \/><\/strong>Mehrwellige experimentelle Online-Befragung,<br \/>qualitative Gruppendiskussionen,<br \/>Paper-Pencil-Klassenzimmerbefragung<\/p>\t\t\t\t\t\t<\/div>\n\t\t\t\t<\/div>\n\t\t\t\t\t<\/div>\n\t\t<\/div>\n\t\t\t\t<div class=\"elementor-column elementor-col-50 elementor-top-column elementor-element elementor-element-040342f\" data-id=\"040342f\" data-element_type=\"column\">\n\t\t\t<div class=\"elementor-widget-wrap elementor-element-populated\">\n\t\t\t\t\t\t<div class=\"elementor-element elementor-element-ae4c196 elementor-widget elementor-widget-text-editor\" data-id=\"ae4c196\" data-element_type=\"widget\" data-widget_type=\"text-editor.default\">\n\t\t\t\t<div class=\"elementor-widget-container\">\n\t\t\t\t\t\t\t<p>Im KomMa-Forschungsschwerpunkt \u201ePolitikervertrauen\u201c promoviert Roland G\u00f6bbel zum Thema \u201ePolitikern vertrauen? Zur Vertrauensbildung durch politische Online-Berichterstattung bei jugendlichen Rezipienten\u201c als externer Doktorand der Friedrich-Schiller-Universit\u00e4t Jena (Erstgutachter: Prof. Dr. Georg Ruhrmann, Zweitgutachter: Prof. Dr. Harald Rau). In seinem laufenden Dissertationsprojekt befasst er sich mit der Frage, wie jugendliche Medienrezipient:innen Vertrauen bzw. Misstrauen in Politiker:innen bilden und welche Mechanismen bei der Vertrauens- bzw. Misstrauensbildung zum Tragen kommen.<\/p><p>Der theoretische Hintergrund der Dissertationsstudie speist sich aus soziologischen, politikwissenschaftlichen und kommunikationswissenschaftlichen Konzepten zum Ph\u00e4nomen der Vertrauensbildung. Dabei werden Ans\u00e4tze der politischen Sozialisationsforschung, der Sozialkapital-Theorie und der Kultivierungsforschung integriert, um folgenden zentralen Forschungsfragen auf den Grund zu gehen:<\/p><p>Welchen Einfluss haben Merkmale politischer Online-Berichterstattung auf die Vertrauensurteile jugendlicher Rezipient:innen? Inwiefern f\u00fchrt konsonante Berichterstattung zur Kultivierung von Vertrauen bzw. Misstrauen? Und wie wirken sich politische Sozialisationsfaktoren und Mediennutzung auf das Politikervertrauen aus?<\/p><p>In methodischer Hinsicht wurden als Vorstudie explorative, qualitative Fokusgruppen mit Sch\u00fcler:innen durchgef\u00fchrt, die zur Instrumentenentwicklung der Hauptstudie ma\u00dfgeblich beitrugen. Letztere wurde als experimentelle Online-Befragung von n = 258 Sch\u00fcler:innen der 10.-13. Jahrgangsstufe eines Gymnasiums in drei Befragungswellen \u00fcber mehrere Wochen hinweg realisiert.<\/p><p>Die Ergebnisse der Experimentalstudie zeigen unter anderem in entsprechenden Varianzanalysen, dass das Ausma\u00df an Konflikthaftigkeit in Online-Artikeln \u00fcber einen Politiker \u00fcber die Zeit hinweg entscheidend zur Kultivierung von Vertrauen bzw. Misstrauen jugendlicher Rezipient:innen in ihn beitr\u00e4gt. Die hierbei erfassten Vertrauensurteile beruhen vorrangig auf den in Faktorenanalysen gewonnenen Dimensionen \u201eSozialkompetenz\u201c und \u201eN\u00e4he zu Jugendlichen\u201c als vertrauensrelevanten Eigenschaften des dargestellten Politikers.<\/p><p>Erg\u00e4nzend zum laufenden Dissertationsprojekt f\u00fchrte Roland G\u00f6bbel im WS 2019\/20 zusammen mit einer Studierendengruppe des Masterstudiengangs Kommunikationsmanagement, zu der auch das aktuelle KomMa-Teammitglied Per Ole Uphaus geh\u00f6rt, in einem Lehrforschungsseminar eine Paper-Pencil-Klassenzimmerbefragung zum Politikervertrauen von Gymnasiast:innen und Hauptsch\u00fcler:innen durch. Das hier entwickelte Regressionsmodell zu Determinanten des Politikervertrauens wurde 2020 auf der Fachtagung \u201eD\u00fcsseldorfer Forum Politische Kommunikation\u201c pr\u00e4sentiert und Anfang 2022 im dazugeh\u00f6rigen Tagungsband\u00a0<a href=\"https:\/\/komma.ostfalia.de\/index.php\/studie-des-komma-teams-ueber-politikervertrauen-von-schuelern-erschienen\/\">als Aufsatz publiziert<\/a>.<\/p>\t\t\t\t\t\t<\/div>\n\t\t\t\t<\/div>\n\t\t\t\t\t<\/div>\n\t\t<\/div>\n\t\t\t\t\t<\/div>\n\t\t<\/section>\n\t\t\t\t<section class=\"elementor-section elementor-top-section elementor-element elementor-element-16b98f6 elementor-section-boxed elementor-section-height-default elementor-section-height-default\" data-id=\"16b98f6\" data-element_type=\"section\">\n\t\t\t\t\t\t<div class=\"elementor-container elementor-column-gap-default\">\n\t\t\t\t\t<div class=\"elementor-column elementor-col-33 elementor-top-column elementor-element elementor-element-72011f9\" data-id=\"72011f9\" data-element_type=\"column\">\n\t\t\t<div class=\"elementor-widget-wrap elementor-element-populated\">\n\t\t\t\t\t\t<div class=\"elementor-element elementor-element-8a16e1a elementor-widget elementor-widget-image\" data-id=\"8a16e1a\" data-element_type=\"widget\" data-widget_type=\"image.default\">\n\t\t\t\t<div class=\"elementor-widget-container\">\n\t\t\t\t\t\t\t\t\t\t\t\t\t<img fetchpriority=\"high\" decoding=\"async\" width=\"1024\" height=\"683\" src=\"https:\/\/komma.ostfalia.de\/wp-content\/uploads\/2022\/03\/220311_Neuerscheinung_Aufsatz_Politikervertrauen-1024x683.png\" class=\"attachment-large size-large wp-image-10081\" alt=\"\" srcset=\"https:\/\/komma.ostfalia.de\/wp-content\/uploads\/2022\/03\/220311_Neuerscheinung_Aufsatz_Politikervertrauen-1024x683.png 1024w, https:\/\/komma.ostfalia.de\/wp-content\/uploads\/2022\/03\/220311_Neuerscheinung_Aufsatz_Politikervertrauen-300x200.png 300w, https:\/\/komma.ostfalia.de\/wp-content\/uploads\/2022\/03\/220311_Neuerscheinung_Aufsatz_Politikervertrauen-768x512.png 768w, https:\/\/komma.ostfalia.de\/wp-content\/uploads\/2022\/03\/220311_Neuerscheinung_Aufsatz_Politikervertrauen-1536x1024.png 1536w, https:\/\/komma.ostfalia.de\/wp-content\/uploads\/2022\/03\/220311_Neuerscheinung_Aufsatz_Politikervertrauen-2048x1365.png 2048w\" sizes=\"(max-width: 1024px) 100vw, 1024px\" \/>\t\t\t\t\t\t\t\t\t\t\t\t\t<\/div>\n\t\t\t\t<\/div>\n\t\t\t\t<div class=\"elementor-element elementor-element-06d09f4 elementor-widget elementor-widget-heading\" data-id=\"06d09f4\" data-element_type=\"widget\" data-widget_type=\"heading.default\">\n\t\t\t\t<div class=\"elementor-widget-container\">\n\t\t\t<h2 class=\"elementor-heading-title elementor-size-default\"><a href=\"https:\/\/komma.ostfalia.de\/index.php\/studie-des-komma-teams-ueber-politikervertrauen-von-schuelern-erschienen\/\" target=\"_blank\">Studie des KomMa-Teams \u00fcber Politikervertrauen von Sch\u00fclern erschienen<\/a><\/h2>\t\t<\/div>\n\t\t\t\t<\/div>\n\t\t\t\t\t<\/div>\n\t\t<\/div>\n\t\t\t\t<div class=\"elementor-column elementor-col-33 elementor-top-column elementor-element elementor-element-b61563a\" data-id=\"b61563a\" data-element_type=\"column\">\n\t\t\t<div class=\"elementor-widget-wrap elementor-element-populated\">\n\t\t\t\t\t\t<div class=\"elementor-element elementor-element-6afb6b9 elementor-widget elementor-widget-image\" data-id=\"6afb6b9\" data-element_type=\"widget\" data-widget_type=\"image.default\">\n\t\t\t\t<div class=\"elementor-widget-container\">\n\t\t\t\t\t\t\t\t\t\t\t\t\t<img decoding=\"async\" width=\"1024\" height=\"576\" src=\"https:\/\/komma.ostfalia.de\/wp-content\/uploads\/2020\/09\/dfpk-2020_politikervertrauen-von-sch\u00fclern-1024x576.jpg\" class=\"attachment-large size-large wp-image-4302\" alt=\"\" srcset=\"https:\/\/komma.ostfalia.de\/wp-content\/uploads\/2020\/09\/dfpk-2020_politikervertrauen-von-sch\u00fclern-1024x576.jpg 1024w, https:\/\/komma.ostfalia.de\/wp-content\/uploads\/2020\/09\/dfpk-2020_politikervertrauen-von-sch\u00fclern-300x169.jpg 300w, https:\/\/komma.ostfalia.de\/wp-content\/uploads\/2020\/09\/dfpk-2020_politikervertrauen-von-sch\u00fclern-768x432.jpg 768w, https:\/\/komma.ostfalia.de\/wp-content\/uploads\/2020\/09\/dfpk-2020_politikervertrauen-von-sch\u00fclern.jpg 1120w\" sizes=\"(max-width: 1024px) 100vw, 1024px\" \/>\t\t\t\t\t\t\t\t\t\t\t\t\t<\/div>\n\t\t\t\t<\/div>\n\t\t\t\t<div class=\"elementor-element elementor-element-3668ecb elementor-widget elementor-widget-heading\" data-id=\"3668ecb\" data-element_type=\"widget\" data-widget_type=\"heading.default\">\n\t\t\t\t<div class=\"elementor-widget-container\">\n\t\t\t<h2 class=\"elementor-heading-title elementor-size-default\"><a href=\"https:\/\/komma.ostfalia.de\/index.php\/politikervertrauen-von-schulern-dfpk-2020\/\" target=\"_blank\">Politikervertrauen von Sch\u00fclern \u2013 KomMa-Nachwuchsforscher stellen Studie auf dem DFPK 2020 vor<\/a><\/h2>\t\t<\/div>\n\t\t\t\t<\/div>\n\t\t\t\t\t<\/div>\n\t\t<\/div>\n\t\t\t\t<div class=\"elementor-column elementor-col-33 elementor-top-column elementor-element elementor-element-d0abfe2\" data-id=\"d0abfe2\" data-element_type=\"column\">\n\t\t\t<div class=\"elementor-widget-wrap elementor-element-populated\">\n\t\t\t\t\t\t<div class=\"elementor-element elementor-element-3285a29 elementor-widget elementor-widget-image\" data-id=\"3285a29\" data-element_type=\"widget\" data-widget_type=\"image.default\">\n\t\t\t\t<div class=\"elementor-widget-container\">\n\t\t\t\t\t\t\t\t\t\t\t\t\t<img decoding=\"async\" width=\"907\" height=\"545\" src=\"https:\/\/komma.ostfalia.de\/wp-content\/uploads\/2022\/05\/Bild1.png\" class=\"attachment-large size-large wp-image-10924\" alt=\"\" srcset=\"https:\/\/komma.ostfalia.de\/wp-content\/uploads\/2022\/05\/Bild1.png 907w, https:\/\/komma.ostfalia.de\/wp-content\/uploads\/2022\/05\/Bild1-300x180.png 300w, https:\/\/komma.ostfalia.de\/wp-content\/uploads\/2022\/05\/Bild1-768x461.png 768w\" sizes=\"(max-width: 907px) 100vw, 907px\" \/>\t\t\t\t\t\t\t\t\t\t\t\t\t<\/div>\n\t\t\t\t<\/div>\n\t\t\t\t<div class=\"elementor-element elementor-element-879a88c elementor-widget elementor-widget-heading\" data-id=\"879a88c\" data-element_type=\"widget\" data-widget_type=\"heading.default\">\n\t\t\t\t<div class=\"elementor-widget-container\">\n\t\t\t<h2 class=\"elementor-heading-title elementor-size-default\"><a href=\"https:\/\/komma.ostfalia.de\/index.php\/masterstudierende-erforschen-politikervertrauen-und-den-wandel-des-oeffentlich-rechtlichen-rundfunks\/\" target=\"_blank\">Masterstudierende erforschen Politikervertrauen und den Wandel des \u00f6ffentlich-rechtlichen-Rundfunks<\/a><\/h2>\t\t<\/div>\n\t\t\t\t<\/div>\n\t\t\t\t\t<\/div>\n\t\t<\/div>\n\t\t\t\t\t<\/div>\n\t\t<\/section>\n\t\t\t\t<\/div>\n\t\t","protected":false},"excerpt":{"rendered":"<p>AnsprechpartnerRoland G\u00f6bbel, M.A. (Dissertationsprojekt, Befragungsstudie im MA Kommunikationsmanagement)Per Ole Uphaus, M.A. (Befragungsstudie im MA Kommunikationsmanagement) ForschungsfeldVertrauensforschung im Kontext von politischer Kommunikation, politischer Sozialisation Jugendlicher und Kultivierungsforschung MethodenMehrwellige experimentelle Online-Befragung,qualitative Gruppendiskussionen,Paper-Pencil-Klassenzimmerbefragung Im KomMa-Forschungsschwerpunkt \u201ePolitikervertrauen\u201c promoviert Roland G\u00f6bbel zum Thema \u201ePolitikern vertrauen? Zur Vertrauensbildung durch politische Online-Berichterstattung bei jugendlichen Rezipienten\u201c als externer Doktorand der Friedrich-Schiller-Universit\u00e4t Jena (Erstgutachter: [&hellip;]<\/p>\n","protected":false},"author":17,"featured_media":0,"parent":0,"menu_order":0,"comment_status":"closed","ping_status":"closed","template":"","meta":{"_acf_changed":false,"footnotes":""},"acf":[],"yoast_head":"<title>Politikervertrauen - KomMa<\/title>\n<meta name=\"robots\" content=\"index, follow, max-snippet:-1, max-image-preview:large, max-video-preview:-1\" \/>\n<link rel=\"canonical\" href=\"https:\/\/komma.ostfalia.de\/index.php\/politikervertrauen\/\" \/>\n<meta property=\"og:locale\" content=\"de_DE\" \/>\n<meta property=\"og:type\" content=\"article\" \/>\n<meta property=\"og:title\" content=\"Politikervertrauen - KomMa\" \/>\n<meta property=\"og:description\" content=\"AnsprechpartnerRoland G\u00f6bbel, M.A. (Dissertationsprojekt, Befragungsstudie im MA Kommunikationsmanagement)Per Ole Uphaus, M.A. (Befragungsstudie im MA Kommunikationsmanagement) ForschungsfeldVertrauensforschung im Kontext von politischer Kommunikation, politischer Sozialisation Jugendlicher und Kultivierungsforschung MethodenMehrwellige experimentelle Online-Befragung,qualitative Gruppendiskussionen,Paper-Pencil-Klassenzimmerbefragung Im KomMa-Forschungsschwerpunkt \u201ePolitikervertrauen\u201c promoviert Roland G\u00f6bbel zum Thema \u201ePolitikern vertrauen? Zur Vertrauensbildung durch politische Online-Berichterstattung bei jugendlichen Rezipienten\u201c als externer Doktorand der Friedrich-Schiller-Universit\u00e4t Jena (Erstgutachter: [&hellip;]\" \/>\n<meta property=\"og:url\" content=\"https:\/\/komma.ostfalia.de\/index.php\/politikervertrauen\/\" \/>\n<meta property=\"og:site_name\" content=\"KomMa\" \/>\n<meta property=\"article:modified_time\" content=\"2022-11-01T15:18:29+00:00\" \/>\n<meta property=\"og:image\" content=\"https:\/\/komma.ostfalia.de\/wp-content\/uploads\/2022\/03\/220311_Neuerscheinung_Aufsatz_Politikervertrauen-1024x683.png\" \/>\n<meta name=\"twitter:card\" content=\"summary_large_image\" \/>\n<meta name=\"twitter:site\" content=\"@komma_ostfalia\" \/>\n<meta name=\"twitter:label1\" content=\"Gesch\u00e4tzte Lesezeit\" \/>\n\t<meta name=\"twitter:data1\" content=\"3\u00a0Minuten\" \/>\n<script type=\"application\/ld+json\" class=\"yoast-schema-graph\">{\"@context\":\"https:\/\/schema.org\",\"@graph\":[{\"@type\":\"WebPage\",\"@id\":\"https:\/\/komma.ostfalia.de\/index.php\/politikervertrauen\/\",\"url\":\"https:\/\/komma.ostfalia.de\/index.php\/politikervertrauen\/\",\"name\":\"Politikervertrauen - KomMa\",\"isPartOf\":{\"@id\":\"https:\/\/komma.ostfalia.de\/#website\"},\"primaryImageOfPage\":{\"@id\":\"https:\/\/komma.ostfalia.de\/index.php\/politikervertrauen\/#primaryimage\"},\"image\":{\"@id\":\"https:\/\/komma.ostfalia.de\/index.php\/politikervertrauen\/#primaryimage\"},\"thumbnailUrl\":\"https:\/\/komma.ostfalia.de\/wp-content\/uploads\/2022\/03\/220311_Neuerscheinung_Aufsatz_Politikervertrauen-1024x683.png\",\"datePublished\":\"2022-05-23T07:43:29+00:00\",\"dateModified\":\"2022-11-01T15:18:29+00:00\",\"breadcrumb\":{\"@id\":\"https:\/\/komma.ostfalia.de\/index.php\/politikervertrauen\/#breadcrumb\"},\"inLanguage\":\"de\",\"potentialAction\":[{\"@type\":\"ReadAction\",\"target\":[\"https:\/\/komma.ostfalia.de\/index.php\/politikervertrauen\/\"]}]},{\"@type\":\"ImageObject\",\"inLanguage\":\"de\",\"@id\":\"https:\/\/komma.ostfalia.de\/index.php\/politikervertrauen\/#primaryimage\",\"url\":\"https:\/\/komma.ostfalia.de\/wp-content\/uploads\/2022\/03\/220311_Neuerscheinung_Aufsatz_Politikervertrauen.png\",\"contentUrl\":\"https:\/\/komma.ostfalia.de\/wp-content\/uploads\/2022\/03\/220311_Neuerscheinung_Aufsatz_Politikervertrauen.png\",\"width\":6000,\"height\":4000},{\"@type\":\"BreadcrumbList\",\"@id\":\"https:\/\/komma.ostfalia.de\/index.php\/politikervertrauen\/#breadcrumb\",\"itemListElement\":[{\"@type\":\"ListItem\",\"position\":1,\"name\":\"Startseite\",\"item\":\"https:\/\/komma.ostfalia.de\/\"},{\"@type\":\"ListItem\",\"position\":2,\"name\":\"Politikervertrauen\"}]},{\"@type\":\"WebSite\",\"@id\":\"https:\/\/komma.ostfalia.de\/#website\",\"url\":\"https:\/\/komma.ostfalia.de\/\",\"name\":\"KomMa\",\"description\":\"Professur f\u00fcr Kommunikationsmanagement\",\"publisher\":{\"@id\":\"https:\/\/komma.ostfalia.de\/#organization\"},\"potentialAction\":[{\"@type\":\"SearchAction\",\"target\":{\"@type\":\"EntryPoint\",\"urlTemplate\":\"https:\/\/komma.ostfalia.de\/?s={search_term_string}\"},\"query-input\":\"required name=search_term_string\"}],\"inLanguage\":\"de\"},{\"@type\":\"Organization\",\"@id\":\"https:\/\/komma.ostfalia.de\/#organization\",\"name\":\"KomMa - Professur f\u00fcr Kommunikationsmanagement\",\"url\":\"https:\/\/komma.ostfalia.de\/\",\"logo\":{\"@type\":\"ImageObject\",\"inLanguage\":\"de\",\"@id\":\"https:\/\/komma.ostfalia.de\/#\/schema\/logo\/image\/\",\"url\":\"https:\/\/komma.ostfalia.de\/wp-content\/uploads\/2020\/05\/komma-signet.png\",\"contentUrl\":\"https:\/\/komma.ostfalia.de\/wp-content\/uploads\/2020\/05\/komma-signet.png\",\"width\":512,\"height\":512,\"caption\":\"KomMa - Professur f\u00fcr Kommunikationsmanagement\"},\"image\":{\"@id\":\"https:\/\/komma.ostfalia.de\/#\/schema\/logo\/image\/\"},\"sameAs\":[\"https:\/\/twitter.com\/komma_ostfalia\"]}]}<\/script>","yoast_head_json":{"title":"Politikervertrauen - KomMa","robots":{"index":"index","follow":"follow","max-snippet":"max-snippet:-1","max-image-preview":"max-image-preview:large","max-video-preview":"max-video-preview:-1"},"canonical":"https:\/\/komma.ostfalia.de\/index.php\/politikervertrauen\/","og_locale":"de_DE","og_type":"article","og_title":"Politikervertrauen - KomMa","og_description":"AnsprechpartnerRoland G\u00f6bbel, M.A. (Dissertationsprojekt, Befragungsstudie im MA Kommunikationsmanagement)Per Ole Uphaus, M.A. (Befragungsstudie im MA Kommunikationsmanagement) ForschungsfeldVertrauensforschung im Kontext von politischer Kommunikation, politischer Sozialisation Jugendlicher und Kultivierungsforschung MethodenMehrwellige experimentelle Online-Befragung,qualitative Gruppendiskussionen,Paper-Pencil-Klassenzimmerbefragung Im KomMa-Forschungsschwerpunkt \u201ePolitikervertrauen\u201c promoviert Roland G\u00f6bbel zum Thema \u201ePolitikern vertrauen? Zur Vertrauensbildung durch politische Online-Berichterstattung bei jugendlichen Rezipienten\u201c als externer Doktorand der Friedrich-Schiller-Universit\u00e4t Jena (Erstgutachter: [&hellip;]","og_url":"https:\/\/komma.ostfalia.de\/index.php\/politikervertrauen\/","og_site_name":"KomMa","article_modified_time":"2022-11-01T15:18:29+00:00","og_image":[{"url":"https:\/\/komma.ostfalia.de\/wp-content\/uploads\/2022\/03\/220311_Neuerscheinung_Aufsatz_Politikervertrauen-1024x683.png"}],"twitter_card":"summary_large_image","twitter_site":"@komma_ostfalia","twitter_misc":{"Gesch\u00e4tzte Lesezeit":"3\u00a0Minuten"},"schema":{"@context":"https:\/\/schema.org","@graph":[{"@type":"WebPage","@id":"https:\/\/komma.ostfalia.de\/index.php\/politikervertrauen\/","url":"https:\/\/komma.ostfalia.de\/index.php\/politikervertrauen\/","name":"Politikervertrauen - KomMa","isPartOf":{"@id":"https:\/\/komma.ostfalia.de\/#website"},"primaryImageOfPage":{"@id":"https:\/\/komma.ostfalia.de\/index.php\/politikervertrauen\/#primaryimage"},"image":{"@id":"https:\/\/komma.ostfalia.de\/index.php\/politikervertrauen\/#primaryimage"},"thumbnailUrl":"https:\/\/komma.ostfalia.de\/wp-content\/uploads\/2022\/03\/220311_Neuerscheinung_Aufsatz_Politikervertrauen-1024x683.png","datePublished":"2022-05-23T07:43:29+00:00","dateModified":"2022-11-01T15:18:29+00:00","breadcrumb":{"@id":"https:\/\/komma.ostfalia.de\/index.php\/politikervertrauen\/#breadcrumb"},"inLanguage":"de","potentialAction":[{"@type":"ReadAction","target":["https:\/\/komma.ostfalia.de\/index.php\/politikervertrauen\/"]}]},{"@type":"ImageObject","inLanguage":"de","@id":"https:\/\/komma.ostfalia.de\/index.php\/politikervertrauen\/#primaryimage","url":"https:\/\/komma.ostfalia.de\/wp-content\/uploads\/2022\/03\/220311_Neuerscheinung_Aufsatz_Politikervertrauen.png","contentUrl":"https:\/\/komma.ostfalia.de\/wp-content\/uploads\/2022\/03\/220311_Neuerscheinung_Aufsatz_Politikervertrauen.png","width":6000,"height":4000},{"@type":"BreadcrumbList","@id":"https:\/\/komma.ostfalia.de\/index.php\/politikervertrauen\/#breadcrumb","itemListElement":[{"@type":"ListItem","position":1,"name":"Startseite","item":"https:\/\/komma.ostfalia.de\/"},{"@type":"ListItem","position":2,"name":"Politikervertrauen"}]},{"@type":"WebSite","@id":"https:\/\/komma.ostfalia.de\/#website","url":"https:\/\/komma.ostfalia.de\/","name":"KomMa","description":"Professur f\u00fcr Kommunikationsmanagement","publisher":{"@id":"https:\/\/komma.ostfalia.de\/#organization"},"potentialAction":[{"@type":"SearchAction","target":{"@type":"EntryPoint","urlTemplate":"https:\/\/komma.ostfalia.de\/?s={search_term_string}"},"query-input":"required name=search_term_string"}],"inLanguage":"de"},{"@type":"Organization","@id":"https:\/\/komma.ostfalia.de\/#organization","name":"KomMa - Professur f\u00fcr Kommunikationsmanagement","url":"https:\/\/komma.ostfalia.de\/","logo":{"@type":"ImageObject","inLanguage":"de","@id":"https:\/\/komma.ostfalia.de\/#\/schema\/logo\/image\/","url":"https:\/\/komma.ostfalia.de\/wp-content\/uploads\/2020\/05\/komma-signet.png","contentUrl":"https:\/\/komma.ostfalia.de\/wp-content\/uploads\/2020\/05\/komma-signet.png","width":512,"height":512,"caption":"KomMa - Professur f\u00fcr Kommunikationsmanagement"},"image":{"@id":"https:\/\/komma.ostfalia.de\/#\/schema\/logo\/image\/"},"sameAs":["https:\/\/twitter.com\/komma_ostfalia"]}]}},"_links":{"self":[{"href":"https:\/\/komma.ostfalia.de\/index.php\/wp-json\/wp\/v2\/pages\/10922"}],"collection":[{"href":"https:\/\/komma.ostfalia.de\/index.php\/wp-json\/wp\/v2\/pages"}],"about":[{"href":"https:\/\/komma.ostfalia.de\/index.php\/wp-json\/wp\/v2\/types\/page"}],"author":[{"embeddable":true,"href":"https:\/\/komma.ostfalia.de\/index.php\/wp-json\/wp\/v2\/users\/17"}],"replies":[{"embeddable":true,"href":"https:\/\/komma.ostfalia.de\/index.php\/wp-json\/wp\/v2\/comments?post=10922"}],"version-history":[{"count":9,"href":"https:\/\/komma.ostfalia.de\/index.php\/wp-json\/wp\/v2\/pages\/10922\/revisions"}],"predecessor-version":[{"id":11679,"href":"https:\/\/komma.ostfalia.de\/index.php\/wp-json\/wp\/v2\/pages\/10922\/revisions\/11679"}],"wp:attachment":[{"href":"https:\/\/komma.ostfalia.de\/index.php\/wp-json\/wp\/v2\/media?parent=10922"}],"curies":[{"name":"wp","href":"https:\/\/api.w.org\/{rel}","templated":true}]}}