{"id":10898,"date":"2022-05-23T09:29:16","date_gmt":"2022-05-23T07:29:16","guid":{"rendered":"https:\/\/komma.ostfalia.de\/?page_id=10898"},"modified":"2022-05-23T09:32:30","modified_gmt":"2022-05-23T07:32:30","slug":"metropole","status":"publish","type":"page","link":"https:\/\/komma.ostfalia.de\/index.php\/metropole\/","title":{"rendered":"MetropolE"},"content":{"rendered":"\t\t<div data-elementor-type=\"wp-page\" data-elementor-id=\"10898\" class=\"elementor elementor-10898\">\n\t\t\t\t\t\t<section class=\"elementor-section elementor-top-section elementor-element elementor-element-9e9c82f elementor-section-boxed elementor-section-height-default elementor-section-height-default\" data-id=\"9e9c82f\" data-element_type=\"section\">\n\t\t\t\t\t\t<div class=\"elementor-container elementor-column-gap-default\">\n\t\t\t\t\t<div class=\"elementor-column elementor-col-50 elementor-top-column elementor-element elementor-element-cab5ccc\" data-id=\"cab5ccc\" data-element_type=\"column\">\n\t\t\t<div class=\"elementor-widget-wrap elementor-element-populated\">\n\t\t\t\t\t\t<div class=\"elementor-element elementor-element-cd06cdd elementor-widget elementor-widget-image\" data-id=\"cd06cdd\" data-element_type=\"widget\" data-widget_type=\"image.default\">\n\t\t\t\t<div class=\"elementor-widget-container\">\n\t\t\t\t\t\t\t\t\t\t\t\t\t<img fetchpriority=\"high\" decoding=\"async\" width=\"650\" height=\"439\" src=\"https:\/\/komma.ostfalia.de\/wp-content\/uploads\/2022\/05\/191021-ipad_mockup.png\" class=\"attachment-large size-large wp-image-10901\" alt=\"\" srcset=\"https:\/\/komma.ostfalia.de\/wp-content\/uploads\/2022\/05\/191021-ipad_mockup.png 650w, https:\/\/komma.ostfalia.de\/wp-content\/uploads\/2022\/05\/191021-ipad_mockup-300x203.png 300w\" sizes=\"(max-width: 650px) 100vw, 650px\" \/>\t\t\t\t\t\t\t\t\t\t\t\t\t<\/div>\n\t\t\t\t<\/div>\n\t\t\t\t<div class=\"elementor-element elementor-element-efe0902 elementor-widget elementor-widget-text-editor\" data-id=\"efe0902\" data-element_type=\"widget\" data-widget_type=\"text-editor.default\">\n\t\t\t\t<div class=\"elementor-widget-container\">\n\t\t\t\t\t\t\t<p align=\"left\"><b>Projektlaufzeit:<\/b><br \/>01. November 2016 \u2013 31. Oktober 2018<\/p>\t\t\t\t\t\t<\/div>\n\t\t\t\t<\/div>\n\t\t\t\t\t<\/div>\n\t\t<\/div>\n\t\t\t\t<div class=\"elementor-column elementor-col-50 elementor-top-column elementor-element elementor-element-6cfa167\" data-id=\"6cfa167\" data-element_type=\"column\">\n\t\t\t<div class=\"elementor-widget-wrap elementor-element-populated\">\n\t\t\t\t\t\t<div class=\"elementor-element elementor-element-9ce2216 elementor-widget elementor-widget-text-editor\" data-id=\"9ce2216\" data-element_type=\"widget\" data-widget_type=\"text-editor.default\">\n\t\t\t\t<div class=\"elementor-widget-container\">\n\t\t\t\t\t\t\t<p><strong>Elektromobilit\u00e4t: Ladeinfrastruktur und touristische Routen f\u00fcr die Metropolregion<\/strong><\/p><p>Im Projekt Metropol_E wurde ein (inter-)aktiver F\u00fchrer entlang der CCS-Ladestationen der Metropolregion Hannover-Braunschweig-G\u00f6ttingen-Wolfsburg gestaltet. Eine entsprechende App ist nach wie vor f\u00fcr iPhone und Android verf\u00fcgbar. Hier werden die entsprechenden Ladem\u00f6glichkeiten aufgezeigt und Sehensw\u00fcrdigkeiten integriert. Ein besonderer Schwerpunkt liegt auf unterschiedlichen Empfehlungsrouten zur Verbindung von touristischen Zielen und Ladem\u00f6glichkeiten.\u00a0<\/p><p>Ziel des Projektes war insbesondere, Attraktivit\u00e4t und Sichtbarkeit von Elektromobilit\u00e4t zu erh\u00f6hen und zugleich Marketing-Aspekte f\u00fcr die teilnehmenden Kommunen zu schaffen. Aus der aktuellen Sicht pr\u00e4sentiert die Anwendung auch die fr\u00fche Vorreiterrolle der Metropolregion bei der aufgebauten\u00a0<i>\u00f6ffentlichen<\/i>\u00a0Ladeinfrastruktur. Das Projekt wurde in Kooperation von WOB AG (Koordination), dem Verein Lautlos Durch Deutschland sowie der Ostfalia in interdisziplin\u00e4rem Austausch der Bereiche Verkehr und Medien entwickelt. Im KomMa-Team lag die Verantwortung f\u00fcr das Kommunikationskonzept und die attraktive Umsetzung von Inhalten auf der Anwendungsoberfl\u00e4che. KomMa engagierte sich nach Projektabschluss f\u00fcr einen weiteren Ausbau des Ansatzes, der die auch nach Ablauf der Projektjahre immer noch weit verbreitete \u201eLadeangst\u201c adressierte. Im Zuge des Projektes wurde zudem das \u201eMarketingparadoxon\u201c adressiert. Aus KomMa-Sicht war dies besonders wichtig, denn wer Marketing f\u00fcr touristische Routen betreibt und f\u00fcr die vorhandene Ladeinfrastruktur wirbt, muss auch damit rechnen, dass die Kampagne erfolg hat &#8211; und dann alle verf\u00fcgbaren Ladepunkte &#8211; an Wochenenden beispielsweise &#8211; schnell belegt sind und Wartezeiten entstehen. Wer heute in die App schaut, erkennt schnell, dass die Zahl der Ladealternativen zwischenzeitlich gro\u00df ist. Vielleicht auch eine Folge des Projektes, in dessen Zuge auch private Investoren f\u00fcr die Einrichtung von Ladem\u00f6glichkeiten begeistert wurden.\u00a0<\/p><p><b><span style=\"font-size: 18.0pt; mso-bidi-font-size: 11.0pt; line-height: 115%; font-family: 'Calibri',sans-serif; mso-ascii-theme-font: minor-latin; mso-fareast-font-family: Calibri; mso-fareast-theme-font: minor-latin; mso-hansi-theme-font: minor-latin; mso-bidi-font-family: 'Times New Roman'; mso-bidi-theme-font: minor-bidi; mso-ansi-language: DE; mso-fareast-language: EN-US; mso-bidi-language: AR-SA;\"><span style=\"font-size: 14pt;\">Abschlussbericht zum Verwendungsnachweis F\u00f6rderprojekt:<\/span>\u00a0<\/span><\/b><a href=\"https:\/\/komma.ostfalia.de\/wp-content\/uploads\/2022\/05\/Abschlussbericht_MetropolE.pdf\">Abschlussbericht_MetropolE<\/a><\/p>\t\t\t\t\t\t<\/div>\n\t\t\t\t<\/div>\n\t\t\t\t\t<\/div>\n\t\t<\/div>\n\t\t\t\t\t<\/div>\n\t\t<\/section>\n\t\t\t\t<\/div>\n\t\t","protected":false},"excerpt":{"rendered":"<p>Projektlaufzeit:01. November 2016 \u2013 31. Oktober 2018 Elektromobilit\u00e4t: Ladeinfrastruktur und touristische Routen f\u00fcr die Metropolregion Im Projekt Metropol_E wurde ein (inter-)aktiver F\u00fchrer entlang der CCS-Ladestationen der Metropolregion Hannover-Braunschweig-G\u00f6ttingen-Wolfsburg gestaltet. Eine entsprechende App ist nach wie vor f\u00fcr iPhone und Android verf\u00fcgbar. Hier werden die entsprechenden Ladem\u00f6glichkeiten aufgezeigt und Sehensw\u00fcrdigkeiten integriert. Ein besonderer Schwerpunkt liegt auf [&hellip;]<\/p>\n","protected":false},"author":17,"featured_media":0,"parent":0,"menu_order":0,"comment_status":"closed","ping_status":"closed","template":"","meta":{"_acf_changed":false,"footnotes":""},"acf":[],"yoast_head":"<title>MetropolE - KomMa<\/title>\n<meta name=\"robots\" content=\"index, follow, max-snippet:-1, max-image-preview:large, max-video-preview:-1\" \/>\n<link rel=\"canonical\" href=\"https:\/\/komma.ostfalia.de\/index.php\/metropole\/\" \/>\n<meta property=\"og:locale\" content=\"de_DE\" \/>\n<meta property=\"og:type\" content=\"article\" \/>\n<meta property=\"og:title\" content=\"MetropolE - KomMa\" \/>\n<meta property=\"og:description\" content=\"Projektlaufzeit:01. November 2016 \u2013 31. Oktober 2018 Elektromobilit\u00e4t: Ladeinfrastruktur und touristische Routen f\u00fcr die Metropolregion Im Projekt Metropol_E wurde ein (inter-)aktiver F\u00fchrer entlang der CCS-Ladestationen der Metropolregion Hannover-Braunschweig-G\u00f6ttingen-Wolfsburg gestaltet. Eine entsprechende App ist nach wie vor f\u00fcr iPhone und Android verf\u00fcgbar. Hier werden die entsprechenden Ladem\u00f6glichkeiten aufgezeigt und Sehensw\u00fcrdigkeiten integriert. Ein besonderer Schwerpunkt liegt auf [&hellip;]\" \/>\n<meta property=\"og:url\" content=\"https:\/\/komma.ostfalia.de\/index.php\/metropole\/\" \/>\n<meta property=\"og:site_name\" content=\"KomMa\" \/>\n<meta property=\"article:modified_time\" content=\"2022-05-23T07:32:30+00:00\" \/>\n<meta property=\"og:image\" content=\"https:\/\/komma.ostfalia.de\/wp-content\/uploads\/2022\/05\/191021-ipad_mockup.png\" \/>\n<meta name=\"twitter:card\" content=\"summary_large_image\" \/>\n<meta name=\"twitter:site\" content=\"@komma_ostfalia\" \/>\n<meta name=\"twitter:label1\" content=\"Gesch\u00e4tzte Lesezeit\" \/>\n\t<meta name=\"twitter:data1\" content=\"2\u00a0Minuten\" \/>\n<script type=\"application\/ld+json\" class=\"yoast-schema-graph\">{\"@context\":\"https:\/\/schema.org\",\"@graph\":[{\"@type\":\"WebPage\",\"@id\":\"https:\/\/komma.ostfalia.de\/index.php\/metropole\/\",\"url\":\"https:\/\/komma.ostfalia.de\/index.php\/metropole\/\",\"name\":\"MetropolE - KomMa\",\"isPartOf\":{\"@id\":\"https:\/\/komma.ostfalia.de\/#website\"},\"primaryImageOfPage\":{\"@id\":\"https:\/\/komma.ostfalia.de\/index.php\/metropole\/#primaryimage\"},\"image\":{\"@id\":\"https:\/\/komma.ostfalia.de\/index.php\/metropole\/#primaryimage\"},\"thumbnailUrl\":\"https:\/\/komma.ostfalia.de\/wp-content\/uploads\/2022\/05\/191021-ipad_mockup.png\",\"datePublished\":\"2022-05-23T07:29:16+00:00\",\"dateModified\":\"2022-05-23T07:32:30+00:00\",\"breadcrumb\":{\"@id\":\"https:\/\/komma.ostfalia.de\/index.php\/metropole\/#breadcrumb\"},\"inLanguage\":\"de\",\"potentialAction\":[{\"@type\":\"ReadAction\",\"target\":[\"https:\/\/komma.ostfalia.de\/index.php\/metropole\/\"]}]},{\"@type\":\"ImageObject\",\"inLanguage\":\"de\",\"@id\":\"https:\/\/komma.ostfalia.de\/index.php\/metropole\/#primaryimage\",\"url\":\"https:\/\/komma.ostfalia.de\/wp-content\/uploads\/2022\/05\/191021-ipad_mockup.png\",\"contentUrl\":\"https:\/\/komma.ostfalia.de\/wp-content\/uploads\/2022\/05\/191021-ipad_mockup.png\",\"width\":650,\"height\":439},{\"@type\":\"BreadcrumbList\",\"@id\":\"https:\/\/komma.ostfalia.de\/index.php\/metropole\/#breadcrumb\",\"itemListElement\":[{\"@type\":\"ListItem\",\"position\":1,\"name\":\"Startseite\",\"item\":\"https:\/\/komma.ostfalia.de\/\"},{\"@type\":\"ListItem\",\"position\":2,\"name\":\"MetropolE\"}]},{\"@type\":\"WebSite\",\"@id\":\"https:\/\/komma.ostfalia.de\/#website\",\"url\":\"https:\/\/komma.ostfalia.de\/\",\"name\":\"KomMa\",\"description\":\"Professur f\u00fcr Kommunikationsmanagement\",\"publisher\":{\"@id\":\"https:\/\/komma.ostfalia.de\/#organization\"},\"potentialAction\":[{\"@type\":\"SearchAction\",\"target\":{\"@type\":\"EntryPoint\",\"urlTemplate\":\"https:\/\/komma.ostfalia.de\/?s={search_term_string}\"},\"query-input\":\"required name=search_term_string\"}],\"inLanguage\":\"de\"},{\"@type\":\"Organization\",\"@id\":\"https:\/\/komma.ostfalia.de\/#organization\",\"name\":\"KomMa - Professur f\u00fcr Kommunikationsmanagement\",\"url\":\"https:\/\/komma.ostfalia.de\/\",\"logo\":{\"@type\":\"ImageObject\",\"inLanguage\":\"de\",\"@id\":\"https:\/\/komma.ostfalia.de\/#\/schema\/logo\/image\/\",\"url\":\"https:\/\/komma.ostfalia.de\/wp-content\/uploads\/2020\/05\/komma-signet.png\",\"contentUrl\":\"https:\/\/komma.ostfalia.de\/wp-content\/uploads\/2020\/05\/komma-signet.png\",\"width\":512,\"height\":512,\"caption\":\"KomMa - Professur f\u00fcr Kommunikationsmanagement\"},\"image\":{\"@id\":\"https:\/\/komma.ostfalia.de\/#\/schema\/logo\/image\/\"},\"sameAs\":[\"https:\/\/twitter.com\/komma_ostfalia\"]}]}<\/script>","yoast_head_json":{"title":"MetropolE - KomMa","robots":{"index":"index","follow":"follow","max-snippet":"max-snippet:-1","max-image-preview":"max-image-preview:large","max-video-preview":"max-video-preview:-1"},"canonical":"https:\/\/komma.ostfalia.de\/index.php\/metropole\/","og_locale":"de_DE","og_type":"article","og_title":"MetropolE - KomMa","og_description":"Projektlaufzeit:01. November 2016 \u2013 31. Oktober 2018 Elektromobilit\u00e4t: Ladeinfrastruktur und touristische Routen f\u00fcr die Metropolregion Im Projekt Metropol_E wurde ein (inter-)aktiver F\u00fchrer entlang der CCS-Ladestationen der Metropolregion Hannover-Braunschweig-G\u00f6ttingen-Wolfsburg gestaltet. Eine entsprechende App ist nach wie vor f\u00fcr iPhone und Android verf\u00fcgbar. Hier werden die entsprechenden Ladem\u00f6glichkeiten aufgezeigt und Sehensw\u00fcrdigkeiten integriert. Ein besonderer Schwerpunkt liegt auf [&hellip;]","og_url":"https:\/\/komma.ostfalia.de\/index.php\/metropole\/","og_site_name":"KomMa","article_modified_time":"2022-05-23T07:32:30+00:00","og_image":[{"url":"https:\/\/komma.ostfalia.de\/wp-content\/uploads\/2022\/05\/191021-ipad_mockup.png"}],"twitter_card":"summary_large_image","twitter_site":"@komma_ostfalia","twitter_misc":{"Gesch\u00e4tzte Lesezeit":"2\u00a0Minuten"},"schema":{"@context":"https:\/\/schema.org","@graph":[{"@type":"WebPage","@id":"https:\/\/komma.ostfalia.de\/index.php\/metropole\/","url":"https:\/\/komma.ostfalia.de\/index.php\/metropole\/","name":"MetropolE - KomMa","isPartOf":{"@id":"https:\/\/komma.ostfalia.de\/#website"},"primaryImageOfPage":{"@id":"https:\/\/komma.ostfalia.de\/index.php\/metropole\/#primaryimage"},"image":{"@id":"https:\/\/komma.ostfalia.de\/index.php\/metropole\/#primaryimage"},"thumbnailUrl":"https:\/\/komma.ostfalia.de\/wp-content\/uploads\/2022\/05\/191021-ipad_mockup.png","datePublished":"2022-05-23T07:29:16+00:00","dateModified":"2022-05-23T07:32:30+00:00","breadcrumb":{"@id":"https:\/\/komma.ostfalia.de\/index.php\/metropole\/#breadcrumb"},"inLanguage":"de","potentialAction":[{"@type":"ReadAction","target":["https:\/\/komma.ostfalia.de\/index.php\/metropole\/"]}]},{"@type":"ImageObject","inLanguage":"de","@id":"https:\/\/komma.ostfalia.de\/index.php\/metropole\/#primaryimage","url":"https:\/\/komma.ostfalia.de\/wp-content\/uploads\/2022\/05\/191021-ipad_mockup.png","contentUrl":"https:\/\/komma.ostfalia.de\/wp-content\/uploads\/2022\/05\/191021-ipad_mockup.png","width":650,"height":439},{"@type":"BreadcrumbList","@id":"https:\/\/komma.ostfalia.de\/index.php\/metropole\/#breadcrumb","itemListElement":[{"@type":"ListItem","position":1,"name":"Startseite","item":"https:\/\/komma.ostfalia.de\/"},{"@type":"ListItem","position":2,"name":"MetropolE"}]},{"@type":"WebSite","@id":"https:\/\/komma.ostfalia.de\/#website","url":"https:\/\/komma.ostfalia.de\/","name":"KomMa","description":"Professur f\u00fcr Kommunikationsmanagement","publisher":{"@id":"https:\/\/komma.ostfalia.de\/#organization"},"potentialAction":[{"@type":"SearchAction","target":{"@type":"EntryPoint","urlTemplate":"https:\/\/komma.ostfalia.de\/?s={search_term_string}"},"query-input":"required name=search_term_string"}],"inLanguage":"de"},{"@type":"Organization","@id":"https:\/\/komma.ostfalia.de\/#organization","name":"KomMa - Professur f\u00fcr Kommunikationsmanagement","url":"https:\/\/komma.ostfalia.de\/","logo":{"@type":"ImageObject","inLanguage":"de","@id":"https:\/\/komma.ostfalia.de\/#\/schema\/logo\/image\/","url":"https:\/\/komma.ostfalia.de\/wp-content\/uploads\/2020\/05\/komma-signet.png","contentUrl":"https:\/\/komma.ostfalia.de\/wp-content\/uploads\/2020\/05\/komma-signet.png","width":512,"height":512,"caption":"KomMa - Professur f\u00fcr Kommunikationsmanagement"},"image":{"@id":"https:\/\/komma.ostfalia.de\/#\/schema\/logo\/image\/"},"sameAs":["https:\/\/twitter.com\/komma_ostfalia"]}]}},"_links":{"self":[{"href":"https:\/\/komma.ostfalia.de\/index.php\/wp-json\/wp\/v2\/pages\/10898"}],"collection":[{"href":"https:\/\/komma.ostfalia.de\/index.php\/wp-json\/wp\/v2\/pages"}],"about":[{"href":"https:\/\/komma.ostfalia.de\/index.php\/wp-json\/wp\/v2\/types\/page"}],"author":[{"embeddable":true,"href":"https:\/\/komma.ostfalia.de\/index.php\/wp-json\/wp\/v2\/users\/17"}],"replies":[{"embeddable":true,"href":"https:\/\/komma.ostfalia.de\/index.php\/wp-json\/wp\/v2\/comments?post=10898"}],"version-history":[{"count":0,"href":"https:\/\/komma.ostfalia.de\/index.php\/wp-json\/wp\/v2\/pages\/10898\/revisions"}],"wp:attachment":[{"href":"https:\/\/komma.ostfalia.de\/index.php\/wp-json\/wp\/v2\/media?parent=10898"}],"curies":[{"name":"wp","href":"https:\/\/api.w.org\/{rel}","templated":true}]}}