{"id":10360,"date":"2022-04-07T08:35:04","date_gmt":"2022-04-07T06:35:04","guid":{"rendered":"https:\/\/komma.ostfalia.de\/?page_id=10360"},"modified":"2022-11-01T16:37:44","modified_gmt":"2022-11-01T15:37:44","slug":"verflechtungsstrukturen-deutscher-tv-sender","status":"publish","type":"page","link":"https:\/\/komma.ostfalia.de\/index.php\/verflechtungsstrukturen-deutscher-tv-sender\/","title":{"rendered":"Verflechtungsstrukturen deutscher TV-Sender"},"content":{"rendered":"\t\t<div data-elementor-type=\"wp-page\" data-elementor-id=\"10360\" class=\"elementor elementor-10360\">\n\t\t\t\t\t\t<section class=\"elementor-section elementor-top-section elementor-element elementor-element-630e8fc elementor-section-boxed elementor-section-height-default elementor-section-height-default\" data-id=\"630e8fc\" data-element_type=\"section\">\n\t\t\t\t\t\t<div class=\"elementor-container elementor-column-gap-default\">\n\t\t\t\t\t<div class=\"elementor-column elementor-col-50 elementor-top-column elementor-element elementor-element-34bf16b\" data-id=\"34bf16b\" data-element_type=\"column\">\n\t\t\t<div class=\"elementor-widget-wrap elementor-element-populated\">\n\t\t\t\t\t\t<div class=\"elementor-element elementor-element-a948ea0 elementor-widget elementor-widget-text-editor\" data-id=\"a948ea0\" data-element_type=\"widget\" data-widget_type=\"text-editor.default\">\n\t\t\t\t<div class=\"elementor-widget-container\">\n\t\t\t\t\t\t\t<div class=\"elementor-element elementor-element-55b9aac3 elementor-widget elementor-widget-text-editor\" data-id=\"55b9aac3\" data-element_type=\"widget\" data-widget_type=\"text-editor.default\"><div class=\"elementor-widget-container\"><div class=\"elementor-text-editor elementor-clearfix\"><p><b>Projektwebsite:<\/b><br \/><a href=\"https:\/\/komma.ostfalia.de\/index.php\/verflechtungsstrukturen\/\">www.verflechtungsstrukturen.de<\/a><\/p><p><strong>Projektleitung:<\/strong><br \/>Prof. Dr. Harald Rau<\/p><p><strong>Forschungsfeld:<\/strong><br \/>Die Verflechtungsstrukturen deutscher TV-Sender und der Produktionsgesellschaften sind hochgradig intransparent gestaltet, komplex und schwer zu durchdringen. Informationen \u00fcber die Struktur und die Verkn\u00fcpfungen sind nur sp\u00e4rlich vorhanden und somit ist es dem Fernsehzuschauer nahezu unm\u00f6glich \u201cLicht ins Dunkle\u201d zu bringen.<\/p><\/div><\/div><\/div><div class=\"elementor-element elementor-element-a79462e elementor-widget elementor-widget-text-editor\" data-id=\"a79462e\" data-element_type=\"widget\" data-widget_type=\"text-editor.default\"><div class=\"elementor-widget-container\"><div class=\"elementor-text-editor elementor-clearfix\"><strong>Diskussion mit Prof. Dr. Harald Rau: Vetternwirtschaft bei ARD und ZDF?<\/strong><\/div><\/div><\/div><div class=\"elementor-element elementor-element-7663d38 elementor-widget elementor-widget-text-editor\" data-id=\"7663d38\" data-element_type=\"widget\" data-widget_type=\"text-editor.default\"><div class=\"elementor-widget-container\"><div class=\"elementor-text-editor elementor-clearfix\"><p><strong>Weiterf\u00fchrende Links:<\/strong><\/p><p><a href=\"https:\/\/www.faz.net\/aktuell\/feuilleton\/medien\/verstrickungen-von-sendern-und-produktionsfirmen-13727338.html\">FAZ \u2013 Alle Bef\u00fcrchtungen best\u00e4tigt<\/a><\/p><p><a href=\"https:\/\/www.academia.edu\/18758901\/Verflechtungsstrukturen_deutscher_TV-Sender\">Academia.edu \u2013 Verflechtungsstrukturen deutscher TV-Sender<\/a><\/p><p><a href=\"https:\/\/komma.ostfalia.de\/forschungen-zu-den-verflechtungsstrukturen-deutscher-tv-sender-in-die-anstalt-beim-zdf\/\">Verflechtungsstrukturen deutscher TV-Sender in \u201cDie Anstalt\u201d beim ZDF<\/a><\/p><\/div><\/div><\/div>\t\t\t\t\t\t<\/div>\n\t\t\t\t<\/div>\n\t\t\t\t\t<\/div>\n\t\t<\/div>\n\t\t\t\t<div class=\"elementor-column elementor-col-50 elementor-top-column elementor-element elementor-element-21717ee\" data-id=\"21717ee\" data-element_type=\"column\">\n\t\t\t<div class=\"elementor-widget-wrap elementor-element-populated\">\n\t\t\t\t\t\t<div class=\"elementor-element elementor-element-94b1410 elementor-widget elementor-widget-text-editor\" data-id=\"94b1410\" data-element_type=\"widget\" data-widget_type=\"text-editor.default\">\n\t\t\t\t<div class=\"elementor-widget-container\">\n\t\t\t\t\t\t\t<div class=\"elementor-element elementor-element-433746d elementor-widget elementor-widget-text-editor\" data-id=\"433746d\" data-element_type=\"widget\" data-widget_type=\"text-editor.default\"><div class=\"elementor-widget-container\"><div class=\"elementor-text-editor elementor-clearfix\"><p>Um die gegenw\u00e4rtige Situation m\u00f6glichst detailgetreu nachzubilden, sollte die Untersuchung auf zwei wesentlichen S\u00e4ulen beruhen:<\/p><ol><li>auf einer explorativen Analyse und einer einfachen Deskription der Verflechtungsstrukturen im deutschen Fernsehen<\/li><li>auf einer tiefergehenden und qualitativ durchzuf\u00fchrenden Untersuchung mit R\u00fcckgriff auf Entscheider in verflochtenen Produktionsunternehmen<\/li><\/ol><p>F\u00fcr die geplante Befragung wurden 62 Produktionsunternehmen, die im Rahmen der ersten Untersuchungswelle (die f\u00fcnf gr\u00f6\u00dften TV-Sender in Deutschland) identifiziert worden waren, telefonisch kontaktiert und nach der ersten Vorstellung des Anrufers um Mithilfe gebeten. Von den 62 im November 2014 angerufenen Unternehmen, lehnten 34 die Anfrage direkt am Telefon ab. An die restlichen 29 wurde eine elektronische Mail versendet. Doch die Anfrage fiel auf unfruchtbaren Boden, denn kein einziges Unternehmen erkl\u00e4rte sich dazu bereit, einen Experten f\u00fcr ein Interview zur Verf\u00fcgung zu stellen.<\/p><p>Die Studie versucht, allen Hindernissen zum Trotz, f\u00fcr die \u2013 gemessen an den Wirtschaftsdaten \u2013 f\u00fcnf gr\u00f6\u00dften deutschen TV-Sender (WDR, ZDF, RTL, NDR, SWR) eine erste Verflechtungsmatrix aufzuzeigen. Sie versteht sich am Ende als Aufforderung zur Erh\u00f6hung der Transparenz, die sich insbesondere an die \u00f6ffentlich-rechtlichen Leistungstr\u00e4ger richtet.<\/p><p>Um einen schl\u00fcssigen Verflechtungsatlas zu erstellen, muss eine Methodik gefunden werden, die es zul\u00e4sst, Informationen aus vielen unterschiedlichen<\/p><p>Quellen so zu verdichten, dass sich die Darstellung auf die Beteiligungsverh\u00e4ltnisse reduzieren l\u00e4sst. Eine Schwierigkeit liegt auch darin, dass sich Beteiligungsverh\u00e4ltnisse ver\u00e4ndern und Informationen dar\u00fcber in unterschiedlichen Quellen niedergelegt werden. Deshalb muss eine flexible \u2013 und vor allen Dingen redaktionelle Methode gew\u00e4hlt werden. Vor diesem Hintergrund kommt beinahe ausschlie\u00dflich eine klassische Analyse in Frage, die auf ausgew\u00e4hlte Kategorien und Untersuchungsgegenst\u00e4nde ausgerichtet ist; eine systematische Exploration des Feldes. Das jeweilige Medium wird demnach prinzipiell wie eine wissenschaftliche Quelle behandelt, die Informationen \u00fcber tats\u00e4chliche Beteiligungsverh\u00e4ltnisse in Medienunternehmen preisgibt. Dennoch wird die in diesem Sinne ausgelegte Exploration methodisch systematisiert. Im weiteren Verlauf wird zum Beispiel ein Kategoriensystem etabliert, dies ist ein Schritt, der hier sehr bewusst analog zu einer klassischen Inhaltsanalyse gestaltet wird. Dieser Schritt erlaubt es, spezifische Informationen aus den vorliegenden Texten strukturiert herauszufiltern.\u00a0<\/p><\/div><\/div><\/div><div class=\"elementor-element elementor-element-8e0df08 elementor-widget elementor-widget-text-editor\" data-id=\"8e0df08\" data-element_type=\"widget\" data-widget_type=\"text-editor.default\"><div class=\"elementor-widget-container\"><div class=\"elementor-text-editor elementor-clearfix\"><p>Es hat sich bei der Exploration gezeigt, dass es aufw\u00e4ndiger Recherchen bedarf, um das Geflecht an mittelbaren, unmittelbaren, an direkten und indirekten Beteiligungen zu durchdringen. Dies gilt f\u00fcr den privatwirtschaftlichen Bereich erwartungsgem\u00e4\u00df st\u00e4rker als f\u00fcr das \u00f6ffentlich-rechtliche System. Dennoch ist auch dort ein klares Transparenzdefizit zu attestieren, insbesondere dann, wenn man den Informationsanspruch eines \u201eNichtexperten\u201c zugrunde legt, der beispielsweise um die besondere Rolle der KEK (Kommission zur Ermittlung der Konzentration im Medienbereich) nicht wei\u00df. Ein n\u00e4chster Schritt muss aus unserer Sicht nun darin liegen, die tats\u00e4chlichen Folgen der Verflechtungen in der t\u00e4glichen Arbeitspraxis nachzuweisen oder zu beschreiben. Eine Leistung, die zumindest im \u00f6ffentlich-rechtlichen System l\u00e4ngst erbracht sein m\u00fcsste.<\/p><\/div><\/div><\/div>\t\t\t\t\t\t<\/div>\n\t\t\t\t<\/div>\n\t\t\t\t\t<\/div>\n\t\t<\/div>\n\t\t\t\t\t<\/div>\n\t\t<\/section>\n\t\t\t\t<\/div>\n\t\t","protected":false},"excerpt":{"rendered":"<p>Projektwebsite:www.verflechtungsstrukturen.de Projektleitung:Prof. Dr. Harald Rau Forschungsfeld:Die Verflechtungsstrukturen deutscher TV-Sender und der Produktionsgesellschaften sind hochgradig intransparent gestaltet, komplex und schwer zu durchdringen. Informationen \u00fcber die Struktur und die Verkn\u00fcpfungen sind nur sp\u00e4rlich vorhanden und somit ist es dem Fernsehzuschauer nahezu unm\u00f6glich \u201cLicht ins Dunkle\u201d zu bringen. Diskussion mit Prof. Dr. Harald Rau: Vetternwirtschaft bei ARD und [&hellip;]<\/p>\n","protected":false},"author":17,"featured_media":0,"parent":0,"menu_order":0,"comment_status":"closed","ping_status":"closed","template":"","meta":{"_acf_changed":false,"footnotes":""},"acf":[],"yoast_head":"<title>Verflechtungsstrukturen deutscher TV-Sender - KomMa<\/title>\n<meta name=\"robots\" content=\"index, follow, max-snippet:-1, max-image-preview:large, max-video-preview:-1\" \/>\n<link rel=\"canonical\" href=\"https:\/\/komma.ostfalia.de\/index.php\/verflechtungsstrukturen-deutscher-tv-sender\/\" \/>\n<meta property=\"og:locale\" content=\"de_DE\" \/>\n<meta property=\"og:type\" content=\"article\" \/>\n<meta property=\"og:title\" content=\"Verflechtungsstrukturen deutscher TV-Sender - KomMa\" \/>\n<meta property=\"og:description\" content=\"Projektwebsite:www.verflechtungsstrukturen.de Projektleitung:Prof. Dr. Harald Rau Forschungsfeld:Die Verflechtungsstrukturen deutscher TV-Sender und der Produktionsgesellschaften sind hochgradig intransparent gestaltet, komplex und schwer zu durchdringen. Informationen \u00fcber die Struktur und die Verkn\u00fcpfungen sind nur sp\u00e4rlich vorhanden und somit ist es dem Fernsehzuschauer nahezu unm\u00f6glich \u201cLicht ins Dunkle\u201d zu bringen. Diskussion mit Prof. Dr. Harald Rau: Vetternwirtschaft bei ARD und [&hellip;]\" \/>\n<meta property=\"og:url\" content=\"https:\/\/komma.ostfalia.de\/index.php\/verflechtungsstrukturen-deutscher-tv-sender\/\" \/>\n<meta property=\"og:site_name\" content=\"KomMa\" \/>\n<meta property=\"article:modified_time\" content=\"2022-11-01T15:37:44+00:00\" \/>\n<meta name=\"twitter:card\" content=\"summary_large_image\" \/>\n<meta name=\"twitter:site\" content=\"@komma_ostfalia\" \/>\n<meta name=\"twitter:label1\" content=\"Gesch\u00e4tzte Lesezeit\" \/>\n\t<meta name=\"twitter:data1\" content=\"6\u00a0Minuten\" \/>\n<script type=\"application\/ld+json\" class=\"yoast-schema-graph\">{\"@context\":\"https:\/\/schema.org\",\"@graph\":[{\"@type\":\"WebPage\",\"@id\":\"https:\/\/komma.ostfalia.de\/index.php\/verflechtungsstrukturen-deutscher-tv-sender\/\",\"url\":\"https:\/\/komma.ostfalia.de\/index.php\/verflechtungsstrukturen-deutscher-tv-sender\/\",\"name\":\"Verflechtungsstrukturen deutscher TV-Sender - KomMa\",\"isPartOf\":{\"@id\":\"https:\/\/komma.ostfalia.de\/#website\"},\"datePublished\":\"2022-04-07T06:35:04+00:00\",\"dateModified\":\"2022-11-01T15:37:44+00:00\",\"breadcrumb\":{\"@id\":\"https:\/\/komma.ostfalia.de\/index.php\/verflechtungsstrukturen-deutscher-tv-sender\/#breadcrumb\"},\"inLanguage\":\"de\",\"potentialAction\":[{\"@type\":\"ReadAction\",\"target\":[\"https:\/\/komma.ostfalia.de\/index.php\/verflechtungsstrukturen-deutscher-tv-sender\/\"]}]},{\"@type\":\"BreadcrumbList\",\"@id\":\"https:\/\/komma.ostfalia.de\/index.php\/verflechtungsstrukturen-deutscher-tv-sender\/#breadcrumb\",\"itemListElement\":[{\"@type\":\"ListItem\",\"position\":1,\"name\":\"Startseite\",\"item\":\"https:\/\/komma.ostfalia.de\/\"},{\"@type\":\"ListItem\",\"position\":2,\"name\":\"Verflechtungsstrukturen deutscher TV-Sender\"}]},{\"@type\":\"WebSite\",\"@id\":\"https:\/\/komma.ostfalia.de\/#website\",\"url\":\"https:\/\/komma.ostfalia.de\/\",\"name\":\"KomMa\",\"description\":\"Professur f\u00fcr Kommunikationsmanagement\",\"publisher\":{\"@id\":\"https:\/\/komma.ostfalia.de\/#organization\"},\"potentialAction\":[{\"@type\":\"SearchAction\",\"target\":{\"@type\":\"EntryPoint\",\"urlTemplate\":\"https:\/\/komma.ostfalia.de\/?s={search_term_string}\"},\"query-input\":\"required name=search_term_string\"}],\"inLanguage\":\"de\"},{\"@type\":\"Organization\",\"@id\":\"https:\/\/komma.ostfalia.de\/#organization\",\"name\":\"KomMa - Professur f\u00fcr Kommunikationsmanagement\",\"url\":\"https:\/\/komma.ostfalia.de\/\",\"logo\":{\"@type\":\"ImageObject\",\"inLanguage\":\"de\",\"@id\":\"https:\/\/komma.ostfalia.de\/#\/schema\/logo\/image\/\",\"url\":\"https:\/\/komma.ostfalia.de\/wp-content\/uploads\/2020\/05\/komma-signet.png\",\"contentUrl\":\"https:\/\/komma.ostfalia.de\/wp-content\/uploads\/2020\/05\/komma-signet.png\",\"width\":512,\"height\":512,\"caption\":\"KomMa - Professur f\u00fcr Kommunikationsmanagement\"},\"image\":{\"@id\":\"https:\/\/komma.ostfalia.de\/#\/schema\/logo\/image\/\"},\"sameAs\":[\"https:\/\/twitter.com\/komma_ostfalia\"]}]}<\/script>","yoast_head_json":{"title":"Verflechtungsstrukturen deutscher TV-Sender - KomMa","robots":{"index":"index","follow":"follow","max-snippet":"max-snippet:-1","max-image-preview":"max-image-preview:large","max-video-preview":"max-video-preview:-1"},"canonical":"https:\/\/komma.ostfalia.de\/index.php\/verflechtungsstrukturen-deutscher-tv-sender\/","og_locale":"de_DE","og_type":"article","og_title":"Verflechtungsstrukturen deutscher TV-Sender - KomMa","og_description":"Projektwebsite:www.verflechtungsstrukturen.de Projektleitung:Prof. Dr. Harald Rau Forschungsfeld:Die Verflechtungsstrukturen deutscher TV-Sender und der Produktionsgesellschaften sind hochgradig intransparent gestaltet, komplex und schwer zu durchdringen. Informationen \u00fcber die Struktur und die Verkn\u00fcpfungen sind nur sp\u00e4rlich vorhanden und somit ist es dem Fernsehzuschauer nahezu unm\u00f6glich \u201cLicht ins Dunkle\u201d zu bringen. Diskussion mit Prof. Dr. Harald Rau: Vetternwirtschaft bei ARD und [&hellip;]","og_url":"https:\/\/komma.ostfalia.de\/index.php\/verflechtungsstrukturen-deutscher-tv-sender\/","og_site_name":"KomMa","article_modified_time":"2022-11-01T15:37:44+00:00","twitter_card":"summary_large_image","twitter_site":"@komma_ostfalia","twitter_misc":{"Gesch\u00e4tzte Lesezeit":"6\u00a0Minuten"},"schema":{"@context":"https:\/\/schema.org","@graph":[{"@type":"WebPage","@id":"https:\/\/komma.ostfalia.de\/index.php\/verflechtungsstrukturen-deutscher-tv-sender\/","url":"https:\/\/komma.ostfalia.de\/index.php\/verflechtungsstrukturen-deutscher-tv-sender\/","name":"Verflechtungsstrukturen deutscher TV-Sender - KomMa","isPartOf":{"@id":"https:\/\/komma.ostfalia.de\/#website"},"datePublished":"2022-04-07T06:35:04+00:00","dateModified":"2022-11-01T15:37:44+00:00","breadcrumb":{"@id":"https:\/\/komma.ostfalia.de\/index.php\/verflechtungsstrukturen-deutscher-tv-sender\/#breadcrumb"},"inLanguage":"de","potentialAction":[{"@type":"ReadAction","target":["https:\/\/komma.ostfalia.de\/index.php\/verflechtungsstrukturen-deutscher-tv-sender\/"]}]},{"@type":"BreadcrumbList","@id":"https:\/\/komma.ostfalia.de\/index.php\/verflechtungsstrukturen-deutscher-tv-sender\/#breadcrumb","itemListElement":[{"@type":"ListItem","position":1,"name":"Startseite","item":"https:\/\/komma.ostfalia.de\/"},{"@type":"ListItem","position":2,"name":"Verflechtungsstrukturen deutscher TV-Sender"}]},{"@type":"WebSite","@id":"https:\/\/komma.ostfalia.de\/#website","url":"https:\/\/komma.ostfalia.de\/","name":"KomMa","description":"Professur f\u00fcr Kommunikationsmanagement","publisher":{"@id":"https:\/\/komma.ostfalia.de\/#organization"},"potentialAction":[{"@type":"SearchAction","target":{"@type":"EntryPoint","urlTemplate":"https:\/\/komma.ostfalia.de\/?s={search_term_string}"},"query-input":"required name=search_term_string"}],"inLanguage":"de"},{"@type":"Organization","@id":"https:\/\/komma.ostfalia.de\/#organization","name":"KomMa - Professur f\u00fcr Kommunikationsmanagement","url":"https:\/\/komma.ostfalia.de\/","logo":{"@type":"ImageObject","inLanguage":"de","@id":"https:\/\/komma.ostfalia.de\/#\/schema\/logo\/image\/","url":"https:\/\/komma.ostfalia.de\/wp-content\/uploads\/2020\/05\/komma-signet.png","contentUrl":"https:\/\/komma.ostfalia.de\/wp-content\/uploads\/2020\/05\/komma-signet.png","width":512,"height":512,"caption":"KomMa - Professur f\u00fcr Kommunikationsmanagement"},"image":{"@id":"https:\/\/komma.ostfalia.de\/#\/schema\/logo\/image\/"},"sameAs":["https:\/\/twitter.com\/komma_ostfalia"]}]}},"_links":{"self":[{"href":"https:\/\/komma.ostfalia.de\/index.php\/wp-json\/wp\/v2\/pages\/10360"}],"collection":[{"href":"https:\/\/komma.ostfalia.de\/index.php\/wp-json\/wp\/v2\/pages"}],"about":[{"href":"https:\/\/komma.ostfalia.de\/index.php\/wp-json\/wp\/v2\/types\/page"}],"author":[{"embeddable":true,"href":"https:\/\/komma.ostfalia.de\/index.php\/wp-json\/wp\/v2\/users\/17"}],"replies":[{"embeddable":true,"href":"https:\/\/komma.ostfalia.de\/index.php\/wp-json\/wp\/v2\/comments?post=10360"}],"version-history":[{"count":6,"href":"https:\/\/komma.ostfalia.de\/index.php\/wp-json\/wp\/v2\/pages\/10360\/revisions"}],"predecessor-version":[{"id":11695,"href":"https:\/\/komma.ostfalia.de\/index.php\/wp-json\/wp\/v2\/pages\/10360\/revisions\/11695"}],"wp:attachment":[{"href":"https:\/\/komma.ostfalia.de\/index.php\/wp-json\/wp\/v2\/media?parent=10360"}],"curies":[{"name":"wp","href":"https:\/\/api.w.org\/{rel}","templated":true}]}}