{"id":10338,"date":"2022-04-07T08:32:48","date_gmt":"2022-04-07T06:32:48","guid":{"rendered":"https:\/\/komma.ostfalia.de\/?page_id=10338"},"modified":"2022-04-07T08:32:48","modified_gmt":"2022-04-07T06:32:48","slug":"effizienz-sozialer-netzwerke-2","status":"publish","type":"page","link":"https:\/\/komma.ostfalia.de\/index.php\/effizienz-sozialer-netzwerke-2\/","title":{"rendered":"Effizienz sozialer Netzwerke"},"content":{"rendered":"\t\t<div data-elementor-type=\"wp-page\" data-elementor-id=\"10338\" class=\"elementor elementor-10338\">\n\t\t\t\t\t\t<section class=\"elementor-section elementor-top-section elementor-element elementor-element-aec8452 elementor-section-boxed elementor-section-height-default elementor-section-height-default\" data-id=\"aec8452\" data-element_type=\"section\">\n\t\t\t\t\t\t<div class=\"elementor-container elementor-column-gap-default\">\n\t\t\t\t\t<div class=\"elementor-column elementor-col-100 elementor-top-column elementor-element elementor-element-df884cf\" data-id=\"df884cf\" data-element_type=\"column\">\n\t\t\t<div class=\"elementor-widget-wrap elementor-element-populated\">\n\t\t\t\t\t\t<div class=\"elementor-element elementor-element-891be8b elementor-widget elementor-widget-text-editor\" data-id=\"891be8b\" data-element_type=\"widget\" data-widget_type=\"text-editor.default\">\n\t\t\t\t<div class=\"elementor-widget-container\">\n\t\t\t\t\t\t\t<h2>Zielsetzungen des Projektes &#8211; Erkenntnisgewinn<\/h2><p>Dass Menschen im Grunde seit jeher in soziale Netzwerke eingebunden sind, hat bereits in der Mitte des letzten Jahrhunderts die anthropologisch orientierte Manchester-Gruppe (Mitchell, Epstein, Kapferer) eindr\u00fccklich bei der Untersuchung von Stammesgemeinschaften im kolonialisierten s\u00fcdlichen Afrika nachgewiesen. Mit dem Aufkommen neuer Technologien \u2013 und hier soll der Blick neben dem offenen Internet insbesondere auch auf geschlossene Nutzergruppen, vor allen Dingen von Unternehmen betriebene Intranets gelegt werden \u2013 k\u00f6nnen viele sozialwissenschaftliche Theoriebausteine in neuem Licht betrachtet werden. Bereits der Erstantrag zu diesem Forschungsprojekt formulierte die Frage nach jenen Faktoren, die ein Netzwerk effizient und damit erfolgreich machen.<\/p><p>Die Komplexit\u00e4t von \u201eEffizienz\u201c in sozialen Netzwerken ergibt sich aus dem Spannungsfeld wirtschaftlicher, publizistischer und \u201etechniksozialer\u201c Betrachtungsweisen, die in das vorliegende Forschungsprojekt mit einflie\u00dfen. So gesehen, ist eine interdisziplin\u00e4re wissenschaftliche Herangehensweise zwingend. Im bisherigen Forschungsverlauf wurden bereits die folgenden, die Komplexit\u00e4t reduzierenden Effizienztreiber f\u00fcr sozialer Netzwerke nachgewiesen und beschrieben:<\/p><p>1.\u00a0\u00a0\u00a0\u00a0 technische Faktoren wie zum Beispiel Multimedialit\u00e4t, Modularit\u00e4t von Inhalten als auch<\/p><p>2.\u00a0\u00a0\u00a0\u00a0 soziale Parameter wie Informationsaustausch, Identifikation und R\u00fcckkehrerquoten, die jeweils zu einer Beschreibung der Bindungsst\u00e4rke herangezogen werden k\u00f6nnen.<\/p><p>Im folgenden Forschungsabschnitt ist nun geplant, die erkannten Effizienztreiber zu validieren und ggf. zu hierarchisieren. Zielsetzung wird es dabei sein, pr\u00e4zise Kennzahlen zur Wertsch\u00f6pfung in Organisationen zu generieren.<\/p><p>Die Bewertung von Kommunikationsleistungen innerhalb sozialer Netzwerke ist in der Kommunikationspraxis (und insbesondere im Kommunikationsmanagement) in h\u00f6chstem Grade relevant. Vor diesem Hintergrund stehen im dritten Schritt drei fallbezogene Konzepte im Mittelpunkt der Analyse. Auf diese drei praxisnahen Felder wird das Konzept der erkannten \u201eEffizienztreiber\u201c angewandt:<\/p><p>1) Communities of Practice: Wie kann die Kollaboration interner wie externer Experten projektbezogen analysiert und bezogen auf die erkannten Effizienzkriterien bewertet werden? Welche Faktoren steigern die Kommunikationseffizienz?<\/p><p>2) Personalmarketing\/Employer Branding: Human Relations-Abteilungen rekrutieren qualifizierten Nachwuchs zunehmend mithilfe ihrer Repr\u00e4sentationen auf sozialen Netzwerkplattformen wie facebook, XING und LinkedIn. Wie kann die Kommunikation und Informations\u00fcbermittlung wichtiger Botschaften zu Unternehmenskultur, Arbeitsplatzgestaltung und Aufstiegsm\u00f6glichkeiten effizient gestaltet und umgesetzt sowie mit den Recruiting Pools der eigenen Website abgestimmt werden? Welche Rolle spielen superhubs, also neue Meinungsf\u00fchrer im Internet, bei der Meinungsbildung und Wertentwicklung? Welche Lehren f\u00fcr die Planung von Kommunikationskampagnen in sozialen Netzwerken lassen sich ziehen?<\/p><p>3) Investor Relations: Wie k\u00f6nnen in sozialen Netzwerken b\u00f6rsenrelevante Informationen\u00a0 und \u201eequity stories\u201c f\u00fcr Investoren qualitativ aufbereitet werden? Insbesondere Unternehmen mit hohem Streubesitz sind gefragt, effiziente Strategien f\u00fcr Finanzkommunikation in sozialen Netzwerken nach Kennzahlen zu entwickeln.<\/p><p>Anhand dieser drei Beispiele wird die Praxisrelevanz der vorliegenden Konzeption deutlich. Die Anwendung der theoriegeleitet entwickelten Kennzahlen, wird das neue Modell der Effizienztreiber auf die Probe stellen \u2013 aus heutiger Sicht ist davon auszugehen, dass es sich in der Praxis bew\u00e4hren wird.<\/p><p>Die Autoren werden so zur Entwicklung einer gewichteten Formel bef\u00e4higt, welche die Entscheidungen von Kommunikationsabteilungen \u00fcber Aufw\u00e4nde in sozialen Netzwerken fundiert. Somit wird ein wichtiger Beitrag zur Forschung zu Wertsch\u00f6pfung, Netzwerkeffizienz und publizistischer Qualit\u00e4t von Kommunikation geleistet.<\/p><h2>Stand des Wissens<\/h2><p>Die Besch\u00e4ftigung mit Netzwerken wird zunehmend zum Thema einer interdisziplin\u00e4ren Herangehensweise, wobei neben Erkl\u00e4rungsans\u00e4tzen aus Technik und Technologie vor allem diejenigen der Soziologie und der Wirtschaftswissenschaften von hoher Relevanz f\u00fcr die aktuelle Diskussion sind. Die n\u00e4here Auseinandersetzung mit \u201esozialen\u201c Netzwerken ist dabei ein gleicherma\u00dfen spannendes wie schwieriges Unterfangen, da sich die Entwicklung virtueller Gemeinschaften im Internet mit Hilfe theoretischer Konzepte nach wie vor nur schwer abbilden und greifen l\u00e4sst. Besonders komplex wird es, wenn es darum geht, grundlegend \u00f6konomische Gr\u00f6\u00dfen wie Effizienz, Erfolg oder Nutzen in die \u00dcberlegungen einzubeziehen, wie dies einige jener Autoren getan haben (vgl. insbes. Mayfield 2003, o.S.; Mayfield 2006: 116ff.; Narayanam\/Narahari 2009.), die sich mit Netzwerkeffekten auch in einem sozialen Kontext besch\u00e4ftigen und \u00fcber definierte Gr\u00f6\u00dfen argumentativ auch eine \u201eBewertung\u201c von wachsenden Netzwerken ableiten.\u00a0 Der neue von uns entwickelte und \u00fcber die Publikation von 2007 deutlich hinausgehende Ansatz wird in dieser Reihe zu verorten sein und auch aktuelle \u00dcberlegungen wie jene von Christakis und Fowler (2010) kritisch w\u00fcrdigen. Die Ostfalia w\u00fcrde sich mit dem Forschungsprojekt auf Augenh\u00f6he mit bekannten internationalen Forschungseinrichtungen begeben \u2013 unbenommen davon ist die konsequente Anwendungsorientierung f\u00fcr die Unternehmenspraxis. Die hier im Antrag enthaltenen bisherigen Forschungen des Antragstellers zeigen durchg\u00e4ngig einen hohen Praxisbezug. Dieser ist in starkem Ma\u00dfe auch bei diesem Projekt vorhanden, da am Ende ein Werkzeug stehen soll, dass direkt f\u00fcr die Managementpraxis Sozialer Netzwerke entwickelt wird.<\/p>\t\t\t\t\t\t<\/div>\n\t\t\t\t<\/div>\n\t\t\t\t\t<\/div>\n\t\t<\/div>\n\t\t\t\t\t<\/div>\n\t\t<\/section>\n\t\t\t\t<\/div>\n\t\t","protected":false},"excerpt":{"rendered":"<p>Zielsetzungen des Projektes &#8211; Erkenntnisgewinn Dass Menschen im Grunde seit jeher in soziale Netzwerke eingebunden sind, hat bereits in der Mitte des letzten Jahrhunderts die anthropologisch orientierte Manchester-Gruppe (Mitchell, Epstein, Kapferer) eindr\u00fccklich bei der Untersuchung von Stammesgemeinschaften im kolonialisierten s\u00fcdlichen Afrika nachgewiesen. Mit dem Aufkommen neuer Technologien \u2013 und hier soll der Blick neben dem [&hellip;]<\/p>\n","protected":false},"author":17,"featured_media":0,"parent":0,"menu_order":0,"comment_status":"closed","ping_status":"closed","template":"","meta":{"_acf_changed":false,"footnotes":""},"acf":[],"yoast_head":"<title>Effizienz sozialer Netzwerke - KomMa<\/title>\n<meta name=\"robots\" content=\"index, follow, max-snippet:-1, max-image-preview:large, max-video-preview:-1\" \/>\n<link rel=\"canonical\" href=\"https:\/\/komma.ostfalia.de\/index.php\/effizienz-sozialer-netzwerke-2\/\" \/>\n<meta property=\"og:locale\" content=\"de_DE\" \/>\n<meta property=\"og:type\" content=\"article\" \/>\n<meta property=\"og:title\" content=\"Effizienz sozialer Netzwerke - KomMa\" \/>\n<meta property=\"og:description\" content=\"Zielsetzungen des Projektes &#8211; Erkenntnisgewinn Dass Menschen im Grunde seit jeher in soziale Netzwerke eingebunden sind, hat bereits in der Mitte des letzten Jahrhunderts die anthropologisch orientierte Manchester-Gruppe (Mitchell, Epstein, Kapferer) eindr\u00fccklich bei der Untersuchung von Stammesgemeinschaften im kolonialisierten s\u00fcdlichen Afrika nachgewiesen. Mit dem Aufkommen neuer Technologien \u2013 und hier soll der Blick neben dem [&hellip;]\" \/>\n<meta property=\"og:url\" content=\"https:\/\/komma.ostfalia.de\/index.php\/effizienz-sozialer-netzwerke-2\/\" \/>\n<meta property=\"og:site_name\" content=\"KomMa\" \/>\n<meta name=\"twitter:card\" content=\"summary_large_image\" \/>\n<meta name=\"twitter:site\" content=\"@komma_ostfalia\" \/>\n<meta name=\"twitter:label1\" content=\"Gesch\u00e4tzte Lesezeit\" \/>\n\t<meta name=\"twitter:data1\" content=\"4\u00a0Minuten\" \/>\n<script type=\"application\/ld+json\" class=\"yoast-schema-graph\">{\"@context\":\"https:\/\/schema.org\",\"@graph\":[{\"@type\":\"WebPage\",\"@id\":\"https:\/\/komma.ostfalia.de\/index.php\/effizienz-sozialer-netzwerke-2\/\",\"url\":\"https:\/\/komma.ostfalia.de\/index.php\/effizienz-sozialer-netzwerke-2\/\",\"name\":\"Effizienz sozialer Netzwerke - KomMa\",\"isPartOf\":{\"@id\":\"https:\/\/komma.ostfalia.de\/#website\"},\"datePublished\":\"2022-04-07T06:32:48+00:00\",\"dateModified\":\"2022-04-07T06:32:48+00:00\",\"breadcrumb\":{\"@id\":\"https:\/\/komma.ostfalia.de\/index.php\/effizienz-sozialer-netzwerke-2\/#breadcrumb\"},\"inLanguage\":\"de\",\"potentialAction\":[{\"@type\":\"ReadAction\",\"target\":[\"https:\/\/komma.ostfalia.de\/index.php\/effizienz-sozialer-netzwerke-2\/\"]}]},{\"@type\":\"BreadcrumbList\",\"@id\":\"https:\/\/komma.ostfalia.de\/index.php\/effizienz-sozialer-netzwerke-2\/#breadcrumb\",\"itemListElement\":[{\"@type\":\"ListItem\",\"position\":1,\"name\":\"Startseite\",\"item\":\"https:\/\/komma.ostfalia.de\/\"},{\"@type\":\"ListItem\",\"position\":2,\"name\":\"Effizienz sozialer Netzwerke\"}]},{\"@type\":\"WebSite\",\"@id\":\"https:\/\/komma.ostfalia.de\/#website\",\"url\":\"https:\/\/komma.ostfalia.de\/\",\"name\":\"KomMa\",\"description\":\"Professur f\u00fcr Kommunikationsmanagement\",\"publisher\":{\"@id\":\"https:\/\/komma.ostfalia.de\/#organization\"},\"potentialAction\":[{\"@type\":\"SearchAction\",\"target\":{\"@type\":\"EntryPoint\",\"urlTemplate\":\"https:\/\/komma.ostfalia.de\/?s={search_term_string}\"},\"query-input\":\"required name=search_term_string\"}],\"inLanguage\":\"de\"},{\"@type\":\"Organization\",\"@id\":\"https:\/\/komma.ostfalia.de\/#organization\",\"name\":\"KomMa - Professur f\u00fcr Kommunikationsmanagement\",\"url\":\"https:\/\/komma.ostfalia.de\/\",\"logo\":{\"@type\":\"ImageObject\",\"inLanguage\":\"de\",\"@id\":\"https:\/\/komma.ostfalia.de\/#\/schema\/logo\/image\/\",\"url\":\"https:\/\/komma.ostfalia.de\/wp-content\/uploads\/2020\/05\/komma-signet.png\",\"contentUrl\":\"https:\/\/komma.ostfalia.de\/wp-content\/uploads\/2020\/05\/komma-signet.png\",\"width\":512,\"height\":512,\"caption\":\"KomMa - Professur f\u00fcr Kommunikationsmanagement\"},\"image\":{\"@id\":\"https:\/\/komma.ostfalia.de\/#\/schema\/logo\/image\/\"},\"sameAs\":[\"https:\/\/twitter.com\/komma_ostfalia\"]}]}<\/script>","yoast_head_json":{"title":"Effizienz sozialer Netzwerke - KomMa","robots":{"index":"index","follow":"follow","max-snippet":"max-snippet:-1","max-image-preview":"max-image-preview:large","max-video-preview":"max-video-preview:-1"},"canonical":"https:\/\/komma.ostfalia.de\/index.php\/effizienz-sozialer-netzwerke-2\/","og_locale":"de_DE","og_type":"article","og_title":"Effizienz sozialer Netzwerke - KomMa","og_description":"Zielsetzungen des Projektes &#8211; Erkenntnisgewinn Dass Menschen im Grunde seit jeher in soziale Netzwerke eingebunden sind, hat bereits in der Mitte des letzten Jahrhunderts die anthropologisch orientierte Manchester-Gruppe (Mitchell, Epstein, Kapferer) eindr\u00fccklich bei der Untersuchung von Stammesgemeinschaften im kolonialisierten s\u00fcdlichen Afrika nachgewiesen. Mit dem Aufkommen neuer Technologien \u2013 und hier soll der Blick neben dem [&hellip;]","og_url":"https:\/\/komma.ostfalia.de\/index.php\/effizienz-sozialer-netzwerke-2\/","og_site_name":"KomMa","twitter_card":"summary_large_image","twitter_site":"@komma_ostfalia","twitter_misc":{"Gesch\u00e4tzte Lesezeit":"4\u00a0Minuten"},"schema":{"@context":"https:\/\/schema.org","@graph":[{"@type":"WebPage","@id":"https:\/\/komma.ostfalia.de\/index.php\/effizienz-sozialer-netzwerke-2\/","url":"https:\/\/komma.ostfalia.de\/index.php\/effizienz-sozialer-netzwerke-2\/","name":"Effizienz sozialer Netzwerke - KomMa","isPartOf":{"@id":"https:\/\/komma.ostfalia.de\/#website"},"datePublished":"2022-04-07T06:32:48+00:00","dateModified":"2022-04-07T06:32:48+00:00","breadcrumb":{"@id":"https:\/\/komma.ostfalia.de\/index.php\/effizienz-sozialer-netzwerke-2\/#breadcrumb"},"inLanguage":"de","potentialAction":[{"@type":"ReadAction","target":["https:\/\/komma.ostfalia.de\/index.php\/effizienz-sozialer-netzwerke-2\/"]}]},{"@type":"BreadcrumbList","@id":"https:\/\/komma.ostfalia.de\/index.php\/effizienz-sozialer-netzwerke-2\/#breadcrumb","itemListElement":[{"@type":"ListItem","position":1,"name":"Startseite","item":"https:\/\/komma.ostfalia.de\/"},{"@type":"ListItem","position":2,"name":"Effizienz sozialer Netzwerke"}]},{"@type":"WebSite","@id":"https:\/\/komma.ostfalia.de\/#website","url":"https:\/\/komma.ostfalia.de\/","name":"KomMa","description":"Professur f\u00fcr Kommunikationsmanagement","publisher":{"@id":"https:\/\/komma.ostfalia.de\/#organization"},"potentialAction":[{"@type":"SearchAction","target":{"@type":"EntryPoint","urlTemplate":"https:\/\/komma.ostfalia.de\/?s={search_term_string}"},"query-input":"required name=search_term_string"}],"inLanguage":"de"},{"@type":"Organization","@id":"https:\/\/komma.ostfalia.de\/#organization","name":"KomMa - Professur f\u00fcr Kommunikationsmanagement","url":"https:\/\/komma.ostfalia.de\/","logo":{"@type":"ImageObject","inLanguage":"de","@id":"https:\/\/komma.ostfalia.de\/#\/schema\/logo\/image\/","url":"https:\/\/komma.ostfalia.de\/wp-content\/uploads\/2020\/05\/komma-signet.png","contentUrl":"https:\/\/komma.ostfalia.de\/wp-content\/uploads\/2020\/05\/komma-signet.png","width":512,"height":512,"caption":"KomMa - Professur f\u00fcr Kommunikationsmanagement"},"image":{"@id":"https:\/\/komma.ostfalia.de\/#\/schema\/logo\/image\/"},"sameAs":["https:\/\/twitter.com\/komma_ostfalia"]}]}},"_links":{"self":[{"href":"https:\/\/komma.ostfalia.de\/index.php\/wp-json\/wp\/v2\/pages\/10338"}],"collection":[{"href":"https:\/\/komma.ostfalia.de\/index.php\/wp-json\/wp\/v2\/pages"}],"about":[{"href":"https:\/\/komma.ostfalia.de\/index.php\/wp-json\/wp\/v2\/types\/page"}],"author":[{"embeddable":true,"href":"https:\/\/komma.ostfalia.de\/index.php\/wp-json\/wp\/v2\/users\/17"}],"replies":[{"embeddable":true,"href":"https:\/\/komma.ostfalia.de\/index.php\/wp-json\/wp\/v2\/comments?post=10338"}],"version-history":[{"count":0,"href":"https:\/\/komma.ostfalia.de\/index.php\/wp-json\/wp\/v2\/pages\/10338\/revisions"}],"wp:attachment":[{"href":"https:\/\/komma.ostfalia.de\/index.php\/wp-json\/wp\/v2\/media?parent=10338"}],"curies":[{"name":"wp","href":"https:\/\/api.w.org\/{rel}","templated":true}]}}