{"id":10333,"date":"2022-04-07T08:34:50","date_gmt":"2022-04-07T06:34:50","guid":{"rendered":"https:\/\/komma.ostfalia.de\/?page_id=10333"},"modified":"2022-04-13T13:32:43","modified_gmt":"2022-04-13T11:32:43","slug":"nachrichtenwert-in-der-unternehmenskommunikation","status":"publish","type":"page","link":"https:\/\/komma.ostfalia.de\/index.php\/nachrichtenwert-in-der-unternehmenskommunikation\/","title":{"rendered":"Nachrichtenwert in der Unternehmenskommunikation"},"content":{"rendered":"\t\t<div data-elementor-type=\"wp-page\" data-elementor-id=\"10333\" class=\"elementor elementor-10333\">\n\t\t\t\t\t\t<section class=\"elementor-section elementor-top-section elementor-element elementor-element-469727f elementor-section-boxed elementor-section-height-default elementor-section-height-default\" data-id=\"469727f\" data-element_type=\"section\">\n\t\t\t\t\t\t<div class=\"elementor-container elementor-column-gap-default\">\n\t\t\t\t\t<div class=\"elementor-column elementor-col-50 elementor-top-column elementor-element elementor-element-5773dbe\" data-id=\"5773dbe\" data-element_type=\"column\">\n\t\t\t<div class=\"elementor-widget-wrap elementor-element-populated\">\n\t\t\t\t\t\t<div class=\"elementor-element elementor-element-cccbf89 elementor-widget elementor-widget-text-editor\" data-id=\"cccbf89\" data-element_type=\"widget\" data-widget_type=\"text-editor.default\">\n\t\t\t\t<div class=\"elementor-widget-container\">\n\t\t\t\t\t\t\t<p><strong>Projektleitung:<br \/><\/strong>Prof. Dr. Harald Rau<\/p><p><strong>Projektkoordination:<\/strong><br \/>Jeannette Gusko (bis 2012)<br \/>Maria P\u00f6ttering<br \/>Theoretische Fundierung: Roland G\u00f6bbel<\/p><p><strong>Projektlaufzeit:<\/strong><br \/>2010 \u2013 2013<\/p><p><strong>Projektpartner:<br \/><\/strong>Voith, Heidenheim, BASF SE Ludwigshafen, Continental SE Hannover, Leoni AG<\/p><p><strong>Methoden:<br \/><\/strong>Inhaltsanalytischer Ansatz (Input-Output-Analyse)<\/p>\t\t\t\t\t\t<\/div>\n\t\t\t\t<\/div>\n\t\t\t\t\t<\/div>\n\t\t<\/div>\n\t\t\t\t<div class=\"elementor-column elementor-col-50 elementor-top-column elementor-element elementor-element-0886fe3\" data-id=\"0886fe3\" data-element_type=\"column\">\n\t\t\t<div class=\"elementor-widget-wrap elementor-element-populated\">\n\t\t\t\t\t\t<div class=\"elementor-element elementor-element-870c6cb elementor-widget elementor-widget-text-editor\" data-id=\"870c6cb\" data-element_type=\"widget\" data-widget_type=\"text-editor.default\">\n\t\t\t\t<div class=\"elementor-widget-container\">\n\t\t\t\t\t\t\t<p>Auch in Zeiten der Disintermediation z\u00e4hlt die Nachrichtenwerttheorie nach wie vor zu den anerkannten und empirisch fundierten Basisthesen der Kommunikationsforschung. Im Rahmen des Projektes wurden nicht nur verschiedene Ans\u00e4tze der Nachrichtenwerttheorie rezipiert und hinsichtlich des Forschungsgegenstands kritisch gepr\u00fcft. Ziel war es insbesondere, Thematisierungskonzepte der Public Relations mit den Prozessen der Themenselektion von Journalisten zu verkn\u00fcpfen, um ein Messinstrument zu entwickeln, das die \u201eNachrichtenfaktoren\u201c eines Themas auflistet und gewichtet. F\u00fcr eine Diskussion des Konzeptes im Bereich Bewegtbild ist vor allen Dingen die Studie von Ruhrmann und G\u00f6bbel zu Nachrichtenwerten im Fernsehen von hohem Interesse. Deren Mitautor, Roland G\u00f6bbel, ist inzwischen festes Mitglied im KomMa-Team. Es ist der Ostfalia hier gelungen, einen ausgewiesenen Nachrichtenwert-Expeten f\u00fcr die Forschungen am Campus Salzgitter zu begeistern. In der genannten Studie wurden systematisch bewegtbildbezogene Faktoren ermittelt und einzeln analysiert. <br \/>Grundlage des Projekts bildete damit die Nachrichtenwerttheorie. Deren Kern liegt darin, dass Ereignisse bestimmte Attribute aufweisen m\u00fcssen, um von Journalisten zur Ver\u00f6ffentlichung in den Massenmedien ausgew\u00e4hlt zu werden. Diese bestimmen den Nachrichtenwert eines Ereignisses, der die Wahrscheinlichkeit erkl\u00e4rt, dass ein Ereignis Eingang in die klassische Medienberichterstattung findet.<\/p><p>In der strategischen Kommunikation gilt: Erfolgreiche Unternehmenskommunikation findet dann statt, wenn eine bestimmte Zielgruppe erreicht wird. Es ist f\u00fcr Unternehmen deshalb besonders von Interesse, wie hoch die Wahrscheinlichkeit ist, dass strategische Themen von Journalisten aufgegriffen und ver\u00f6ffentlicht werden. Es bedeutet einen real-\u00f6konomischen Wettbewerbsvorteil f\u00fcr Unternehmen, \u00fcber dieses Wissen bereits in der Planungsphase der Kommunikationsstrategie zu verf\u00fcgen.<\/p><p>Kern des Projektes: Im Anschluss an eine Themenbewertung soll es Public-Relations-Verantwortlichen erm\u00f6glicht werden, zunehmend transparente, nachvollziehbare und zielorientierte Entscheidungen \u00fcber den Einsatz von Bewegtbild in der Unternehmenskommunikation treffen zu k\u00f6nnen. Es werden argumentative Grundger\u00fcste bereitgestellt zu entscheiden, wann, in welchem Umfang und f\u00fcr welche Themen es sich lohnt, Bewegtbild zu produzieren, wann eher eine Pressemitteilung, wann ein Hintergrundgespr\u00e4ch etc. zum Thema passt.<\/p><p>\u00a0<\/p><p>Vertane Chance!? Nachrichtenfaktoren in der Unternehmenskommunikation:\u00a0<\/p>\t\t\t\t\t\t<\/div>\n\t\t\t\t<\/div>\n\t\t\t\t<div class=\"elementor-element elementor-element-1ee5374 elementor-widget elementor-widget-button\" data-id=\"1ee5374\" data-element_type=\"widget\" data-widget_type=\"button.default\">\n\t\t\t\t<div class=\"elementor-widget-container\">\n\t\t\t\t\t<div class=\"elementor-button-wrapper\">\n\t\t\t<a class=\"elementor-button elementor-button-link elementor-size-sm\" href=\"https:\/\/komma.ostfalia.de\/wp-content\/uploads\/2022\/04\/130921_Nachrichtenwert_Beitrag.pdf\">\n\t\t\t\t\t\t<span class=\"elementor-button-content-wrapper\">\n\t\t\t\t\t\t<span class=\"elementor-button-text\">Beitrag Nachrichtenwert<\/span>\n\t\t<\/span>\n\t\t\t\t\t<\/a>\n\t\t<\/div>\n\t\t\t\t<\/div>\n\t\t\t\t<\/div>\n\t\t\t\t\t<\/div>\n\t\t<\/div>\n\t\t\t\t\t<\/div>\n\t\t<\/section>\n\t\t\t\t<\/div>\n\t\t","protected":false},"excerpt":{"rendered":"<p>Projektleitung:Prof. Dr. Harald Rau Projektkoordination:Jeannette Gusko (bis 2012)Maria P\u00f6tteringTheoretische Fundierung: Roland G\u00f6bbel Projektlaufzeit:2010 \u2013 2013 Projektpartner:Voith, Heidenheim, BASF SE Ludwigshafen, Continental SE Hannover, Leoni AG Methoden:Inhaltsanalytischer Ansatz (Input-Output-Analyse) Auch in Zeiten der Disintermediation z\u00e4hlt die Nachrichtenwerttheorie nach wie vor zu den anerkannten und empirisch fundierten Basisthesen der Kommunikationsforschung. Im Rahmen des Projektes wurden nicht nur [&hellip;]<\/p>\n","protected":false},"author":17,"featured_media":0,"parent":0,"menu_order":0,"comment_status":"closed","ping_status":"closed","template":"","meta":{"_acf_changed":false,"footnotes":""},"acf":[],"yoast_head":"<title>Nachrichtenwert in der Unternehmenskommunikation - KomMa<\/title>\n<meta name=\"robots\" content=\"index, follow, max-snippet:-1, max-image-preview:large, max-video-preview:-1\" \/>\n<link rel=\"canonical\" href=\"https:\/\/komma.ostfalia.de\/index.php\/nachrichtenwert-in-der-unternehmenskommunikation\/\" \/>\n<meta property=\"og:locale\" content=\"de_DE\" \/>\n<meta property=\"og:type\" content=\"article\" \/>\n<meta property=\"og:title\" content=\"Nachrichtenwert in der Unternehmenskommunikation - KomMa\" \/>\n<meta property=\"og:description\" content=\"Projektleitung:Prof. Dr. Harald Rau Projektkoordination:Jeannette Gusko (bis 2012)Maria P\u00f6tteringTheoretische Fundierung: Roland G\u00f6bbel Projektlaufzeit:2010 \u2013 2013 Projektpartner:Voith, Heidenheim, BASF SE Ludwigshafen, Continental SE Hannover, Leoni AG Methoden:Inhaltsanalytischer Ansatz (Input-Output-Analyse) Auch in Zeiten der Disintermediation z\u00e4hlt die Nachrichtenwerttheorie nach wie vor zu den anerkannten und empirisch fundierten Basisthesen der Kommunikationsforschung. Im Rahmen des Projektes wurden nicht nur [&hellip;]\" \/>\n<meta property=\"og:url\" content=\"https:\/\/komma.ostfalia.de\/index.php\/nachrichtenwert-in-der-unternehmenskommunikation\/\" \/>\n<meta property=\"og:site_name\" content=\"KomMa\" \/>\n<meta property=\"article:modified_time\" content=\"2022-04-13T11:32:43+00:00\" \/>\n<meta name=\"twitter:card\" content=\"summary_large_image\" \/>\n<meta name=\"twitter:site\" content=\"@komma_ostfalia\" \/>\n<meta name=\"twitter:label1\" content=\"Gesch\u00e4tzte Lesezeit\" \/>\n\t<meta name=\"twitter:data1\" content=\"2\u00a0Minuten\" \/>\n<script type=\"application\/ld+json\" class=\"yoast-schema-graph\">{\"@context\":\"https:\/\/schema.org\",\"@graph\":[{\"@type\":\"WebPage\",\"@id\":\"https:\/\/komma.ostfalia.de\/index.php\/nachrichtenwert-in-der-unternehmenskommunikation\/\",\"url\":\"https:\/\/komma.ostfalia.de\/index.php\/nachrichtenwert-in-der-unternehmenskommunikation\/\",\"name\":\"Nachrichtenwert in der Unternehmenskommunikation - KomMa\",\"isPartOf\":{\"@id\":\"https:\/\/komma.ostfalia.de\/#website\"},\"datePublished\":\"2022-04-07T06:34:50+00:00\",\"dateModified\":\"2022-04-13T11:32:43+00:00\",\"breadcrumb\":{\"@id\":\"https:\/\/komma.ostfalia.de\/index.php\/nachrichtenwert-in-der-unternehmenskommunikation\/#breadcrumb\"},\"inLanguage\":\"de\",\"potentialAction\":[{\"@type\":\"ReadAction\",\"target\":[\"https:\/\/komma.ostfalia.de\/index.php\/nachrichtenwert-in-der-unternehmenskommunikation\/\"]}]},{\"@type\":\"BreadcrumbList\",\"@id\":\"https:\/\/komma.ostfalia.de\/index.php\/nachrichtenwert-in-der-unternehmenskommunikation\/#breadcrumb\",\"itemListElement\":[{\"@type\":\"ListItem\",\"position\":1,\"name\":\"Startseite\",\"item\":\"https:\/\/komma.ostfalia.de\/\"},{\"@type\":\"ListItem\",\"position\":2,\"name\":\"Nachrichtenwert in der Unternehmenskommunikation\"}]},{\"@type\":\"WebSite\",\"@id\":\"https:\/\/komma.ostfalia.de\/#website\",\"url\":\"https:\/\/komma.ostfalia.de\/\",\"name\":\"KomMa\",\"description\":\"Professur f\u00fcr Kommunikationsmanagement\",\"publisher\":{\"@id\":\"https:\/\/komma.ostfalia.de\/#organization\"},\"potentialAction\":[{\"@type\":\"SearchAction\",\"target\":{\"@type\":\"EntryPoint\",\"urlTemplate\":\"https:\/\/komma.ostfalia.de\/?s={search_term_string}\"},\"query-input\":\"required name=search_term_string\"}],\"inLanguage\":\"de\"},{\"@type\":\"Organization\",\"@id\":\"https:\/\/komma.ostfalia.de\/#organization\",\"name\":\"KomMa - Professur f\u00fcr Kommunikationsmanagement\",\"url\":\"https:\/\/komma.ostfalia.de\/\",\"logo\":{\"@type\":\"ImageObject\",\"inLanguage\":\"de\",\"@id\":\"https:\/\/komma.ostfalia.de\/#\/schema\/logo\/image\/\",\"url\":\"https:\/\/komma.ostfalia.de\/wp-content\/uploads\/2020\/05\/komma-signet.png\",\"contentUrl\":\"https:\/\/komma.ostfalia.de\/wp-content\/uploads\/2020\/05\/komma-signet.png\",\"width\":512,\"height\":512,\"caption\":\"KomMa - Professur f\u00fcr Kommunikationsmanagement\"},\"image\":{\"@id\":\"https:\/\/komma.ostfalia.de\/#\/schema\/logo\/image\/\"},\"sameAs\":[\"https:\/\/twitter.com\/komma_ostfalia\"]}]}<\/script>","yoast_head_json":{"title":"Nachrichtenwert in der Unternehmenskommunikation - KomMa","robots":{"index":"index","follow":"follow","max-snippet":"max-snippet:-1","max-image-preview":"max-image-preview:large","max-video-preview":"max-video-preview:-1"},"canonical":"https:\/\/komma.ostfalia.de\/index.php\/nachrichtenwert-in-der-unternehmenskommunikation\/","og_locale":"de_DE","og_type":"article","og_title":"Nachrichtenwert in der Unternehmenskommunikation - KomMa","og_description":"Projektleitung:Prof. Dr. Harald Rau Projektkoordination:Jeannette Gusko (bis 2012)Maria P\u00f6tteringTheoretische Fundierung: Roland G\u00f6bbel Projektlaufzeit:2010 \u2013 2013 Projektpartner:Voith, Heidenheim, BASF SE Ludwigshafen, Continental SE Hannover, Leoni AG Methoden:Inhaltsanalytischer Ansatz (Input-Output-Analyse) Auch in Zeiten der Disintermediation z\u00e4hlt die Nachrichtenwerttheorie nach wie vor zu den anerkannten und empirisch fundierten Basisthesen der Kommunikationsforschung. Im Rahmen des Projektes wurden nicht nur [&hellip;]","og_url":"https:\/\/komma.ostfalia.de\/index.php\/nachrichtenwert-in-der-unternehmenskommunikation\/","og_site_name":"KomMa","article_modified_time":"2022-04-13T11:32:43+00:00","twitter_card":"summary_large_image","twitter_site":"@komma_ostfalia","twitter_misc":{"Gesch\u00e4tzte Lesezeit":"2\u00a0Minuten"},"schema":{"@context":"https:\/\/schema.org","@graph":[{"@type":"WebPage","@id":"https:\/\/komma.ostfalia.de\/index.php\/nachrichtenwert-in-der-unternehmenskommunikation\/","url":"https:\/\/komma.ostfalia.de\/index.php\/nachrichtenwert-in-der-unternehmenskommunikation\/","name":"Nachrichtenwert in der Unternehmenskommunikation - KomMa","isPartOf":{"@id":"https:\/\/komma.ostfalia.de\/#website"},"datePublished":"2022-04-07T06:34:50+00:00","dateModified":"2022-04-13T11:32:43+00:00","breadcrumb":{"@id":"https:\/\/komma.ostfalia.de\/index.php\/nachrichtenwert-in-der-unternehmenskommunikation\/#breadcrumb"},"inLanguage":"de","potentialAction":[{"@type":"ReadAction","target":["https:\/\/komma.ostfalia.de\/index.php\/nachrichtenwert-in-der-unternehmenskommunikation\/"]}]},{"@type":"BreadcrumbList","@id":"https:\/\/komma.ostfalia.de\/index.php\/nachrichtenwert-in-der-unternehmenskommunikation\/#breadcrumb","itemListElement":[{"@type":"ListItem","position":1,"name":"Startseite","item":"https:\/\/komma.ostfalia.de\/"},{"@type":"ListItem","position":2,"name":"Nachrichtenwert in der Unternehmenskommunikation"}]},{"@type":"WebSite","@id":"https:\/\/komma.ostfalia.de\/#website","url":"https:\/\/komma.ostfalia.de\/","name":"KomMa","description":"Professur f\u00fcr Kommunikationsmanagement","publisher":{"@id":"https:\/\/komma.ostfalia.de\/#organization"},"potentialAction":[{"@type":"SearchAction","target":{"@type":"EntryPoint","urlTemplate":"https:\/\/komma.ostfalia.de\/?s={search_term_string}"},"query-input":"required name=search_term_string"}],"inLanguage":"de"},{"@type":"Organization","@id":"https:\/\/komma.ostfalia.de\/#organization","name":"KomMa - Professur f\u00fcr Kommunikationsmanagement","url":"https:\/\/komma.ostfalia.de\/","logo":{"@type":"ImageObject","inLanguage":"de","@id":"https:\/\/komma.ostfalia.de\/#\/schema\/logo\/image\/","url":"https:\/\/komma.ostfalia.de\/wp-content\/uploads\/2020\/05\/komma-signet.png","contentUrl":"https:\/\/komma.ostfalia.de\/wp-content\/uploads\/2020\/05\/komma-signet.png","width":512,"height":512,"caption":"KomMa - Professur f\u00fcr Kommunikationsmanagement"},"image":{"@id":"https:\/\/komma.ostfalia.de\/#\/schema\/logo\/image\/"},"sameAs":["https:\/\/twitter.com\/komma_ostfalia"]}]}},"_links":{"self":[{"href":"https:\/\/komma.ostfalia.de\/index.php\/wp-json\/wp\/v2\/pages\/10333"}],"collection":[{"href":"https:\/\/komma.ostfalia.de\/index.php\/wp-json\/wp\/v2\/pages"}],"about":[{"href":"https:\/\/komma.ostfalia.de\/index.php\/wp-json\/wp\/v2\/types\/page"}],"author":[{"embeddable":true,"href":"https:\/\/komma.ostfalia.de\/index.php\/wp-json\/wp\/v2\/users\/17"}],"replies":[{"embeddable":true,"href":"https:\/\/komma.ostfalia.de\/index.php\/wp-json\/wp\/v2\/comments?post=10333"}],"version-history":[{"count":0,"href":"https:\/\/komma.ostfalia.de\/index.php\/wp-json\/wp\/v2\/pages\/10333\/revisions"}],"wp:attachment":[{"href":"https:\/\/komma.ostfalia.de\/index.php\/wp-json\/wp\/v2\/media?parent=10333"}],"curies":[{"name":"wp","href":"https:\/\/api.w.org\/{rel}","templated":true}]}}