{"id":10296,"date":"2022-04-07T08:33:17","date_gmt":"2022-04-07T06:33:17","guid":{"rendered":"https:\/\/komma.ostfalia.de\/?page_id=10296"},"modified":"2022-04-07T08:33:17","modified_gmt":"2022-04-07T06:33:17","slug":"kisch","status":"publish","type":"page","link":"https:\/\/komma.ostfalia.de\/index.php\/kisch\/","title":{"rendered":"Egon Erwin Kisch"},"content":{"rendered":"\t\t<div data-elementor-type=\"wp-page\" data-elementor-id=\"10296\" class=\"elementor elementor-10296\">\n\t\t\t\t\t\t<section class=\"elementor-section elementor-top-section elementor-element elementor-element-2b9c332 elementor-section-boxed elementor-section-height-default elementor-section-height-default\" data-id=\"2b9c332\" data-element_type=\"section\">\n\t\t\t\t\t\t<div class=\"elementor-container elementor-column-gap-default\">\n\t\t\t\t\t<div class=\"elementor-column elementor-col-50 elementor-top-column elementor-element elementor-element-e796bc1\" data-id=\"e796bc1\" data-element_type=\"column\">\n\t\t\t<div class=\"elementor-widget-wrap elementor-element-populated\">\n\t\t\t\t\t\t<div class=\"elementor-element elementor-element-b6d4b29 elementor-widget elementor-widget-text-editor\" data-id=\"b6d4b29\" data-element_type=\"widget\" data-widget_type=\"text-editor.default\">\n\t\t\t\t<div class=\"elementor-widget-container\">\n\t\t\t\t\t\t\t<p><b>Ansprechpartner:innen:<br \/><\/b>Prof. Dr. Harald Rau<br \/>Maja Bahrke (M.A.)<br \/>Viktoria Heyer (M.A.)<\/p><p><strong>Forschungsfeld:<br \/><\/strong>Gesellschaftliche Ver\u00e4nderungsperspektiven, Demokratief\u00f6rderung durch Journalismusgeschichte<\/p><p><strong>Zielgruppe:<\/strong><br \/>Historisch-, literarisch-, journalistisch-Interessierte, Wissenschaftler:innen verschiedener Disziplinen (u.a. Literaturwissenschaft, Medienwissenschaft, Kommunikationswissenschaft, Journalismus, Geschichte), Studierende und Sch\u00fcler:innen der Sekundarstufe II, Dozierende und Lehrkr\u00e4fte<\/p>\t\t\t\t\t\t<\/div>\n\t\t\t\t<\/div>\n\t\t\t\t\t<\/div>\n\t\t<\/div>\n\t\t\t\t<div class=\"elementor-column elementor-col-50 elementor-top-column elementor-element elementor-element-26df5fd\" data-id=\"26df5fd\" data-element_type=\"column\">\n\t\t\t<div class=\"elementor-widget-wrap elementor-element-populated\">\n\t\t\t\t\t\t<div class=\"elementor-element elementor-element-7bf7391 elementor-widget elementor-widget-text-editor\" data-id=\"7bf7391\" data-element_type=\"widget\" data-widget_type=\"text-editor.default\">\n\t\t\t\t<div class=\"elementor-widget-container\">\n\t\t\t\t\t\t\t<p>Kisch wird am 29. April 1885 in Prag geboren und stirbt dort am 31. M\u00e4rz 1948. Er ist Autor und Journalist. Nach ihm wurde nicht nur der Egon-Erwin-Kisch-Preis benannt, er gilt bis heute als der \u201eRasende Reporter\u201c. Seine umfangreichen Schriften dokumentieren, dass das \u201eRasende\u201c im Grunde nicht zu seinem Naturell z\u00e4hlt \u2013 Kisch ist vielmehr akribischer und sorgf\u00e4ltiger \u201eKonstrukteur\u201c eing\u00e4ngiger und bewegender Texte. In der Publizistik- und Kommunikationsgeschichte sind die Person Kisch und sein Werk bisher unterrepr\u00e4sentiert.<\/p><p>Die Ergebnisse der Masterarbeit von Maja Bahrke und Viktoria Heyer (\u201eDer Kisch-Code\u201c, 2019) zeigen differenziert, stets literatur- und faktenbasiert, dass Egon Erwin Kisch nicht nur Journalist war, sondern vor allem Schriftsteller und Chronist seiner Zeit; ein politischer Mensch, beliebt und umstritten. Sein Leben und seine Literatur lassen sich als ein eindr\u00fcckliches Zeitzeugnis verstehen. Beginnend mit dem Untergang der Donaumonarchie und Deutschem Kaiserreich, \u00fcber die Grausamkeit des Krieges und das Aufb\u00e4umen in Revolutionstagen erlebt Kisch den Aufstieg und Fall der Weimarer Republik, die Unmenschlichkeit des Dritten Reiches sowie die Flucht ins Exil. Vor diesem Hintergrund war es ihm (nicht nur als Person j\u00fcdischer Herkunft) unm\u00f6glich, unpolitisch zu sein \u2013 er erkannte und kritisierte die manipulative Haltung der Medien sowie die \u00dcbernahme eines antidemokratischen Beamtenapparats in Polizei, Justiz und Milit\u00e4r. Nur wer aus vielen Perspektiven schaut und bereit ist, sich auf die Person einzulassen, wird Egon Erwin Kisch gerecht.<\/p><p>Ausgehend von historischen Kontexten, will die Auseinandersetzung mit Egon Erwin Kisch auch zuk\u00fcnftig aktuelle Fragen er\u00f6rtern, die sich aus der Einschr\u00e4nkung des \u00f6ffentlichen Lebens, der Kritik an der Demokratie, der R\u00fcckkehr von autorit\u00e4rem Denken, einer R\u00fcckbesinnung auf den Nationalstaat und neue Formen von Hass und Gewalt sowie von wachsendem Antisemitismus ergeben. Um an die genannten Debatten anzukn\u00fcpfen, wird die wissenschaftlich gest\u00fctzte (Wieder-) Verf\u00fcgbarmachung der Werke Egon Erwin Kischs in Form einer wissenschaftlich-kritischen Edition vorangetrieben. Neben einer Printausgabe ist ein Online-Werkzeug f\u00fcr Forscher:innen geplant, das direkte Versionenvergleiche zul\u00e4sst. Au\u00dferdem ist ein multimedial aufbereitetes Arbeitsmittel f\u00fcr Sch\u00fcler:innen und Studierende zur Demokratiebildung in Arbeit. Darin geht es um unter anderem um die Fragen: \u201eInwiefern bildet Publizistik die Basis des demokratischen Systems?\u201c, \u201eWas ist aus den Jahren der Weimarer Republik zu lernen?\u201c, \u201eWie h\u00e4ngen Aktivismus und Journalismus zusammen?\u201c, \u201eWie kann Andersdenken in der Gesellschaft formuliert werden, welche Methoden und Mittel gibt es?\u201c.\u00a0<\/p>\t\t\t\t\t\t<\/div>\n\t\t\t\t<\/div>\n\t\t\t\t\t<\/div>\n\t\t<\/div>\n\t\t\t\t\t<\/div>\n\t\t<\/section>\n\t\t\t\t<\/div>\n\t\t","protected":false},"excerpt":{"rendered":"<p>Ansprechpartner:innen: Prof. Dr. Harald Rau Maja Bahrke (M.A.) Viktoria Heyer (M.A.) Forschungsfeld: Gesellschaftliche Ver\u00e4nderungsperspektiven, Demokratief\u00f6rderung durch Journalismusgeschichte Zielgruppe: Historisch-, literarisch-, journalistisch-Interessierte, Wissenschaftler:innen verschiedener Disziplinen (u.a. Literaturwissenschaft, Medienwissenschaft, Kommunikationswissenschaft, Journalismus, Geschichte), Studierende und Sch\u00fcler:innen der Sekundarstufe II, Dozierende und Lehrkr\u00e4fte Kisch wird am 29. April 1885 in Prag geboren und stirbt dort am 31. M\u00e4rz 1948. [&hellip;]<\/p>\n","protected":false},"author":17,"featured_media":0,"parent":0,"menu_order":0,"comment_status":"closed","ping_status":"closed","template":"","meta":{"_acf_changed":false,"footnotes":""},"acf":[],"yoast_head":"<title>Egon Erwin Kisch - KomMa<\/title>\n<meta name=\"robots\" content=\"index, follow, max-snippet:-1, max-image-preview:large, max-video-preview:-1\" \/>\n<link rel=\"canonical\" href=\"https:\/\/komma.ostfalia.de\/index.php\/kisch\/\" \/>\n<meta property=\"og:locale\" content=\"de_DE\" \/>\n<meta property=\"og:type\" content=\"article\" \/>\n<meta property=\"og:title\" content=\"Egon Erwin Kisch - KomMa\" \/>\n<meta property=\"og:description\" content=\"Ansprechpartner:innen: Prof. Dr. Harald Rau Maja Bahrke (M.A.) Viktoria Heyer (M.A.) Forschungsfeld: Gesellschaftliche Ver\u00e4nderungsperspektiven, Demokratief\u00f6rderung durch Journalismusgeschichte Zielgruppe: Historisch-, literarisch-, journalistisch-Interessierte, Wissenschaftler:innen verschiedener Disziplinen (u.a. Literaturwissenschaft, Medienwissenschaft, Kommunikationswissenschaft, Journalismus, Geschichte), Studierende und Sch\u00fcler:innen der Sekundarstufe II, Dozierende und Lehrkr\u00e4fte Kisch wird am 29. April 1885 in Prag geboren und stirbt dort am 31. M\u00e4rz 1948. [&hellip;]\" \/>\n<meta property=\"og:url\" content=\"https:\/\/komma.ostfalia.de\/index.php\/kisch\/\" \/>\n<meta property=\"og:site_name\" content=\"KomMa\" \/>\n<meta name=\"twitter:card\" content=\"summary_large_image\" \/>\n<meta name=\"twitter:site\" content=\"@komma_ostfalia\" \/>\n<meta name=\"twitter:label1\" content=\"Gesch\u00e4tzte Lesezeit\" \/>\n\t<meta name=\"twitter:data1\" content=\"3\u00a0Minuten\" \/>\n<script type=\"application\/ld+json\" class=\"yoast-schema-graph\">{\"@context\":\"https:\/\/schema.org\",\"@graph\":[{\"@type\":\"WebPage\",\"@id\":\"https:\/\/komma.ostfalia.de\/index.php\/kisch\/\",\"url\":\"https:\/\/komma.ostfalia.de\/index.php\/kisch\/\",\"name\":\"Egon Erwin Kisch - KomMa\",\"isPartOf\":{\"@id\":\"https:\/\/komma.ostfalia.de\/#website\"},\"datePublished\":\"2022-04-07T06:33:17+00:00\",\"dateModified\":\"2022-04-07T06:33:17+00:00\",\"breadcrumb\":{\"@id\":\"https:\/\/komma.ostfalia.de\/index.php\/kisch\/#breadcrumb\"},\"inLanguage\":\"de\",\"potentialAction\":[{\"@type\":\"ReadAction\",\"target\":[\"https:\/\/komma.ostfalia.de\/index.php\/kisch\/\"]}]},{\"@type\":\"BreadcrumbList\",\"@id\":\"https:\/\/komma.ostfalia.de\/index.php\/kisch\/#breadcrumb\",\"itemListElement\":[{\"@type\":\"ListItem\",\"position\":1,\"name\":\"Startseite\",\"item\":\"https:\/\/komma.ostfalia.de\/\"},{\"@type\":\"ListItem\",\"position\":2,\"name\":\"Egon Erwin Kisch\"}]},{\"@type\":\"WebSite\",\"@id\":\"https:\/\/komma.ostfalia.de\/#website\",\"url\":\"https:\/\/komma.ostfalia.de\/\",\"name\":\"KomMa\",\"description\":\"Professur f\u00fcr Kommunikationsmanagement\",\"publisher\":{\"@id\":\"https:\/\/komma.ostfalia.de\/#organization\"},\"potentialAction\":[{\"@type\":\"SearchAction\",\"target\":{\"@type\":\"EntryPoint\",\"urlTemplate\":\"https:\/\/komma.ostfalia.de\/?s={search_term_string}\"},\"query-input\":\"required name=search_term_string\"}],\"inLanguage\":\"de\"},{\"@type\":\"Organization\",\"@id\":\"https:\/\/komma.ostfalia.de\/#organization\",\"name\":\"KomMa - Professur f\u00fcr Kommunikationsmanagement\",\"url\":\"https:\/\/komma.ostfalia.de\/\",\"logo\":{\"@type\":\"ImageObject\",\"inLanguage\":\"de\",\"@id\":\"https:\/\/komma.ostfalia.de\/#\/schema\/logo\/image\/\",\"url\":\"https:\/\/komma.ostfalia.de\/wp-content\/uploads\/2020\/05\/komma-signet.png\",\"contentUrl\":\"https:\/\/komma.ostfalia.de\/wp-content\/uploads\/2020\/05\/komma-signet.png\",\"width\":512,\"height\":512,\"caption\":\"KomMa - Professur f\u00fcr Kommunikationsmanagement\"},\"image\":{\"@id\":\"https:\/\/komma.ostfalia.de\/#\/schema\/logo\/image\/\"},\"sameAs\":[\"https:\/\/twitter.com\/komma_ostfalia\"]}]}<\/script>","yoast_head_json":{"title":"Egon Erwin Kisch - KomMa","robots":{"index":"index","follow":"follow","max-snippet":"max-snippet:-1","max-image-preview":"max-image-preview:large","max-video-preview":"max-video-preview:-1"},"canonical":"https:\/\/komma.ostfalia.de\/index.php\/kisch\/","og_locale":"de_DE","og_type":"article","og_title":"Egon Erwin Kisch - KomMa","og_description":"Ansprechpartner:innen: Prof. Dr. Harald Rau Maja Bahrke (M.A.) Viktoria Heyer (M.A.) Forschungsfeld: Gesellschaftliche Ver\u00e4nderungsperspektiven, Demokratief\u00f6rderung durch Journalismusgeschichte Zielgruppe: Historisch-, literarisch-, journalistisch-Interessierte, Wissenschaftler:innen verschiedener Disziplinen (u.a. Literaturwissenschaft, Medienwissenschaft, Kommunikationswissenschaft, Journalismus, Geschichte), Studierende und Sch\u00fcler:innen der Sekundarstufe II, Dozierende und Lehrkr\u00e4fte Kisch wird am 29. April 1885 in Prag geboren und stirbt dort am 31. M\u00e4rz 1948. [&hellip;]","og_url":"https:\/\/komma.ostfalia.de\/index.php\/kisch\/","og_site_name":"KomMa","twitter_card":"summary_large_image","twitter_site":"@komma_ostfalia","twitter_misc":{"Gesch\u00e4tzte Lesezeit":"3\u00a0Minuten"},"schema":{"@context":"https:\/\/schema.org","@graph":[{"@type":"WebPage","@id":"https:\/\/komma.ostfalia.de\/index.php\/kisch\/","url":"https:\/\/komma.ostfalia.de\/index.php\/kisch\/","name":"Egon Erwin Kisch - KomMa","isPartOf":{"@id":"https:\/\/komma.ostfalia.de\/#website"},"datePublished":"2022-04-07T06:33:17+00:00","dateModified":"2022-04-07T06:33:17+00:00","breadcrumb":{"@id":"https:\/\/komma.ostfalia.de\/index.php\/kisch\/#breadcrumb"},"inLanguage":"de","potentialAction":[{"@type":"ReadAction","target":["https:\/\/komma.ostfalia.de\/index.php\/kisch\/"]}]},{"@type":"BreadcrumbList","@id":"https:\/\/komma.ostfalia.de\/index.php\/kisch\/#breadcrumb","itemListElement":[{"@type":"ListItem","position":1,"name":"Startseite","item":"https:\/\/komma.ostfalia.de\/"},{"@type":"ListItem","position":2,"name":"Egon Erwin Kisch"}]},{"@type":"WebSite","@id":"https:\/\/komma.ostfalia.de\/#website","url":"https:\/\/komma.ostfalia.de\/","name":"KomMa","description":"Professur f\u00fcr Kommunikationsmanagement","publisher":{"@id":"https:\/\/komma.ostfalia.de\/#organization"},"potentialAction":[{"@type":"SearchAction","target":{"@type":"EntryPoint","urlTemplate":"https:\/\/komma.ostfalia.de\/?s={search_term_string}"},"query-input":"required name=search_term_string"}],"inLanguage":"de"},{"@type":"Organization","@id":"https:\/\/komma.ostfalia.de\/#organization","name":"KomMa - Professur f\u00fcr Kommunikationsmanagement","url":"https:\/\/komma.ostfalia.de\/","logo":{"@type":"ImageObject","inLanguage":"de","@id":"https:\/\/komma.ostfalia.de\/#\/schema\/logo\/image\/","url":"https:\/\/komma.ostfalia.de\/wp-content\/uploads\/2020\/05\/komma-signet.png","contentUrl":"https:\/\/komma.ostfalia.de\/wp-content\/uploads\/2020\/05\/komma-signet.png","width":512,"height":512,"caption":"KomMa - Professur f\u00fcr Kommunikationsmanagement"},"image":{"@id":"https:\/\/komma.ostfalia.de\/#\/schema\/logo\/image\/"},"sameAs":["https:\/\/twitter.com\/komma_ostfalia"]}]}},"_links":{"self":[{"href":"https:\/\/komma.ostfalia.de\/index.php\/wp-json\/wp\/v2\/pages\/10296"}],"collection":[{"href":"https:\/\/komma.ostfalia.de\/index.php\/wp-json\/wp\/v2\/pages"}],"about":[{"href":"https:\/\/komma.ostfalia.de\/index.php\/wp-json\/wp\/v2\/types\/page"}],"author":[{"embeddable":true,"href":"https:\/\/komma.ostfalia.de\/index.php\/wp-json\/wp\/v2\/users\/17"}],"replies":[{"embeddable":true,"href":"https:\/\/komma.ostfalia.de\/index.php\/wp-json\/wp\/v2\/comments?post=10296"}],"version-history":[{"count":0,"href":"https:\/\/komma.ostfalia.de\/index.php\/wp-json\/wp\/v2\/pages\/10296\/revisions"}],"wp:attachment":[{"href":"https:\/\/komma.ostfalia.de\/index.php\/wp-json\/wp\/v2\/media?parent=10296"}],"curies":[{"name":"wp","href":"https:\/\/api.w.org\/{rel}","templated":true}]}}